{"id":315,"date":"2025-08-19T11:03:09","date_gmt":"2025-08-19T11:03:09","guid":{"rendered":"https:\/\/hortadamaria.com\/?post_type=product&#038;p=315"},"modified":"2026-04-17T10:08:01","modified_gmt":"2026-04-17T10:08:01","slug":"pera-general-leclerc-uni","status":"publish","type":"product","link":"https:\/\/hortadamaria.com\/en\/product\/pera-general-leclerc-uni\/","title":{"rendered":"General Leclerc Pear (Uni)"},"content":{"rendered":"<div>\n<h2 lang=\"pt-pt\" xml:lang=\"pt-pt\"><span style=\"color: #000000\"><span lang=\"pt-pt\" xml:lang=\"pt-pt\">Denomina\u00e7\u00e3o<\/span>\u00a0<\/span><\/h2>\n<\/div>\n<div>\n<p lang=\"pt-pt\" xml:lang=\"pt-pt\"><span style=\"color: #000000\">P\u00eara General Leclerc<\/span><\/p>\n<\/div>\n<p><span style=\"color: #000000\">A\u00a0<a style=\"color: #000000\" href=\"https:\/\/pt.petitchef.com\/receitas\/receita-com-pera\">p\u00eara\u00a0<\/a>\u00e9 uma\u00a0fruta saborosa,\u00a0suculenta\u00a0e cheia de\u00a0<a style=\"color: #000000\" href=\"https:\/\/pt.petitchef.com\/?obj=feed&amp;action=list&amp;q=vitaminas\">vitaminas\u00a0<\/a>e\u00a0minerais. Rica em\u00a0<a style=\"color: #000000\" href=\"https:\/\/pt.petitchef.com\/?obj=feed&amp;action=list&amp;q=fibras\">fibras<\/a>,\u00a0antioxidantes\u00a0e com elevado poder saciante, esta fruta \u00e9 quase que um\u00a0rem\u00e9dio caseiro\u00a0para v\u00e1rias doen\u00e7as e atua de forma a prevenir outras.<\/span><\/p>\n<p><span style=\"color: #000000\">Esta fruta deve ser\u00a0presen\u00e7a\u00a0constante na sua\u00a0fruteira, para poder\u00a0desfrutar\u00a0mais facilmente das suas\u00a0qualidades.<\/span><br \/>\n<span style=\"color: #000000\"><!-- [if !supportLineBreakNewLine]--><\/span><br \/>\n<span style=\"color: #000000\"><!--[endif]--><\/span><\/p>\n<h3>Beneficios da P\u00eara General Leclerc<\/h3>\n<p><strong><span style=\"color: #000000\">Fonte de Vitamina C<br \/>\n<\/span><\/strong><span style=\"color: #000000\">Com um valor razo\u00e1vel de\u00a0vitamina C, esta\u00a0fruta\u00a0vai ser uma aliada no\u00a0refor\u00e7o do sistema imunit\u00e1rio \/ imunol\u00f3gico. Esta vitamina vai ainda permitir que o corpo fique liberto de\u00a0radicais livres, tornando a\u00a0pele\u00a0mais\u00a0tonificada\u00a0e retardando os sinais de\u00a0envelhecimento. A\u00a0vitamina C\u00a0\u00e9 ainda parcialmente respons\u00e1vel pela\u00a0cicatriza\u00e7\u00e3o de tecidos, devendo ser ingerida com regularidade.<\/span><\/p>\n<p><strong><span style=\"color: #000000\">Fonte de Pot\u00e1ssio<br \/>\n<\/span><\/strong><span style=\"color: #000000\">Este\u00a0mineral\u00a0\u00e9\u00a0essencial\u00a0para uma\u00a0sa\u00fade cardiovascular\u00a0impec\u00e1vel, sendo que podemos obt\u00ea-lo comendo uma saborosa p\u00eara. A sua presen\u00e7a no nosso\u00a0organismo\u00a0vai fazer com que a press\u00e3o arterial seja mais f\u00e1cil de controlar. Vai ainda ajudar a\u00a0prevenir\u00a0os\u00a0acidentes vasculares cerebrais\u00a0(AVC).<\/span><\/p>\n<p><strong><span style=\"color: #000000\">Fonte de Ferro e Cobre<br \/>\n<\/span><\/strong><span style=\"color: #000000\">Aliando o\u00a0cobre\u00a0\u00e0 j\u00e1 falada\u00a0vitamina C, o sistema imunit\u00e1rio fica\u00a0mais forte. Mas esta\u00a0combina\u00e7\u00e3o de minerais\u00a0vai ter um papel importante na contagem dos\u00a0gl\u00f3bulos vermelhos. Esta fruta \u00e9 por isso indicada para pessoas que t\u00eam problemas de\u00a0anemia. Vai atuar ainda na\u00a0preven\u00e7\u00e3o da fadiga\u00a0e da\u00a0debilidade muscular.<\/span><\/p>\n<div>\n<h3 lang=\"pt-pt\" xml:lang=\"pt-pt\"><span style=\"color: #000000\"><span lang=\"pt-pt\" xml:lang=\"pt-pt\">Declara\u00e7\u00e3o Nutricional<\/span>\u00a0<\/span><\/h3>\n<\/div>\n<div>\n<table>\n<tbody>\n<tr>\n<th><span style=\"color: #000000\">Composi\u00e7\u00e3o\u00a0nutricional\u00a0(100g de parte ed\u00edvel)<\/span><\/th>\n<th><span style=\"color: #000000\">Pera<\/span><\/th>\n<\/tr>\n<tr>\n<td><span style=\"color: #000000\">Energia (kcal)<\/span><\/td>\n<td><span style=\"color: #000000\">47<\/span><\/td>\n<\/tr>\n<tr>\n<td><span style=\"color: #000000\">\u00c1gua (g)<\/span><\/td>\n<td><span style=\"color: #000000\">85,1<\/span><\/td>\n<\/tr>\n<tr>\n<td><span style=\"color: #000000\">Prote\u00ednas (g)<\/span><\/td>\n<td><span style=\"color: #000000\">0,3<\/span><\/td>\n<\/tr>\n<tr>\n<td><span style=\"color: #000000\">L\u00edpidos (g)<\/span><\/td>\n<td><span style=\"color: #000000\">0,4<\/span><\/td>\n<\/tr>\n<\/tbody>\n<\/table>\n<\/div>\n<div>\n<p lang=\"pt-pt\" xml:lang=\"pt-pt\"><span style=\"color: #000000\">\u00a0<\/span><\/p>\n<\/div>\n<div>\n<h3 lang=\"pt-pt\" xml:lang=\"pt-pt\"><span style=\"color: #000000\"><span lang=\"pt-pt\" xml:lang=\"pt-pt\">Condi\u00e7\u00f5es de Conserva\u00e7\u00e3o e \/ou\u00a0Utiliza\u00e7\u00e3o<\/span>\u00a0<\/span><\/h3>\n<\/div>\n<div>\n<p lang=\"pt-pt\" xml:lang=\"pt-pt\"><span style=\"color: #000000\"><span lang=\"pt-pt\" xml:lang=\"pt-pt\">Local seco e fresco<\/span>\u00a0<\/span><\/p>\n<\/div>\n<div>\n<p lang=\"pt-pt\" xml:lang=\"pt-pt\"><span style=\"color: #000000\">\u00a0<\/span><\/p>\n<\/div>\n<div>\n<h3 lang=\"pt-pt\" xml:lang=\"pt-pt\"><span style=\"color: #000000\"><span lang=\"pt-pt\" xml:lang=\"pt-pt\">Origem<\/span>\u00a0<\/span><\/h3>\n<\/div>\n<div>\n<p lang=\"pt-pt\" xml:lang=\"pt-pt\"><span style=\"color: #000000\"><span lang=\"pt-pt\" xml:lang=\"pt-pt\">Portugal<br \/>\n<\/span>\u00a0<\/span><\/p>\n<\/div>\n<p><span style=\"color: #000000\">Cr\u00e9ditos: Tua Saude<\/span><\/p>\n<p><span lang=\"es\" style=\"color: #000000\" xml:lang=\"es\">A Horta da Maria tem como miss\u00e3o ajudar as fam\u00edlias Portuguesas a melhorar a qualidade dos alimentos que consomem, sempre apoiados na filosofia de levar aos consumidores os melhores produtos nacionais, provenientes directamente dos produtores.<\/span><\/p>\n<p><span style=\"color: #000000\">As melhores frutas, vegetais, mercearias e cabazes entregues ao domicilio s\u00f3 mesmo com a Horta da Maria!<\/span><\/p>\n","protected":false},"excerpt":{"rendered":"<p>A unit weighing approximately 50g to 100g<\/p>","protected":false},"featured_media":15823,"template":"","meta":[],"product_brand":[],"product_cat":[22,24],"product_tag":[],"class_list":{"0":"post-315","1":"product","2":"type-product","3":"status-publish","4":"has-post-thumbnail","6":"product_cat-frutas","7":"product_cat-pomar","9":"first","10":"outofstock","11":"taxable","12":"shipping-taxable","13":"purchasable","14":"product-type-simple"},"aioseo_notices":[],"jetpack_sharing_enabled":true,"_links":{"self":[{"href":"https:\/\/hortadamaria.com\/en\/wp-json\/wp\/v2\/product\/315","targetHints":{"allow":["GET"]}}],"collection":[{"href":"https:\/\/hortadamaria.com\/en\/wp-json\/wp\/v2\/product"}],"about":[{"href":"https:\/\/hortadamaria.com\/en\/wp-json\/wp\/v2\/types\/product"}],"version-history":[{"count":1,"href":"https:\/\/hortadamaria.com\/en\/wp-json\/wp\/v2\/product\/315\/revisions"}],"predecessor-version":[{"id":15825,"href":"https:\/\/hortadamaria.com\/en\/wp-json\/wp\/v2\/product\/315\/revisions\/15825"}],"wp:featuredmedia":[{"embeddable":true,"href":"https:\/\/hortadamaria.com\/en\/wp-json\/wp\/v2\/media\/15823"}],"wp:attachment":[{"href":"https:\/\/hortadamaria.com\/en\/wp-json\/wp\/v2\/media?parent=315"}],"wp:term":[{"taxonomy":"product_brand","embeddable":true,"href":"https:\/\/hortadamaria.com\/en\/wp-json\/wp\/v2\/product_brand?post=315"},{"taxonomy":"product_cat","embeddable":true,"href":"https:\/\/hortadamaria.com\/en\/wp-json\/wp\/v2\/product_cat?post=315"},{"taxonomy":"product_tag","embeddable":true,"href":"https:\/\/hortadamaria.com\/en\/wp-json\/wp\/v2\/product_tag?post=315"}],"curies":[{"name":"wp","href":"https:\/\/api.w.org\/{rel}","templated":true}]}}