{"id":298,"date":"2025-08-19T11:03:08","date_gmt":"2025-08-19T11:03:08","guid":{"rendered":"https:\/\/hortadamaria.com\/?post_type=product&#038;p=298"},"modified":"2026-04-17T13:33:56","modified_gmt":"2026-04-17T13:33:56","slug":"diospiro-de-abrir-uni","status":"publish","type":"product","link":"https:\/\/hortadamaria.com\/en\/product\/diospiro-de-abrir-uni\/","title":{"rendered":"Open Persimmon (Uni)"},"content":{"rendered":"<h3 style=\"background: #FFFFFF;margin: 15pt 0cm 7.5pt 0cm\"><strong><span style=\"font-size: 14pt;font-family: Arial, sans-serif;color: #000000\">Di\u00f3spiro \u201cde abrir\u201d<\/span><\/strong><\/h3>\n<p style=\"background: #FFFFFF;margin: 0cm 0cm 22.5pt 0cm\"><span lang=\"es\" style=\"font-size: 14pt;font-family: Arial, sans-serif;color: #000000\" xml:lang=\"es\">Tem a polpa mole, \u00e9 avermelhado e \u00e9 nutricionalmente mais rico em taninos (antioxidantes).\u00a0O di\u00f3spiro de polpa mole poder\u00e1 ser cortado ao meio e consumido com uma colher.<\/span><\/p>\n<p class=\"MsoNormal\" style=\"margin-bottom: 22.5pt;line-height: 21pt;vertical-align: baseline\"><span style=\"font-size: 14pt;font-family: Arial, sans-serif;letter-spacing: -.15pt\">Extremamente nutritivo e excelente fonte de antioxidantes, o di\u00f3spiro traz benef\u00edcios para a sa\u00fade do cora\u00e7\u00e3o e para a redu\u00e7\u00e3o de inflama\u00e7\u00f5es. Entre as vantagens do seu consumo incluem-se:<\/span><\/p>\n<p class=\"MsoNormal\" style=\"margin-bottom: .0001pt;line-height: 21pt;vertical-align: baseline\"><span style=\"font-size: 14pt;font-family: Arial, sans-serif;letter-spacing: -.15pt\">Propriedades anti-inflamat\u00f3rias, anti-infeciosas e anti-hemorr\u00e1gicas, gra\u00e7as ao elevado teor de antioxidantes<br \/>\n<!--[endif]--><\/span><\/p>\n<p class=\"MsoNormal\" style=\"margin-bottom: .0001pt;line-height: 21pt;vertical-align: baseline\"><span style=\"font-size: 14pt;font-family: Arial, sans-serif;letter-spacing: -.15pt\">Contribui para uma boa sa\u00fade ocular, uma vez que cont\u00e9m antioxidantes que previnem a degenera\u00e7\u00e3o ocular, e \u00e9 tamb\u00e9m rico em Vitamina A<br \/>\n<!--[endif]--><\/span><\/p>\n<p class=\"MsoNormal\" style=\"margin-bottom: .0001pt;line-height: 21pt;vertical-align: baseline\"><span style=\"font-size: 14pt;font-family: Arial, sans-serif;letter-spacing: -.15pt\">Teor elevado de taninos, sobretudo nos di\u00f3spiros de polpa mole, sendo que estes polifen\u00f3is contribuem para a redu\u00e7\u00e3o do risco de alguns tipos de cancro e problemas cardiovasculares<\/span><\/p>\n<p class=\"MsoNormal\" style=\"margin-bottom: .0001pt;line-height: 21pt;vertical-align: baseline\"><span style=\"font-size: 14pt;font-family: Arial, sans-serif;letter-spacing: -.15pt\">Baixo teor de gordura, ainda que seja rico em a\u00e7\u00facares, o que o torna num fruto cal\u00f3rico<\/span><\/p>\n<p class=\"MsoNormal\" style=\"margin-bottom: .0001pt;line-height: 21pt;vertical-align: baseline\"><span style=\"font-size: 14pt;font-family: Arial, sans-serif;letter-spacing: -.15pt\">Rico em fibra, o que contribui para a redu\u00e7\u00e3o do colesterol \u201cmau\u201d, o LDL<br \/>\n<!--[endif]--><\/span><\/p>\n<p class=\"MsoNormal\" style=\"margin-bottom: .0001pt;line-height: 21pt;vertical-align: baseline\"><span style=\"font-size: 14pt;font-family: Arial, sans-serif;letter-spacing: -.15pt\">Ajuda na produ\u00e7\u00e3o de gl\u00f3bulos vermelhos devido \u00e0 quantidade de pot\u00e1ssio, magn\u00e9sio, cobre e f\u00f3sforo que cont\u00e9m.<\/span><\/p>\n<div class=\"OutlineElement Ltr BCX0 SCXW13575078\" style=\"margin: 0px;padding: 0px;clear: both;font-family: 'Segoe UI', 'Segoe UI Web', Arial, Verdana, sans-serif;font-size: 12px\">\n<h3 class=\"Paragraph BCX0 SCXW13575078\" lang=\"pt-pt\" style=\"margin: 0px;padding: 0px;vertical-align: baseline;background-color: transparent\" xml:lang=\"pt-pt\"><span class=\"TextRun BCX0 SCXW13575078\" lang=\"pt-pt\" style=\"margin: 0px;padding: 0px;font-weight: bold;font-size: 14pt;font-family: Arial, 'Arial_EmbeddedFont', 'Arial_MSFontService', sans-serif;line-height: 23.7417px\" xml:lang=\"pt-pt\"><span class=\"NormalTextRun BCX0 SCXW13575078\" style=\"margin: 0px;padding: 0px;background-color: inherit\">Declara\u00e7\u00e3o Nutricional<\/span><\/span><span class=\"EOP BCX0 SCXW13575078\" style=\"margin: 0px;padding: 0px;font-size: 14pt;line-height: 23.7417px;font-family: Arial, 'Arial_EmbeddedFont', 'Arial_MSFontService', sans-serif\">\u00a0<\/span><\/h3>\n<\/div>\n<div>118 calorias. 31g de hidratos de carbono. 1g de prote\u00edna. 0,3g de gordura.<\/div>\n<div class=\"OutlineElement Ltr BCX0 SCXW13575078\" style=\"margin: 0px;padding: 0px;clear: both;font-family: 'Segoe UI', 'Segoe UI Web', Arial, Verdana, sans-serif;font-size: 12px\">\n<p class=\"Paragraph BCX0 SCXW13575078\" lang=\"pt-pt\" style=\"margin: 0px;padding: 0px;vertical-align: baseline;background-color: transparent\" xml:lang=\"pt-pt\"><span class=\"EOP BCX0 SCXW13575078\" style=\"margin: 0px;padding: 0px;font-size: 13.5pt;line-height: 22.6625px;font-family: Arial, 'Arial_EmbeddedFont', 'Arial_MSFontService', sans-serif;color: #363636\">\u00a0<\/span><\/p>\n<\/div>\n<div class=\"OutlineElement Ltr BCX0 SCXW13575078\" style=\"margin: 0px;padding: 0px;clear: both;font-family: 'Segoe UI', 'Segoe UI Web', Arial, Verdana, sans-serif;font-size: 12px\"><span class=\"TextRun BCX0 SCXW13575078\" lang=\"pt-pt\" style=\"margin: 0px;padding: 0px;font-weight: bold;font-size: 14pt;font-family: Arial, 'Arial_EmbeddedFont', 'Arial_MSFontService', sans-serif;line-height: 23.7417px\" xml:lang=\"pt-pt\"><span class=\"NormalTextRun BCX0 SCXW13575078\" style=\"margin: 0px;padding: 0px;background-color: inherit\">Denomina\u00e7\u00e3o<\/span><\/span><span class=\"EOP BCX0 SCXW13575078\" style=\"margin: 0px;padding: 0px;font-size: 14pt;line-height: 23.7417px;font-family: Arial, 'Arial_EmbeddedFont', 'Arial_MSFontService', sans-serif\">\u00a0<\/span><\/div>\n<div class=\"OutlineElement Ltr BCX0 SCXW13575078\" style=\"margin: 0px;padding: 0px;clear: both\">\n<p class=\"Paragraph BCX0 SCXW13575078\" lang=\"pt-pt\" style=\"margin: 0px;padding: 0px;vertical-align: baseline;background-color: transparent\" xml:lang=\"pt-pt\"><span style=\"font-family: Arial, 'Arial_EmbeddedFont', 'Arial_MSFontService', sans-serif\"><span style=\"font-size: 18.6667px\">Di\u00f3spiro de Abrir<\/span><\/span><\/p>\n<p class=\"Paragraph BCX0 SCXW13575078\" lang=\"pt-pt\" style=\"margin: 0px;padding: 0px;vertical-align: baseline;background-color: transparent\" xml:lang=\"pt-pt\"><span style=\"font-family: Arial, 'Arial_EmbeddedFont', 'Arial_MSFontService', sans-serif;font-size: 14pt;background-color: transparent\">\u00a0<\/span><\/p>\n<\/div>\n<div class=\"OutlineElement Ltr BCX0 SCXW13575078\" style=\"margin: 0px;padding: 0px;clear: both;font-family: 'Segoe UI', 'Segoe UI Web', Arial, Verdana, sans-serif;font-size: 12px\">\n<h3 class=\"Paragraph BCX0 SCXW13575078\" lang=\"pt-pt\" style=\"margin: 0px;padding: 0px;vertical-align: baseline;background-color: transparent\" xml:lang=\"pt-pt\"><span class=\"TextRun BCX0 SCXW13575078\" lang=\"pt-pt\" style=\"margin: 0px;padding: 0px;font-weight: bold;font-size: 14pt;font-family: Arial, 'Arial_EmbeddedFont', 'Arial_MSFontService', sans-serif;line-height: 23.7417px\" xml:lang=\"pt-pt\"><span class=\"NormalTextRun BCX0 SCXW13575078\" style=\"margin: 0px;padding: 0px;background-color: inherit\">Condi\u00e7\u00f5es de Conserva\u00e7\u00e3o e \/ou\u00a0Utiliza\u00e7\u00e3o<\/span><\/span><span class=\"EOP BCX0 SCXW13575078\" style=\"margin: 0px;padding: 0px;font-size: 14pt;line-height: 23.7417px;font-family: Arial, 'Arial_EmbeddedFont', 'Arial_MSFontService', sans-serif\">\u00a0<\/span><\/h3>\n<\/div>\n<div class=\"OutlineElement Ltr BCX0 SCXW13575078\" style=\"margin: 0px;padding: 0px;clear: both;font-family: 'Segoe UI', 'Segoe UI Web', Arial, Verdana, sans-serif;font-size: 12px\">\n<p class=\"Paragraph BCX0 SCXW13575078\" lang=\"pt-pt\" style=\"margin: 0px;padding: 0px;vertical-align: baseline;background-color: transparent\" xml:lang=\"pt-pt\"><span class=\"TextRun BCX0 SCXW13575078\" lang=\"pt-pt\" style=\"margin: 0px;padding: 0px;color: #363636;font-size: 13.5pt;font-family: Arial, 'Arial_EmbeddedFont', 'Arial_MSFontService', sans-serif;line-height: 22.6625px\" xml:lang=\"pt-pt\"><span class=\"NormalTextRun BCX0 SCXW13575078\" style=\"margin: 0px;padding: 0px;background-color: inherit\">Local seco e fresco<\/span><\/span><span class=\"EOP BCX0 SCXW13575078\" style=\"margin: 0px;padding: 0px;font-size: 13.5pt;line-height: 22.6625px;font-family: Arial, 'Arial_EmbeddedFont', 'Arial_MSFontService', sans-serif;color: #363636\">\u00a0<\/span><\/p>\n<\/div>\n<div class=\"OutlineElement Ltr BCX0 SCXW13575078\" style=\"margin: 0px;padding: 0px;clear: both;font-family: 'Segoe UI', 'Segoe UI Web', Arial, Verdana, sans-serif;font-size: 12px\">\n<p class=\"Paragraph BCX0 SCXW13575078\" lang=\"pt-pt\" style=\"margin: 0px;padding: 0px;vertical-align: baseline;background-color: transparent\" xml:lang=\"pt-pt\"><span class=\"EOP BCX0 SCXW13575078\" style=\"margin: 0px;padding: 0px;font-size: 14pt;line-height: 23.7417px;font-family: Arial, 'Arial_EmbeddedFont', 'Arial_MSFontService', sans-serif\">\u00a0<\/span><\/p>\n<\/div>\n<div class=\"OutlineElement Ltr BCX0 SCXW13575078\" style=\"margin: 0px;padding: 0px;clear: both;font-family: 'Segoe UI', 'Segoe UI Web', Arial, Verdana, sans-serif;font-size: 12px\">\n<h3 class=\"Paragraph BCX0 SCXW13575078\" lang=\"pt-pt\" style=\"margin: 0px;padding: 0px;vertical-align: baseline;background-color: transparent\" xml:lang=\"pt-pt\"><span class=\"TextRun BCX0 SCXW13575078\" lang=\"pt-pt\" style=\"margin: 0px;padding: 0px;font-weight: bold;font-size: 14pt;font-family: Arial, 'Arial_EmbeddedFont', 'Arial_MSFontService', sans-serif;line-height: 23.7417px\" xml:lang=\"pt-pt\"><span class=\"NormalTextRun BCX0 SCXW13575078\" style=\"margin: 0px;padding: 0px;background-color: inherit\">Origem<\/span><\/span><span class=\"EOP BCX0 SCXW13575078\" style=\"margin: 0px;padding: 0px;font-size: 14pt;line-height: 23.7417px;font-family: Arial, 'Arial_EmbeddedFont', 'Arial_MSFontService', sans-serif\">\u00a0<\/span><\/h3>\n<\/div>\n<div class=\"OutlineElement Ltr BCX0 SCXW13575078\" style=\"margin: 0px;padding: 0px;clear: both;font-family: 'Segoe UI', 'Segoe UI Web', Arial, Verdana, sans-serif;font-size: 12px\">\n<p class=\"Paragraph BCX0 SCXW13575078\" lang=\"pt-pt\" style=\"margin: 0px;padding: 0px;vertical-align: baseline;background-color: transparent\" xml:lang=\"pt-pt\"><span class=\"TextRun BCX0 SCXW13575078\" lang=\"pt-pt\" style=\"margin: 0px;padding: 0px;font-size: 14pt;font-family: Arial, 'Arial_EmbeddedFont', 'Arial_MSFontService', sans-serif;line-height: 23.7417px\" xml:lang=\"pt-pt\"><span class=\"NormalTextRun BCX0 SCXW13575078\" style=\"margin: 0px;padding: 0px;background-color: inherit\">Portugal<\/span><\/span><span class=\"EOP BCX0 SCXW13575078\" style=\"margin: 0px;padding: 0px;font-size: 14pt;line-height: 23.7417px;font-family: Arial, 'Arial_EmbeddedFont', 'Arial_MSFontService', sans-serif\">\u00a0<\/span><\/p>\n<\/div>\n<p class=\"MsoNormal\" style=\"margin-bottom: 22.5pt;line-height: 21pt;vertical-align: baseline\"><span style=\"font-size: 14pt;font-family: Arial, sans-serif;letter-spacing: -.15pt\">Cr\u00e9ditos Medis<\/span><\/p>\n<p class=\"MsoNormal\" style=\"line-height: normal;background: #FFFFFF\"><span style=\"font-size: 14pt;font-family: Arial, sans-serif;color: #000000\">A horta da Maria tem como miss\u00e3o ajudar as fam\u00edlias Portuguesas a melhorar a qualidade dos alimentos que consomem, sempre apoiados na filosof\u00eda de levar aos consumidores os melhores produtos nacionais, provenientes diretamente dos produtores.<\/span><\/p>\n<p class=\"MsoNormal\" style=\"line-height: normal;background: #FFFFFF\"><span style=\"font-size: 14pt;font-family: Arial, sans-serif;color: #000000\">As melhores frutas, vegetais, mercearias e cabazes entregues ao domic\u00edlio s\u00f3 mesmo com a Horta da Maria!<\/span><\/p>\n","protected":false},"excerpt":{"rendered":"<p><span style=\"font-family: Montserrat, sans-serif;font-size: 13px;text-align: center\">A unit weighing approximately 150g to 250g<\/span><\/p>","protected":false},"featured_media":15892,"template":"","meta":[],"product_brand":[],"product_cat":[23,22,24],"product_tag":[],"class_list":{"0":"post-298","1":"product","2":"type-product","3":"status-publish","4":"has-post-thumbnail","6":"product_cat-da-temporada","7":"product_cat-frutas","8":"product_cat-pomar","10":"first","11":"outofstock","12":"taxable","13":"shipping-taxable","14":"purchasable","15":"product-type-simple"},"aioseo_notices":[],"jetpack_sharing_enabled":true,"_links":{"self":[{"href":"https:\/\/hortadamaria.com\/en\/wp-json\/wp\/v2\/product\/298","targetHints":{"allow":["GET"]}}],"collection":[{"href":"https:\/\/hortadamaria.com\/en\/wp-json\/wp\/v2\/product"}],"about":[{"href":"https:\/\/hortadamaria.com\/en\/wp-json\/wp\/v2\/types\/product"}],"version-history":[{"count":1,"href":"https:\/\/hortadamaria.com\/en\/wp-json\/wp\/v2\/product\/298\/revisions"}],"predecessor-version":[{"id":15894,"href":"https:\/\/hortadamaria.com\/en\/wp-json\/wp\/v2\/product\/298\/revisions\/15894"}],"wp:featuredmedia":[{"embeddable":true,"href":"https:\/\/hortadamaria.com\/en\/wp-json\/wp\/v2\/media\/15892"}],"wp:attachment":[{"href":"https:\/\/hortadamaria.com\/en\/wp-json\/wp\/v2\/media?parent=298"}],"wp:term":[{"taxonomy":"product_brand","embeddable":true,"href":"https:\/\/hortadamaria.com\/en\/wp-json\/wp\/v2\/product_brand?post=298"},{"taxonomy":"product_cat","embeddable":true,"href":"https:\/\/hortadamaria.com\/en\/wp-json\/wp\/v2\/product_cat?post=298"},{"taxonomy":"product_tag","embeddable":true,"href":"https:\/\/hortadamaria.com\/en\/wp-json\/wp\/v2\/product_tag?post=298"}],"curies":[{"name":"wp","href":"https:\/\/api.w.org\/{rel}","templated":true}]}}