{"id":2086,"date":"2025-08-19T11:17:57","date_gmt":"2025-08-19T11:17:57","guid":{"rendered":"https:\/\/hortadamaria.com\/?post_type=product&#038;p=2086"},"modified":"2025-10-31T12:00:56","modified_gmt":"2025-10-31T12:00:56","slug":"granola-de-chocolate-250g","status":"publish","type":"product","link":"https:\/\/hortadamaria.com\/en\/product\/granola-de-chocolate-250g\/","title":{"rendered":"Chocolate Granola (250g)"},"content":{"rendered":"<p>Granola de Chocolate<\/p>\n<p><strong>Descri\u00e7\u00e3o do produto<\/strong><br \/>\nMistura com 48% de cereais integrais crocantes com peda\u00e7os de<br \/>\nchocolate e coco, enriquecida com vitaminas e sais minerais.<br \/>\nApresenta\u00e7\u00e3o em embalagem de 350 g.<\/p>\n<p><strong>Ingredientes<\/strong><\/p>\n<ul>\n<li>Flocos de aveia integral<\/li>\n<li>peda\u00e7os de chocolate negro [(pasta de cacau,manteiga de cacau, emulsionante: lecitinas (girassol)] (13%)<\/li>\n<li>a\u00e7\u00facar;<br \/>\n\u00f3leo de palma; farinha de trigo; coco desidratado ralado (5%); cereais<br \/>\nextrudidos (farinha de trigo, farinha de arroz, a\u00e7\u00facar, dextrose, \u00f3leo de<br \/>\npalma, farinha maltada de trigo, farinha maltada de cevada, sal); xarope<br \/>\nde glucose-frutose; sal; complexo de vitaminas; xarope de caramelo;<br \/>\naroma natural; difosfato f\u00e9rrico; canela.<\/li>\n<\/ul>\n<h3><strong>Informa\u00e7\u00e3o Nutricional<\/strong><\/h3>\n<ul>\n<li>Valores m\u00e9dios por 100 g<\/li>\n<li>Energia 1971 kJ\/470 kcal<\/li>\n<li>L\u00edpidos 19,7 g<\/li>\n<li>dos quais saturados 10,4 g<\/li>\n<li>Hidratos de carbono 60,1 g<\/li>\n<li>dos quais a\u00e7\u00facares 22,2 g<\/li>\n<li>Fibra 7,4 g<\/li>\n<li>Prote\u00ednas 9,4 g<\/li>\n<li>Sal 0,24 g<\/li>\n<li>Vitaminas e Sais Minerais<\/li>\n<li>Tiamina (Vit.B1) 1,1 mg (100%*)<\/li>\n<li>Riboflavina (Vit.B2) 1,4 mg (100%*)<\/li>\n<li>Niacina (Vit. B3) 16 mg (100%*)<\/li>\n<li>\u00c1cido pantit\u00e9nico (Vit.B5) 6 mg (100%*)<\/li>\n<li>Vitamina B6 1,4 mg (100%*)<\/li>\n<li>Vitamina B12 2,5 \u00b5g (100%*)<\/li>\n<li>Vitamina E 12 mg (100%*)<\/li>\n<li>\u00c1cido F\u00f3lico 200 \u00b5g (100%*)<\/li>\n<li>Ferro 7 mg (50%*)<br \/>\n*VRN \u2013 Valor de Refer\u00eancia do Nutriente.<\/li>\n<\/ul>\n<p><strong>Alerg\u00e9nios<\/strong><br \/>\n<strong>1-Ingrediente 2-Contamina\u00e7\u00e3o cruzada<\/strong><br \/>\nGl\u00faten Sim \u2013<br \/>\nSoja N\u00e3o Sim<\/p>\n<p>Sementes de s\u00e9samo N\u00e3o Sim<br \/>\nLeite N\u00e3o Sim<br \/>\nOvo N\u00e3o N\u00e3o<br \/>\nFrutos de casca rija N\u00e3o Sim<br \/>\nCrust\u00e1ceos N\u00e3o N\u00e3o<br \/>\nAipo N\u00e3o N\u00e3o<br \/>\nAmendoim N\u00e3o Sim<br \/>\nMostarda N\u00e3o N\u00e3o<br \/>\nPeixes N\u00e3o N\u00e3o<br \/>\nDi\u00f3xido de enxofre e sulfitos N\u00e3o N\u00e3o<br \/>\nTremo\u00e7o N\u00e3o N\u00e3o<br \/>\nMoluscos N\u00e3o N\u00e3o<\/p>\n<p><strong>Caracter\u00edsticas f\u00edsico-qu\u00edmicas<\/strong><br \/>\nPar\u00e2metro Valor M\u00e1ximo<br \/>\nHumidade 7%<br \/>\nCaracter\u00edsticas microbiol\u00f3gicas<br \/>\nPar\u00e2metro Valor M\u00e1ximo<br \/>\nContagem microrganismos totais 104 ufc\/g<br \/>\nBolores e Leveduras 104 ufc\/g<br \/>\nEscherichia coli 10 ufc\/g<br \/>\nSalmonella spp. Aus\u00eancia em 25 g<br \/>\nBacillus cereus 102 ufc\/g<\/p>\n<p><strong>Acondicionamento\/Embalagem<\/strong><br \/>\nO material em contacto com o produto \u00e9 inerte e in\u00f3cuo em rela\u00e7\u00e3o ao conte\u00fado e garante uma adequada<br \/>\nconserva\u00e7\u00e3o, obedecendo a legisla\u00e7\u00e3o espec\u00edfica aplic\u00e1vel ao n\u00edvel da compatibilidade alimentar.<\/p>\n<p><strong>Condi\u00e7\u00f5es de conserva\u00e7\u00e3o<\/strong><br \/>\nConservar em local fresco e seco, ao abrigo da luz e do calor.<br \/>\nDepois de aberto, manter num recipiente bem fechado.<\/p>\n<p><strong>Origem:<\/strong> UE<\/p>\n","protected":false},"excerpt":{"rendered":"<p>Approximate quantity: 250g<\/p>","protected":false},"featured_media":2147,"template":"","meta":[],"product_brand":[],"product_cat":[41],"product_tag":[],"class_list":{"0":"post-2086","1":"product","2":"type-product","3":"status-publish","4":"has-post-thumbnail","6":"product_cat-cereais-e-sementes","8":"first","9":"instock","10":"taxable","11":"shipping-taxable","12":"purchasable","13":"product-type-simple"},"aioseo_notices":[],"jetpack_sharing_enabled":true,"_links":{"self":[{"href":"https:\/\/hortadamaria.com\/en\/wp-json\/wp\/v2\/product\/2086","targetHints":{"allow":["GET"]}}],"collection":[{"href":"https:\/\/hortadamaria.com\/en\/wp-json\/wp\/v2\/product"}],"about":[{"href":"https:\/\/hortadamaria.com\/en\/wp-json\/wp\/v2\/types\/product"}],"version-history":[{"count":0,"href":"https:\/\/hortadamaria.com\/en\/wp-json\/wp\/v2\/product\/2086\/revisions"}],"wp:featuredmedia":[{"embeddable":true,"href":"https:\/\/hortadamaria.com\/en\/wp-json\/wp\/v2\/media\/2147"}],"wp:attachment":[{"href":"https:\/\/hortadamaria.com\/en\/wp-json\/wp\/v2\/media?parent=2086"}],"wp:term":[{"taxonomy":"product_brand","embeddable":true,"href":"https:\/\/hortadamaria.com\/en\/wp-json\/wp\/v2\/product_brand?post=2086"},{"taxonomy":"product_cat","embeddable":true,"href":"https:\/\/hortadamaria.com\/en\/wp-json\/wp\/v2\/product_cat?post=2086"},{"taxonomy":"product_tag","embeddable":true,"href":"https:\/\/hortadamaria.com\/en\/wp-json\/wp\/v2\/product_tag?post=2086"}],"curies":[{"name":"wp","href":"https:\/\/api.w.org\/{rel}","templated":true}]}}