{"id":1813,"date":"2025-08-19T11:14:12","date_gmt":"2025-08-19T11:14:12","guid":{"rendered":"https:\/\/hortadamaria.com\/?post_type=product&#038;p=1813"},"modified":"2025-08-19T11:14:59","modified_gmt":"2025-08-19T11:14:59","slug":"areados-de-canela-300g","status":"publish","type":"product","link":"https:\/\/hortadamaria.com\/en\/product\/areados-de-canela-300g\/","title":{"rendered":"Cinnamon Sands (300g)"},"content":{"rendered":"<h3><strong>Denomina\u00e7\u00e3o<\/strong><\/h3>\n<p>Areados de canela<\/p>\n<h3><strong><span class=\"fontstyle3\">Ingredientes<\/span><\/strong><\/h3>\n<p><span class=\"fontstyle3\">Farinha de <\/span><span class=\"fontstyle0\">TRIGO<\/span><span class=\"fontstyle3\">, a\u00e7\u00facar,\u00a0<\/span><span class=\"fontstyle0\">OVOS\u00a0<\/span><span class=\"fontstyle3\">pasteurizados, margarina vegetal [\u00f3leos e gorduras vegetais simples (\u00f3leo de palma e seus derivados e \u00f3leo de girassol e\/ou \u00f3leo de\u00a0<\/span><span class=\"fontstyle0\">SOJA<\/span><span class=\"fontstyle3\">), \u00e1gua, sal, emulsionantes (mono-diglic\u00e9ridos e lecitina de\u00a0<\/span><span class=\"fontstyle0\">SOJA<\/span><span class=\"fontstyle3\">), aromas, corante org\u00e2nico natural (beta-caroteno), antioxidante: extracto natural rico em tocoferois e palmitato de ascorbilo e regulador de acidez (\u00e1cido c\u00edtrico)], canela em p\u00f3 (4%), lim\u00e3o, levedante (bicarbonato de s\u00f3dio e difosfato de s\u00f3dio), preparado [sacarose e edulcorante (sorbitol)], conservantes (sorbato de pot\u00e1ssio).<\/span><\/p>\n<h3><strong>Declara\u00e7\u00e3o Nutricional\u00a0<\/strong><\/h3>\n<p>Ver no r\u00f3tulo.<\/p>\n<h3><strong>Condi\u00e7\u00f5es de Conserva\u00e7\u00e3o e \/ou Utiliza\u00e7\u00e3o<\/strong><\/h3>\n<p>Conservar num lugar fresco e seco.<\/p>\n<h3><strong>Origem<\/strong><\/h3>\n<p>Portugal<\/p>\n<p>A Horta da Maria tem como miss\u00e3o ajudar as fam\u00edlias Portuguesas a melhorar a qualidade dos alimentos que consomem, sempre apoiados na filosofia de levar aos consumidores os melhores produtos nacionais, provenientes diretamente dos produtores.<\/p>\n<p>As melhores frutas, vegetais, mercearias e cabazes entregues ao domic\u00edlio s\u00f3 mesmo com a Horta da Maria!<\/p>\n","protected":false},"excerpt":{"rendered":"<p>Approximate value: 300g<\/p>\n<p>&nbsp;<\/p>\n<p>&nbsp;<\/p>","protected":false},"featured_media":1867,"template":"","meta":[],"product_brand":[],"product_cat":[49],"product_tag":[],"class_list":{"0":"post-1813","1":"product","2":"type-product","3":"status-publish","4":"has-post-thumbnail","6":"product_cat-biscuits-e-bombons","8":"first","9":"outofstock","10":"taxable","11":"shipping-taxable","12":"purchasable","13":"product-type-simple"},"aioseo_notices":[],"jetpack_sharing_enabled":true,"_links":{"self":[{"href":"https:\/\/hortadamaria.com\/en\/wp-json\/wp\/v2\/product\/1813","targetHints":{"allow":["GET"]}}],"collection":[{"href":"https:\/\/hortadamaria.com\/en\/wp-json\/wp\/v2\/product"}],"about":[{"href":"https:\/\/hortadamaria.com\/en\/wp-json\/wp\/v2\/types\/product"}],"version-history":[{"count":0,"href":"https:\/\/hortadamaria.com\/en\/wp-json\/wp\/v2\/product\/1813\/revisions"}],"wp:featuredmedia":[{"embeddable":true,"href":"https:\/\/hortadamaria.com\/en\/wp-json\/wp\/v2\/media\/1867"}],"wp:attachment":[{"href":"https:\/\/hortadamaria.com\/en\/wp-json\/wp\/v2\/media?parent=1813"}],"wp:term":[{"taxonomy":"product_brand","embeddable":true,"href":"https:\/\/hortadamaria.com\/en\/wp-json\/wp\/v2\/product_brand?post=1813"},{"taxonomy":"product_cat","embeddable":true,"href":"https:\/\/hortadamaria.com\/en\/wp-json\/wp\/v2\/product_cat?post=1813"},{"taxonomy":"product_tag","embeddable":true,"href":"https:\/\/hortadamaria.com\/en\/wp-json\/wp\/v2\/product_tag?post=1813"}],"curies":[{"name":"wp","href":"https:\/\/api.w.org\/{rel}","templated":true}]}}