{"id":1689,"date":"2025-08-19T11:13:05","date_gmt":"2025-08-19T11:13:05","guid":{"rendered":"https:\/\/hortadamaria.com\/?post_type=product&#038;p=1689"},"modified":"2025-08-19T11:13:44","modified_gmt":"2025-08-19T11:13:44","slug":"sementes-quinoa-real250g","status":"publish","type":"product","link":"https:\/\/hortadamaria.com\/en\/product\/sementes-quinoa-real250g\/","title":{"rendered":"Royal Quinoa Seeds (250g)"},"content":{"rendered":"<p><strong>Name:<\/strong> QUINOA<\/p>\n<p><strong>Health Benefits:<\/strong><\/p>\n<p><strong>Rich in fiber<\/strong>Fiber is satiating and essential for proper intestinal transit. It also acts as a chelator of substances such as cholesterol, reducing its absorption and allowing for better blood glucose control by delaying carbohydrate absorption.<\/p>\n<p><strong>\u00a0\u00a0\u00a0 Rich in iron<\/strong>, which plays a crucial role in brain function, the immune system and the transport of oxygen to cells;<\/p>\n<p><strong>\u00a0\u00a0\u00a0 Rich in phosphorus<\/strong>, essential for the formation of strong muscles and bones;<\/p>\n<p><strong> Rich in zinc<\/strong> \u2013 important for the immune system;<\/p>\n<p><strong> Rich in calcium<\/strong> \u2013 essential for the formation of bones and teeth;<\/p>\n<p><strong>\u00a0\u00a0 Rich in magnesium<\/strong> \u2013 crucial in anti-inflammatory processes;<\/p>\n<p><strong> Rich in vitamin B2 (riboflavin)<\/strong> \u2013 acts as an antioxidant, preventing the destruction of cells by unstable molecules known as free radicals.<\/p>\n<p><strong>Ingredients:<\/strong> Quinoa seeds. May contain allergens handled in the production facility: cereals containing gluten, soy, milk, lactose, and tree nuts.<\/p>\n<p><strong>Nutritional Declaration:<\/strong> Energy value: 340Kcal; Fat: 5.6g; Of which saturated: 0.3g; Carbohydrates: 57g; Of which sugars: 5g; Fiber: 2.8g; Protein: 14g; Salt: 0.01g<\/p>\n<p><strong>Conditions of Conservation and\/or Use:<\/strong><\/p>\n<p>Store in a cool, dry place.<\/p>\n<p>Horta da Maria&#039;s mission is to help Portuguese families improve the quality of the food they consume, always supported by the philosophy of bringing consumers the best national products, sourced directly from the producers.<\/p>\n<p>The best fruits, vegetables, groceries and baskets delivered to your home only with Horta da Maria!<\/p>\n<p style=\"font-weight: normal; font-style: normal; vertical-align: baseline; background-color: transparent; text-align: left; margin-left: 0px; margin-right: 0px; padding-left: 0px; padding-right: 0px; text-indent: 0px;\"><span style=\"font-size: 13.5pt; line-height: 22.6625px; font-family: Arial, 'Arial_EmbeddedFont', 'Arial_MSFontService', sans-serif;\">\u00a0<\/span><\/p>","protected":false},"excerpt":{"rendered":"<p>Denomina\u00e7\u00e3o: QUINOA Benef\u00edcios para a Sa\u00fade: Rica em fibra. As fibras s\u00e3o saciantes e fundamentais para o bom funcionamento do tr\u00e2nsito intestinal. Funcionam ainda como quelantes de subst\u00e2ncias como o colesterol, diminuindo a sua absor\u00e7\u00e3o e permitem um melhor controlo da glicemia, atrasando a absor\u00e7\u00e3o dos hidratos de carbono; \u00a0\u00a0\u00a0 Rica em ferro, que assume [&hellip;]<\/p>\n","protected":false},"featured_media":1766,"template":"","meta":[],"product_brand":[],"product_cat":[41],"product_tag":[],"class_list":{"0":"post-1689","1":"product","2":"type-product","3":"status-publish","4":"has-post-thumbnail","6":"product_cat-cereais-e-sementes","8":"first","9":"instock","10":"taxable","11":"shipping-taxable","12":"purchasable","13":"product-type-simple"},"aioseo_notices":[],"jetpack_sharing_enabled":true,"_links":{"self":[{"href":"https:\/\/hortadamaria.com\/en\/wp-json\/wp\/v2\/product\/1689","targetHints":{"allow":["GET"]}}],"collection":[{"href":"https:\/\/hortadamaria.com\/en\/wp-json\/wp\/v2\/product"}],"about":[{"href":"https:\/\/hortadamaria.com\/en\/wp-json\/wp\/v2\/types\/product"}],"version-history":[{"count":0,"href":"https:\/\/hortadamaria.com\/en\/wp-json\/wp\/v2\/product\/1689\/revisions"}],"wp:featuredmedia":[{"embeddable":true,"href":"https:\/\/hortadamaria.com\/en\/wp-json\/wp\/v2\/media\/1766"}],"wp:attachment":[{"href":"https:\/\/hortadamaria.com\/en\/wp-json\/wp\/v2\/media?parent=1689"}],"wp:term":[{"taxonomy":"product_brand","embeddable":true,"href":"https:\/\/hortadamaria.com\/en\/wp-json\/wp\/v2\/product_brand?post=1689"},{"taxonomy":"product_cat","embeddable":true,"href":"https:\/\/hortadamaria.com\/en\/wp-json\/wp\/v2\/product_cat?post=1689"},{"taxonomy":"product_tag","embeddable":true,"href":"https:\/\/hortadamaria.com\/en\/wp-json\/wp\/v2\/product_tag?post=1689"}],"curies":[{"name":"wp","href":"https:\/\/api.w.org\/{rel}","templated":true}]}}