{"id":1684,"date":"2025-08-19T11:13:05","date_gmt":"2025-08-19T11:13:05","guid":{"rendered":"https:\/\/hortadamaria.com\/?post_type=product&#038;p=1684"},"modified":"2025-08-19T11:13:37","modified_gmt":"2025-08-19T11:13:37","slug":"sementes-linhaca-250g","status":"publish","type":"product","link":"https:\/\/hortadamaria.com\/en\/product\/sementes-linhaca-250g\/","title":{"rendered":"Flax Seeds (250g)"},"content":{"rendered":"<p style=\"margin-top: 0px; font-size: 18px; line-height: 20px; font-family: Arial;\"><b>\u00c9 rica em fibra<\/b><\/p>\n<p style=\"margin-top: 0px; font-size: 18px; line-height: 20px; font-family: Arial;\">Cada colher de sopa de linha\u00e7a tem 8g de fibra (mais do dobro do que cont\u00e9m um kiwi), com v\u00e1rios benef\u00edcios para a sa\u00fade:<\/p>\n<p style=\"margin-top: 0px; font-size: 18px; line-height: 20px; font-family: Arial;\">Regula o tr\u00e2nsito intestinal, prevenindo a obstipa\u00e7\u00e3o<\/p>\n<p style=\"margin-top: 0px; font-size: 18px; line-height: 20px; font-family: Arial;\">Tem um efeito saciante, favorecendo a manuten\u00e7\u00e3o de um peso adequado<\/p>\n<p style=\"margin-top: 0px; font-size: 18px; line-height: 20px; font-family: Arial;\">Reduz os n\u00edveis de colesterol<\/p>\n<p style=\"margin-top: 0px; font-size: 18px; line-height: 20px; font-family: Arial;\">Ajuda a controlar os n\u00edveis de a\u00e7\u00facar no sangue<\/p>\n<p style=\"margin-top: 0px; font-size: 18px; line-height: 20px; font-family: Arial;\">Entre outros benef\u00edcios<\/p>\n<p style=\"margin-top: 0px; font-size: 18px; line-height: 20px; font-family: Arial;\"><b>Favorece um cora\u00e7\u00e3o saud\u00e1vel<\/b><\/p>\n<p style=\"margin-top: 0px; font-size: 18px; line-height: 20px; font-family: Arial;\">Um dos benef\u00edcios da linha\u00e7a \u00e9 a sua riqueza em gorduras \u00f3mega-3, cujo papel na redu\u00e7\u00e3o dos n\u00edveis de colesterol e triglic\u00e9ridos e efeito protetor contra doen\u00e7as cardiovasculares \u00e9 reconhecido cientificamente.<\/p>\n<p style=\"margin-top: 0px; font-size: 18px; line-height: 20px; font-family: Arial;\"><b>\u00c9 uma aliada na menopausa<\/b><\/p>\n<p style=\"margin-top: 0px; font-size: 18px; line-height: 20px; font-family: Arial;\">A linha\u00e7a cont\u00e9m lignanos, compostos vegetais que, segundo a ci\u00eancia, atuam como uma forma fraca de estrog\u00e9nios. Um estudo publicado na revista da Society for Integrative Oncology defende que a ingest\u00e3o di\u00e1ria de linha\u00e7a ajuda a reduzir a frequ\u00eancia e a intensidade dos afrontamentos caracter\u00edsticos da menopausa.<\/p>\n<p style=\"margin-top: 0px; font-size: 18px; line-height: 20px; font-family: Arial;\"><b>Pode reduzir o risco de cancro<\/b><\/p>\n<p style=\"margin-top: 0px; font-size: 18px; line-height: 20px; font-family: Arial;\">Gra\u00e7as ao seu teor de \u00e1cidos gordos \u00f3mega-3, a linha\u00e7a pode travar o desenvolvimento e crescimento de c\u00e9lulas cancer\u00edgenas, protegendo contra v\u00e1rios tipos de cancro.<\/p>\n<p><b>Valores nutricionais<\/b><b>\u00a0<\/b><\/p>\n<p>Valores nutricionais m\u00e9dios por 100 g: Energia: 2582 kJ \/ 623 kcal; l\u00edpidos: 42,2 g, dos quais saturados: 3,7 g; hidratos de carbono: 28,9 g, dos quais a\u00e7\u00facares: 1,6 g; fibra: 27,3 g; prote\u00ednas: 18,3 g; sal: 0,03 g<\/p>\n<p><b>Ingredientes<\/b><\/p>\n<p>Sultanas (uvas, \u00f3leo vegetal n\u00e3o hidrogenado), Flocos de Aveia integral (27,7%), Flocos Trigo integral tostados (14,8%) (trigo, a\u00e7\u00facar, sal, malte de cevada e emulsionantes (mono e\u00a0diglic\u00e9ridos\u00a0de \u00e1cidos gordos), Flocos de Cevada integral tostados (14,8%) (cevada, a\u00e7\u00facar, sal, malte de cevada, emulsionantes [mono e\u00a0diglic\u00e9ridos\u00a0de \u00e1cidos gordos]) e Sementes de Girassol (14,8%).<\/p>\n<p><b>Denomina\u00e7\u00e3o\u00a0<\/b><\/p>\n<p>Sementes de Linha\u00e7a<\/p>\n<p><b>Conserva\u00e7\u00e3o\u00a0<\/b><\/p>\n<p>Conservar em local seco e fresco, e proteger da luz. Manter a embalagem fechada ap\u00f3s cada utiliza\u00e7\u00e3o.<\/p>\n","protected":false},"excerpt":{"rendered":"<p>Approximate quantity: 250g<\/p>","protected":false},"featured_media":1754,"template":"","meta":[],"product_brand":[],"product_cat":[41,25],"product_tag":[],"class_list":{"0":"post-1684","1":"product","2":"type-product","3":"status-publish","4":"has-post-thumbnail","6":"product_cat-cereais-e-sementes","7":"product_cat-mercearias","9":"first","10":"outofstock","11":"taxable","12":"shipping-taxable","13":"purchasable","14":"product-type-simple"},"aioseo_notices":[],"jetpack_sharing_enabled":true,"_links":{"self":[{"href":"https:\/\/hortadamaria.com\/en\/wp-json\/wp\/v2\/product\/1684","targetHints":{"allow":["GET"]}}],"collection":[{"href":"https:\/\/hortadamaria.com\/en\/wp-json\/wp\/v2\/product"}],"about":[{"href":"https:\/\/hortadamaria.com\/en\/wp-json\/wp\/v2\/types\/product"}],"version-history":[{"count":0,"href":"https:\/\/hortadamaria.com\/en\/wp-json\/wp\/v2\/product\/1684\/revisions"}],"wp:featuredmedia":[{"embeddable":true,"href":"https:\/\/hortadamaria.com\/en\/wp-json\/wp\/v2\/media\/1754"}],"wp:attachment":[{"href":"https:\/\/hortadamaria.com\/en\/wp-json\/wp\/v2\/media?parent=1684"}],"wp:term":[{"taxonomy":"product_brand","embeddable":true,"href":"https:\/\/hortadamaria.com\/en\/wp-json\/wp\/v2\/product_brand?post=1684"},{"taxonomy":"product_cat","embeddable":true,"href":"https:\/\/hortadamaria.com\/en\/wp-json\/wp\/v2\/product_cat?post=1684"},{"taxonomy":"product_tag","embeddable":true,"href":"https:\/\/hortadamaria.com\/en\/wp-json\/wp\/v2\/product_tag?post=1684"}],"curies":[{"name":"wp","href":"https:\/\/api.w.org\/{rel}","templated":true}]}}