{"id":1683,"date":"2025-08-19T11:13:05","date_gmt":"2025-08-19T11:13:05","guid":{"rendered":"https:\/\/hortadamaria.com\/?post_type=product&#038;p=1683"},"modified":"2025-08-19T11:13:35","modified_gmt":"2025-08-19T11:13:35","slug":"noz-pecan-metades-150g","status":"publish","type":"product","link":"https:\/\/hortadamaria.com\/en\/product\/noz-pecan-metades-150g\/","title":{"rendered":"Pecan Halves (150g)"},"content":{"rendered":"<h3>Name<\/h3>\n<p>Pecan Halves<\/p>\n<p><span style=\"color: #000000;\">Pecans are a premium nut. They have an authentic and special flavor that will keep you craving more and more. Nutritionally rich, they&#039;re naturally delicious.<\/span><\/p>\n<h3><span style=\"color: #000000;\">Ingredients<\/span><\/h3>\n<p><span style=\"color: #000000;\">Pecan kernels, May contain traces of peanuts and other tree nuts.;<\/span><\/p>\n<h3><span style=\"color: #000000;\">Nutritional Declaration<\/span><\/h3>\n<p>Price per 100g<\/p>\n<ul>\n<li><span style=\"color: #000000;\">Energy value: 703kcal<\/span><\/li>\n<li><span style=\"color: #000000;\">Fat: 67.5g<\/span><\/li>\n<li><span style=\"color: #000000;\">of which saturated: 61g<\/span><\/li>\n<li><span style=\"color: #000000;\">Carbohydrates: 105g<\/span><\/li>\n<li><span style=\"color: #000000;\">of which sugars 5.2g<\/span><\/li>\n<li><span style=\"color: #000000;\">Fiber: 6.7g<\/span><\/li>\n<li><span style=\"color: #000000;\">Proteins: 9.9g<\/span><\/li>\n<li><span style=\"color: #000000;\"><span style=\"color: #000000;\">Salt: 0.02g<\/span><\/span>&nbsp;<\/li>\n<\/ul>\n<h3><span style=\"color: #000000;\">Origin<\/span><\/h3>\n<p><span style=\"color: #000000;\">Portugal<\/span><\/p>","protected":false},"excerpt":{"rendered":"<p>Denomina\u00e7\u00e3o Noz Pecan Metades A Noz Pecan \u00e9 uma noz premium. Um sabor aut\u00eantico e especial que ir\u00e1s apetecer mais e mais. Rica a n\u00edvel nutricional e s\u00f3 podia ser um produto Naturalmente delicioso. Ingredientes Miolo de noz pecan, Pode conter vest\u00edgios de Amendoim e de outros frutos de casca rija.; Declara\u00e7\u00e3o Nutricional Valor por [&hellip;]<\/p>\n","protected":false},"featured_media":1752,"template":"","meta":[],"product_brand":[],"product_cat":[26],"product_tag":[],"class_list":{"0":"post-1683","1":"product","2":"type-product","3":"status-publish","4":"has-post-thumbnail","6":"product_cat-frutos-secos","8":"first","9":"outofstock","10":"taxable","11":"shipping-taxable","12":"purchasable","13":"product-type-simple"},"aioseo_notices":[],"jetpack_sharing_enabled":true,"_links":{"self":[{"href":"https:\/\/hortadamaria.com\/en\/wp-json\/wp\/v2\/product\/1683","targetHints":{"allow":["GET"]}}],"collection":[{"href":"https:\/\/hortadamaria.com\/en\/wp-json\/wp\/v2\/product"}],"about":[{"href":"https:\/\/hortadamaria.com\/en\/wp-json\/wp\/v2\/types\/product"}],"version-history":[{"count":0,"href":"https:\/\/hortadamaria.com\/en\/wp-json\/wp\/v2\/product\/1683\/revisions"}],"wp:featuredmedia":[{"embeddable":true,"href":"https:\/\/hortadamaria.com\/en\/wp-json\/wp\/v2\/media\/1752"}],"wp:attachment":[{"href":"https:\/\/hortadamaria.com\/en\/wp-json\/wp\/v2\/media?parent=1683"}],"wp:term":[{"taxonomy":"product_brand","embeddable":true,"href":"https:\/\/hortadamaria.com\/en\/wp-json\/wp\/v2\/product_brand?post=1683"},{"taxonomy":"product_cat","embeddable":true,"href":"https:\/\/hortadamaria.com\/en\/wp-json\/wp\/v2\/product_cat?post=1683"},{"taxonomy":"product_tag","embeddable":true,"href":"https:\/\/hortadamaria.com\/en\/wp-json\/wp\/v2\/product_tag?post=1683"}],"curies":[{"name":"wp","href":"https:\/\/api.w.org\/{rel}","templated":true}]}}