{"id":1642,"date":"2025-08-19T11:12:44","date_gmt":"2025-08-19T11:12:44","guid":{"rendered":"https:\/\/hortadamaria.com\/?post_type=product&#038;p=1642"},"modified":"2025-08-19T11:13:17","modified_gmt":"2025-08-19T11:13:17","slug":"nozes-de-macadamia-150g","status":"publish","type":"product","link":"https:\/\/hortadamaria.com\/en\/product\/nozes-de-macadamia-150g\/","title":{"rendered":"Macadamia Nuts (150g)"},"content":{"rendered":"<h3>Name<\/h3>\n<p>Macadamia Nuts<\/p>\n<p>Macadamia or macadamia nut is a fruit rich in nutrients such as fiber, protein, healthy fats, potassium, phosphorus, calcium and magnesium, and B vitamins and vitamins A and E, for example.<\/p>\n<p><strong>Health Benefits:<\/strong><\/p>\n<p><strong>Helps you lose weight<br \/>\n<\/strong>Despite being a high-calorie nut, macadamia is rich in good monounsaturated fats such as palmitoleic acid, also known as omega 7, which helps produce enzymes responsible for burning fat, increasing metabolism and reducing fat storage.<\/p>\n<p><strong>Protects against cardiovascular diseases<br \/>\n<\/strong>The monounsaturated fats in macadamia nuts act by increasing the burning and absorption of fats and, therefore, help reduce bad cholesterol and triglycerides, which are responsible for the development of cardiovascular diseases such as myocardial infarction or atherosclerosis.<\/p>\n<p><strong>Helps lower cholesterol<br \/>\n<\/strong>The palmitoleic acid present in macadamia nuts helps reduce bad cholesterol and triglycerides, which are responsible for the formation of fatty plaques in the arteries, which become narrower and less flexible, causing atherosclerosis that can lead to heart attack, heart failure, and stroke.<\/p>\n<p><strong>Prevents diabetes<br \/>\n<\/strong>Some studies show that macadamia nuts protect against the development of metabolic syndrome, characterized by high blood sugar levels that can lead to diabetes, and may be an important ally in preventing this disease. Furthermore, metabolic syndrome also involves an increase in bad cholesterol and triglycerides.<\/p>\n<div class=\"heading black\" style=\"font-weight: 900; font-size: 22px; line-height: 22px; padding-bottom: 10px; color: #333333; font-family: Arial;\">Nutrition Facts<\/div>\n<div class=\"divider thin\" style=\"border-width: 1px; border-bottom-style: solid; clear: both; color: #333333; font-family: Arial; font-size: 13px;\"><\/div>\n<div class=\"serving_size black serving_size_label\" style=\"font-weight: 900; font-size: 13px; line-height: 15px; padding-top: 8px; float: left; color: #333333; font-family: Arial;\">Amount<\/div>\n<div class=\"serving_size black serving_size_value\" style=\"font-weight: 900; font-size: 13px; line-height: 15px; padding: 6px 0px 11px; text-align: right; float: right; color: #333333; font-family: Arial;\">1 oz (10-12 kernels)<\/div>\n<div class=\"divider thick\" style=\"border-width: 11px; border-bottom-style: solid; clear: both; color: #333333; font-family: Arial; font-size: 13px;\"><\/div>\n<div class=\"nutrient header black per_serve left tRight w1p2\" style=\"border-bottom: 1px solid #d7e6ec; font-weight: 900; float: left; text-align: right; line-height: 11px; padding: 8px 0px; width: 189.594px; color: #333333; font-family: Arial;\">Per dose<\/div>\n<div class=\"nutrient header black right tRight w3\" style=\"border-bottom: 1px solid #d7e6ec; font-weight: 900; float: right; text-align: right; line-height: 11px; padding: 8px 0px; width: 47.3906px; color: #333333; font-family: Arial;\">% DR*<\/div>\n<div class=\"divider medium\" style=\"border-width: 4px; border-bottom-style: solid; clear: both; color: #333333; font-family: Arial; font-size: 13px;\"><\/div>\n<div class=\"nutrient black left w1\" style=\"font-weight: 900; float: left; line-height: 11px; padding: 4px 0px; width: 130.344px; color: #333333; font-family: Arial;\">Energy<\/div>\n<div class=\"nutrient black left tRight w2\" style=\"font-weight: 900; float: left; text-align: right; line-height: 11px; padding: 4px 0px; width: 59.25px; color: #333333; font-family: Arial;\">852 kj<\/div>\n<div class=\"nutrient black right tRight w3\" style=\"font-weight: 900; float: right; text-align: right; line-height: 11px; padding: 4px 0px; width: 47.3906px; color: #333333; font-family: Arial;\">10%<\/div>\n<div style=\"color: #333333; font-family: Arial; font-size: 13px; clear: both;\"><\/div>\n<div class=\"nutrient black left w1\" style=\"font-weight: 900; float: left; line-height: 11px; padding: 4px 0px; width: 130.344px; color: #333333; font-family: Arial;\"><\/div>\n<div class=\"nutrient left tRight w2\" style=\"float: left; text-align: right; line-height: 11px; padding: 4px 0px; width: 59.25px; color: #333333; font-family: Arial;\">204 kcal<\/div>\n<div class=\"nutrient black right tRight w3\" style=\"font-weight: 900; float: right; text-align: right; line-height: 11px; padding: 4px 0px; width: 47.3906px; color: #333333; font-family: Arial;\"><\/div>\n<div class=\"divider thin\" style=\"border-width: 1px; border-bottom-style: solid; clear: both; color: #333333; font-family: Arial; font-size: 13px;\"><\/div>\n<div class=\"nutrient black left w1\" style=\"font-weight: 900; float: left; line-height: 11px; padding: 4px 0px; width: 130.344px; color: #333333; font-family: Arial;\">Lipids<\/div>\n<div class=\"nutrient black left tRight w2\" style=\"font-weight: 900; float: left; text-align: right; line-height: 11px; padding: 4px 0px; width: 59.25px; color: #333333; font-family: Arial;\">21.48g<\/div>\n<div class=\"nutrient black right tRight w3\" style=\"font-weight: 900; float: right; text-align: right; line-height: 11px; padding: 4px 0px; width: 47.3906px; color: #333333; font-family: Arial;\">31%<\/div>\n<div style=\"color: #333333; font-family: Arial; font-size: 13px; clear: both;\"><\/div>\n<div class=\"nutrient sub black left w1\" style=\"font-weight: 900; float: left; line-height: 11px; padding: 4px 0px 4px 11px; width: 130.344px; margin-right: -11px; color: #333333; font-family: Arial;\">Saturated Lipids<\/div>\n<div class=\"nutrient black left tRight w2\" style=\"font-weight: 900; float: left; text-align: right; line-height: 11px; padding: 4px 0px; width: 59.25px; color: #333333; font-family: Arial;\">3.419g<\/div>\n<div class=\"nutrient black right tRight w3\" style=\"font-weight: 900; float: right; text-align: right; line-height: 11px; padding: 4px 0px; width: 47.3906px; color: #333333; font-family: Arial;\">17%<\/div>\n<div style=\"color: #333333; font-family: Arial; font-size: 13px; clear: both;\"><\/div>\n<div class=\"nutrient sub left w1\" style=\"float: left; line-height: 11px; padding: 4px 0px 4px 11px; width: 130.344px; margin-right: -11px; color: #333333; font-family: Arial;\">Monounsaturated Lipids<\/div>\n<div class=\"nutrient left tRight w2\" style=\"float: left; text-align: right; line-height: 11px; padding: 4px 0px; width: 59.25px; color: #333333; font-family: Arial;\">16.692g<\/div>\n<div class=\"nutrient right tRight w3\" style=\"float: right; text-align: right; line-height: 11px; padding: 4px 0px; width: 47.3906px; color: #333333; font-family: Arial;\"><\/div>\n<div style=\"color: #333333; font-family: Arial; font-size: 13px; clear: both;\"><\/div>\n<div class=\"nutrient sub left w1\" style=\"float: left; line-height: 11px; padding: 4px 0px 4px 11px; width: 130.344px; margin-right: -11px; color: #333333; font-family: Arial;\">Polyunsaturated Lipids<\/div>\n<div class=\"nutrient left tRight w2\" style=\"float: left; text-align: right; line-height: 11px; padding: 4px 0px; width: 59.25px; color: #333333; font-family: Arial;\">0.426g<\/div>\n<div class=\"nutrient right tRight w3\" style=\"float: right; text-align: right; line-height: 11px; padding: 4px 0px; width: 47.3906px; color: #333333; font-family: Arial;\"><\/div>\n<div class=\"divider thin\" style=\"border-width: 1px; border-bottom-style: solid; clear: both; color: #333333; font-family: Arial; font-size: 13px;\"><\/div>\n<div class=\"nutrient black left w1\" style=\"font-weight: 900; float: left; line-height: 11px; padding: 4px 0px; width: 130.344px; color: #333333; font-family: Arial;\">Carbohydrates<\/div>\n<div class=\"nutrient black left tRight w2\" style=\"font-weight: 900; float: left; text-align: right; line-height: 11px; padding: 4px 0px; width: 59.25px; color: #333333; font-family: Arial;\">3.92g<\/div>\n<div class=\"nutrient black right tRight w3\" style=\"font-weight: 900; float: right; text-align: right; line-height: 11px; padding: 4px 0px; width: 47.3906px; color: #333333; font-family: Arial;\">2%<\/div>\n<div style=\"color: #333333; font-family: Arial; font-size: 13px; clear: both;\"><\/div>\n<div class=\"nutrient sub black left w1\" style=\"font-weight: 900; float: left; line-height: 11px; padding: 4px 0px 4px 11px; width: 130.344px; margin-right: -11px; color: #333333; font-family: Arial;\">Sugar<\/div>\n<div class=\"nutrient black left tRight w2\" style=\"font-weight: 900; float: left; text-align: right; line-height: 11px; padding: 4px 0px; width: 59.25px; color: #333333; font-family: Arial;\">1.3g<\/div>\n<div class=\"nutrient black right tRight w3\" style=\"font-weight: 900; float: right; text-align: right; line-height: 11px; padding: 4px 0px; width: 47.3906px; color: #333333; font-family: Arial;\">1%<\/div>\n<div class=\"divider thin\" style=\"border-width: 1px; border-bottom-style: solid; clear: both; color: #333333; font-family: Arial; font-size: 13px;\"><\/div>\n<div class=\"nutrient left w1\" style=\"float: left; line-height: 11px; padding: 4px 0px; width: 130.344px; color: #333333; font-family: Arial;\">Fibers<\/div>\n<div class=\"nutrient left tRight w2\" style=\"float: left; text-align: right; line-height: 11px; padding: 4px 0px; width: 59.25px; color: #333333; font-family: Arial;\">2.4g<\/div>\n<div class=\"nutrient right tRight w3\" style=\"float: right; text-align: right; line-height: 11px; padding: 4px 0px; width: 47.3906px; color: #333333; font-family: Arial;\"><\/div>\n<div class=\"divider thin\" style=\"border-width: 1px; border-bottom-style: solid; clear: both; color: #333333; font-family: Arial; font-size: 13px;\"><\/div>\n<div class=\"nutrient black left w1\" style=\"font-weight: 900; float: left; line-height: 11px; padding: 4px 0px; width: 130.344px; color: #333333; font-family: Arial;\">Proteins<\/div>\n<div class=\"nutrient black left tRight w2\" style=\"font-weight: 900; float: left; text-align: right; line-height: 11px; padding: 4px 0px; width: 59.25px; color: #333333; font-family: Arial;\">2.24g<\/div>\n<div class=\"nutrient black right tRight w3\" style=\"font-weight: 900; float: right; text-align: right; line-height: 11px; padding: 4px 0px; width: 47.3906px; color: #333333; font-family: Arial;\">4%<\/div>\n<div class=\"divider thin\" style=\"border-width: 1px; border-bottom-style: solid; clear: both; color: #333333; font-family: Arial; font-size: 13px;\"><\/div>\n<div class=\"nutrient black left w1\" style=\"font-weight: 900; float: left; line-height: 11px; padding: 4px 0px; width: 130.344px; color: #333333; font-family: Arial;\">Salt<\/div>\n<div class=\"nutrient black left tRight w2\" style=\"font-weight: 900; float: left; text-align: right; line-height: 11px; padding: 4px 0px; width: 59.25px; color: #333333; font-family: Arial;\">0.00g<\/div>\n<div class=\"nutrient black right tRight w3\" style=\"font-weight: 900; float: right; text-align: right; line-height: 11px; padding: 4px 0px; width: 47.3906px; color: #333333; font-family: Arial;\">0%<\/div>\n<div class=\"divider thin\" style=\"border-width: 1px; border-bottom-style: solid; clear: both; color: #333333; font-family: Arial; font-size: 13px;\"><\/div>\n<div class=\"nutrient left w1\" style=\"float: left; line-height: 11px; padding: 4px 0px; width: 130.344px; color: #333333; font-family: Arial;\">Cholesterol<\/div>\n<div class=\"nutrient left tRight w2\" style=\"float: left; text-align: right; line-height: 11px; padding: 4px 0px; width: 59.25px; color: #333333; font-family: Arial;\">0mg<\/div>\n<div class=\"nutrient right tRight w3\" style=\"float: right; text-align: right; line-height: 11px; padding: 4px 0px; width: 47.3906px; color: #333333; font-family: Arial;\"><\/div>\n<div class=\"divider thin\" style=\"border-width: 1px; border-bottom-style: solid; clear: both; color: #333333; font-family: Arial; font-size: 13px;\"><\/div>\n<div class=\"nutrient left w1\" style=\"float: left; line-height: 11px; padding: 4px 0px; width: 130.344px; color: #333333; font-family: Arial;\">Potassium<\/div>\n<div class=\"nutrient left tRight w2\" style=\"float: left; text-align: right; line-height: 11px; padding: 4px 0px; width: 59.25px; color: #333333; font-family: Arial;\">104mg<\/div>\n<div class=\"nutrient right tRight w3\" style=\"float: right; text-align: right; line-height: 11px; padding: 4px 0px; width: 47.3906px; color: #333333; font-family: Arial;\">5%<\/div>\n<div class=\"divider medium\" style=\"border-width: 4px; border-bottom-style: solid; clear: both; color: #333333; font-family: Arial; font-size: 13px;\"><\/div>\n<div class=\"footnote\" style=\"font-size: 9px; line-height: 11px; padding-top: 10px; color: #333333; font-family: Arial;\">* Reference intake for an average adult (8400 kJ \/ 2000 kcal)<\/div>\n<div class=\"footnote\" style=\"font-size: 9px; line-height: 11px; padding-top: 10px; color: #333333; font-family: Arial;\"><\/div>\n<div class=\"footnote\" style=\"font-size: 9px; line-height: 11px; padding-top: 10px; color: #333333; font-family: Arial;\">\n<h3>Origin<\/h3>\n<p>Portugal<\/p>\n<p style=\"color: #000000; font-family: Verdana, Arial, Helvetica, sans-serif; font-size: 11px;\"><strong>Conditions of Conservation and\/or Use:<\/strong><\/p>\n<p style=\"color: #000000; font-family: Verdana, Arial, Helvetica, sans-serif; font-size: 11px;\">Store in a refrigerated environment<\/p>\n<p style=\"color: #000000; font-family: Verdana, Arial, Helvetica, sans-serif; font-size: 11px;\">Horta da Maria&#039;s mission is to help Portuguese families improve the quality of the food they consume, always supported by the philosophy of bringing consumers the best national products, sourced directly from the producers.<\/p>\n<p style=\"color: #000000; font-family: Verdana, Arial, Helvetica, sans-serif; font-size: 11px;\">The best fruits, vegetables, groceries and baskets delivered to your home only with Horta da Maria!<\/p>\n<\/div>","protected":false},"excerpt":{"rendered":"<p>Denomina\u00e7\u00e3o Nozes de Macad\u00e2mia A macad\u00e2mia ou noz de macad\u00e2mia \u00e9 um fruto rico em nutrientes como fibras, prote\u00ednas, gorduras saud\u00e1veis, pot\u00e1ssio, f\u00f3sforo, c\u00e1lcio e magn\u00e9sio, e vitaminas do complexo B e vitamina A e E, por exemplo. Benef\u00edcios para a Sa\u00fade: Ajuda a emagrecer Apesar de ser uma noz cal\u00f3rica, a macad\u00e2mia \u00e9 rica [&hellip;]<\/p>\n","protected":false},"featured_media":1711,"template":"","meta":[],"product_brand":[],"product_cat":[26],"product_tag":[],"class_list":{"0":"post-1642","1":"product","2":"type-product","3":"status-publish","4":"has-post-thumbnail","6":"product_cat-frutos-secos","8":"first","9":"outofstock","10":"taxable","11":"shipping-taxable","12":"purchasable","13":"product-type-simple"},"aioseo_notices":[],"jetpack_sharing_enabled":true,"_links":{"self":[{"href":"https:\/\/hortadamaria.com\/en\/wp-json\/wp\/v2\/product\/1642","targetHints":{"allow":["GET"]}}],"collection":[{"href":"https:\/\/hortadamaria.com\/en\/wp-json\/wp\/v2\/product"}],"about":[{"href":"https:\/\/hortadamaria.com\/en\/wp-json\/wp\/v2\/types\/product"}],"version-history":[{"count":0,"href":"https:\/\/hortadamaria.com\/en\/wp-json\/wp\/v2\/product\/1642\/revisions"}],"wp:featuredmedia":[{"embeddable":true,"href":"https:\/\/hortadamaria.com\/en\/wp-json\/wp\/v2\/media\/1711"}],"wp:attachment":[{"href":"https:\/\/hortadamaria.com\/en\/wp-json\/wp\/v2\/media?parent=1642"}],"wp:term":[{"taxonomy":"product_brand","embeddable":true,"href":"https:\/\/hortadamaria.com\/en\/wp-json\/wp\/v2\/product_brand?post=1642"},{"taxonomy":"product_cat","embeddable":true,"href":"https:\/\/hortadamaria.com\/en\/wp-json\/wp\/v2\/product_cat?post=1642"},{"taxonomy":"product_tag","embeddable":true,"href":"https:\/\/hortadamaria.com\/en\/wp-json\/wp\/v2\/product_tag?post=1642"}],"curies":[{"name":"wp","href":"https:\/\/api.w.org\/{rel}","templated":true}]}}