{"id":1604,"date":"2025-08-19T11:12:22","date_gmt":"2025-08-19T11:12:22","guid":{"rendered":"https:\/\/hortadamaria.com\/?post_type=product&#038;p=1604"},"modified":"2026-04-17T15:01:21","modified_gmt":"2026-04-17T15:01:21","slug":"coco-laminado-250g","status":"publish","type":"product","link":"https:\/\/hortadamaria.com\/en\/product\/coco-laminado-250g\/","title":{"rendered":"Sliced Coconut (250g)"},"content":{"rendered":"<p>Coconut is a fruit rich in good fats and low in carbohydrates, which brings health benefits such as giving energy, improving intestinal transit and strengthening the immune system.<\/p>\n<p>The nutritional value of coconut depends on whether the fruit is ripe or unripe, generally presenting an excellent content of mineral salts, such as potassium, sodium, phosphorus and chlorine, making its water work as an excellent isotonic drink after training.<\/p>\n<p><strong>Health Benefits<\/strong><\/p>\n<p><strong>Help you lose weight<\/strong>, because it has few carbohydrates and is rich in fiber, which increases satiety;<\/p>\n<p><strong>Improve bowel function<\/strong>, because it is rich in fiber;<\/p>\n<p><strong>Act as an antioxidant and prevent diseases<\/strong>, as it is rich in vitamins A, C and E;<\/p>\n<p><strong>Strengthen the immune system<\/strong>, because it contains lauric acid, which prevents the proliferation of fungi, viruses and bacteria;<\/p>\n<p><strong>Replenish minerals that are lost during physical activity<\/strong>, as it contains zinc, potassium, selenium, copper and magnesium;<\/p>\n<p><b>Name<\/b><\/p>\n<p>Dry Coconut<\/p>\n<p><b>Nutritional Declaration<\/b><\/p>\n<table class=\"generic spaced\" style=\"height: 81px\" width=\"183\">\n<tbody>\n<tr>\n<td class=\"fact\">\n<div class=\"factTitle\">Cals<\/div>\n<div class=\"factValue\">575<\/div>\n<\/td>\n<td><\/td>\n<td class=\"fact\">\n<div class=\"factTitle\">Lip<\/div>\n<div class=\"factValue\">47g<\/div>\n<\/td>\n<td><\/td>\n<td class=\"fact\">\n<div class=\"factTitle\">Carbs<\/div>\n<div class=\"factValue\">20.9g<\/div>\n<\/td>\n<td><\/td>\n<td class=\"fact\">\n<div class=\"factTitle\">Prot<\/div>\n<div class=\"factValue\">5.3g<\/div>\n<\/td>\n<\/tr>\n<\/tbody>\n<\/table>\n<table class=\"generic spaced\" style=\"height: 92px\" width=\"415\">\n<tbody>\n<tr>\n<td>There are 575 calories in 100g.<\/td>\n<\/tr>\n<tr>\n<td>Calorie Breakdown:\u00a0<b>80% lip<\/b>, 16% carbs, 4% prot.<\/td>\n<\/tr>\n<\/tbody>\n<\/table>\n<p><b>Conservation Conditions and\/or <\/b><b>Use<\/b><\/p>\n<p>Store in a cool, dry place<\/p>\n<p><b>Origin<\/b><\/p>\n<p>EU<\/p>\n<p>TuaSaude Credits<\/p>","protected":false},"excerpt":{"rendered":"<p>O coco \u00e9 uma fruta rica em gorduras boas e pobre em carboidratos, que traz benef\u00edcios para a sa\u00fade como dar energia, melhorar o tr\u00e2nsito intestinal e fortalecer o sistema imunol\u00f3gico. O valor nutritivo do coco depende se a fruta est\u00e1 madura ou verde, apresentando de maneira geral excelente teor de sais minerais, como pot\u00e1ssio, [&hellip;]<\/p>\n","protected":false},"featured_media":15960,"template":"","meta":[],"product_brand":[],"product_cat":[27],"product_tag":[],"class_list":{"0":"post-1604","1":"product","2":"type-product","3":"status-publish","4":"has-post-thumbnail","6":"product_cat-exoticas","8":"first","9":"outofstock","10":"taxable","11":"shipping-taxable","12":"purchasable","13":"product-type-simple"},"aioseo_notices":[],"jetpack_sharing_enabled":true,"_links":{"self":[{"href":"https:\/\/hortadamaria.com\/en\/wp-json\/wp\/v2\/product\/1604","targetHints":{"allow":["GET"]}}],"collection":[{"href":"https:\/\/hortadamaria.com\/en\/wp-json\/wp\/v2\/product"}],"about":[{"href":"https:\/\/hortadamaria.com\/en\/wp-json\/wp\/v2\/types\/product"}],"version-history":[{"count":1,"href":"https:\/\/hortadamaria.com\/en\/wp-json\/wp\/v2\/product\/1604\/revisions"}],"predecessor-version":[{"id":15961,"href":"https:\/\/hortadamaria.com\/en\/wp-json\/wp\/v2\/product\/1604\/revisions\/15961"}],"wp:featuredmedia":[{"embeddable":true,"href":"https:\/\/hortadamaria.com\/en\/wp-json\/wp\/v2\/media\/15960"}],"wp:attachment":[{"href":"https:\/\/hortadamaria.com\/en\/wp-json\/wp\/v2\/media?parent=1604"}],"wp:term":[{"taxonomy":"product_brand","embeddable":true,"href":"https:\/\/hortadamaria.com\/en\/wp-json\/wp\/v2\/product_brand?post=1604"},{"taxonomy":"product_cat","embeddable":true,"href":"https:\/\/hortadamaria.com\/en\/wp-json\/wp\/v2\/product_cat?post=1604"},{"taxonomy":"product_tag","embeddable":true,"href":"https:\/\/hortadamaria.com\/en\/wp-json\/wp\/v2\/product_tag?post=1604"}],"curies":[{"name":"wp","href":"https:\/\/api.w.org\/{rel}","templated":true}]}}