{"id":1415,"date":"2025-08-19T11:10:52","date_gmt":"2025-08-19T11:10:52","guid":{"rendered":"https:\/\/hortadamaria.com\/?post_type=product&#038;p=1415"},"modified":"2026-04-22T10:18:40","modified_gmt":"2026-04-22T10:18:40","slug":"ferradura-250g","status":"publish","type":"product","link":"https:\/\/hortadamaria.com\/en\/product\/ferradura-250g\/","title":{"rendered":"Horseshoe (250g)"},"content":{"rendered":"<p><!-- [if gte mso 9]&gt;        &lt;![endif]--><!-- [if gte mso 9]&gt;     Normal   0         21         false   false   false      PT   X-NONE   HE                                                                                             &lt;![endif]--><!-- [if gte mso 9]&gt;                                                                                                                                                                                                                                                                                                                                                                                                                                                                                                                                                                                                                                                                                                                                                                                                                                                                                                                                                                                                                                                                                                                                                                             &lt;![endif]--><!-- [if gte mso 10]&gt;--><\/p>\n<p>  \/* Style Definitions *\/  table.MsoNormalTable \t{mso-style-name:&#8221;Tabela normal&#8221;; \tmso-tstyle-rowband-size:0; \tmso-tstyle-colband-size:0; \tmso-style-noshow:yes; \tmso-style-priority:99; \tmso-style-parent:&#8221;&#8221;; \tmso-padding-alt:0cm 5.4pt 0cm 5.4pt; \tmso-para-margin-top:0cm; \tmso-para-margin-right:0cm; \tmso-para-margin-bottom:8.0pt; \tmso-para-margin-left:0cm; \tline-height:107%; \tmso-pagination:widow-orphan; \tfont-size:11.0pt; \tfont-family:&#8221;Calibri&#8221;,sans-serif; \tmso-ascii-font-family:Calibri; \tmso-ascii-theme-font:minor-latin; \tmso-hansi-font-family:Calibri; \tmso-hansi-theme-font:minor-latin; \tmso-bidi-font-family:Arial; \tmso-bidi-theme-font:minor-bidi; \tmso-fareast-language:EN-US;}  <\/p>\n<div class=\"OutlineElement Ltr BCX0 SCXW100922620\" style=\"margin: 0px;padding: 0px;clear: both;font-family: 'Segoe UI', 'Segoe UI Web', Arial, Verdana, sans-serif;font-size: 12px\">\n<p class=\"Paragraph SCXW100922620 BCX0\" lang=\"pt-pt\" style=\"margin: 0px;padding: 0px;vertical-align: baseline;background-color: transparent\" xml:lang=\"pt-pt\"><span class=\"TextRun SCXW100922620 BCX0\" lang=\"pt-pt\" style=\"margin: 0px;padding: 0px;font-size: 14pt;font-family: Arial, 'Arial_EmbeddedFont', 'Arial_MSFontService', sans-serif;line-height: 25.6667px\" xml:lang=\"pt-pt\"><span class=\"NormalTextRun SCXW100922620 BCX0\" style=\"margin: 0px;padding: 0px;background-color: inherit\">As ferraduras s\u00e3o uns bolos tradicionais portugueses muito conhecidos, que podem receber diferentes designa\u00e7\u00f5es consoante a zona do pa\u00eds \u2013 bolos de perna, bolos de casamento, bolos de noivos, bolos dos leil\u00f5es ou\u00a0<\/span><\/span><span class=\"TextRun SCXW100922620 BCX0\" lang=\"pt-pt\" style=\"margin: 0px;padding: 0px;font-size: 14pt;font-family: Arial, 'Arial_EmbeddedFont', 'Arial_MSFontService', sans-serif;line-height: 25.6667px\" xml:lang=\"pt-pt\"><span class=\"SpellingError SCXW100922620 BCX0\" style=\"margin: 0px;padding: 0px;background-repeat: repeat-x;background-position: left bottom;border-bottom: 1px solid transparent;background-color: inherit\">parrameiros<\/span><\/span><span class=\"TextRun SCXW100922620 BCX0\" lang=\"pt-pt\" style=\"margin: 0px;padding: 0px;font-size: 14pt;font-family: Arial, 'Arial_EmbeddedFont', 'Arial_MSFontService', sans-serif;line-height: 25.6667px\" xml:lang=\"pt-pt\"><span class=\"NormalTextRun SCXW100922620 BCX0\" style=\"margin: 0px;padding: 0px;background-color: inherit\">. Os nomes devem-se \u00e0 forma final dos bolos ou a ocasi\u00f5es festivas onde eram presen\u00e7a indispens\u00e1vel. Embora hoje em dia a sua venda esteja j\u00e1 muito difundida, h\u00e1 uns anos atr\u00e1s, al\u00e9m da confe\u00e7\u00e3o da receita caseira, as ferraduras encontravam-se sobretudo \u00e0 venda nas feiras.<\/span><\/span><span class=\"EOP SCXW100922620 BCX0\" style=\"margin: 0px;padding: 0px;font-size: 14pt;line-height: 25.6667px;font-family: Arial, 'Arial_EmbeddedFont', 'Arial_MSFontService', sans-serif\">\u00a0<\/span><\/p>\n<\/div>\n<div class=\"OutlineElement Ltr BCX0 SCXW100922620\" style=\"margin: 0px;padding: 0px;clear: both;font-family: 'Segoe UI', 'Segoe UI Web', Arial, Verdana, sans-serif;font-size: 12px\">\n<p class=\"Paragraph SCXW100922620 BCX0\" lang=\"pt-pt\" style=\"margin: 0px;padding: 0px;vertical-align: baseline;background-color: transparent\" xml:lang=\"pt-pt\">\n<\/div>\n<div class=\"OutlineElement Ltr BCX0 SCXW100922620\" style=\"margin: 0px;padding: 0px;clear: both;font-family: 'Segoe UI', 'Segoe UI Web', Arial, Verdana, sans-serif;font-size: 12px\">\n<p class=\"Paragraph SCXW100922620 BCX0\" lang=\"pt-pt\" style=\"margin: 0px;padding: 0px;vertical-align: baseline;background-color: transparent\" xml:lang=\"pt-pt\"><span class=\"TextRun SCXW100922620 BCX0\" lang=\"pt-pt\" style=\"margin: 0px;padding: 0px;font-size: 14pt;font-family: Arial, 'Arial_EmbeddedFont', 'Arial_MSFontService', sans-serif;line-height: 25.6667px\" xml:lang=\"pt-pt\"><span class=\"NormalTextRun SCXW100922620 BCX0\" style=\"margin: 0px;padding: 0px;background-color: inherit\">A receita aqui publicada \u00e9 a tradicional, com canela, comum na generalidade do pa\u00eds, embora haja quem n\u00e3o lhe ponha lim\u00e3o. Inicialmente t\u00ednhamos publicado a receita com os ingredientes b\u00e1sicos, atendendo ao facto de as especiarias variarem e, dependendo da receita regional, estes bolos secos poderem ser mais ou menos condimentados \u2013 a erva-doce, por exemplo, \u00e9 um ingrediente de refer\u00eancia em algumas delas, mas n\u00e3o se usa em todas as regi\u00f5es<\/span><\/span><span class=\"EOP SCXW100922620 BCX0\" style=\"margin: 0px;padding: 0px;font-size: 14pt;line-height: 25.6667px;font-family: Arial, 'Arial_EmbeddedFont', 'Arial_MSFontService', sans-serif\">\u00a0<\/span><\/p>\n<\/div>\n<div class=\"OutlineElement Ltr BCX0 SCXW228556938\" style=\"margin: 0px;padding: 0px;clear: both;font-family: 'Segoe UI', 'Segoe UI Web', Arial, Verdana, sans-serif;font-size: 12px\">\n<h3 class=\"Paragraph SCXW228556938 BCX0\" lang=\"pt-pt\" style=\"margin: 0px;padding: 0px;vertical-align: baseline;background-color: transparent\" xml:lang=\"pt-pt\"><span class=\"TextRun SCXW228556938 BCX0\" lang=\"pt-pt\" style=\"margin: 0px;padding: 0px;font-weight: bold;font-size: 13.5pt;font-family: Arial, 'Arial_EmbeddedFont', 'Arial_MSFontService', sans-serif;line-height: 22.6625px\" xml:lang=\"pt-pt\"><span class=\"NormalTextRun SCXW228556938 BCX0\" style=\"margin: 0px;padding: 0px;background-color: inherit\">Ingredientes<\/span><\/span><span class=\"LineBreakBlob BlobObject DragDrop SCXW228556938 BCX0\" style=\"margin: 0px;padding: 0px;font-size: 13.5pt;line-height: 22.6625px;font-family: 'WordVisiCarriageReturn_MSFontService', Arial, 'Arial_EmbeddedFont', 'Arial_MSFontService', sans-serif\"><span class=\"SCXW228556938 BCX0\" style=\"margin: 0px;padding: 0px;white-space: pre\">\u00a0<\/span><\/span><\/h3>\n<p class=\"Paragraph SCXW228556938 BCX0\" lang=\"pt-pt\" style=\"margin: 0px;padding: 0px;vertical-align: baseline;background-color: transparent\" xml:lang=\"pt-pt\"><span class=\"LineBreakBlob BlobObject DragDrop SCXW228556938 BCX0\" style=\"margin: 0px;padding: 0px;font-size: 13.5pt;line-height: 22.6625px;font-family: 'WordVisiCarriageReturn_MSFontService', Arial, 'Arial_EmbeddedFont', 'Arial_MSFontService', sans-serif\"><br class=\"SCXW228556938 BCX0\" style=\"margin: 0px;padding: 0px;white-space: pre\" \/><\/span><span class=\"TextRun SCXW228556938 BCX0\" lang=\"pt-pt\" style=\"margin: 0px;padding: 0px;color: #363636;font-size: 14pt;font-family: Arial, 'Arial_EmbeddedFont', 'Arial_MSFontService', sans-serif;line-height: 23.7417px\" xml:lang=\"pt-pt\"><span class=\"NormalTextRun SCXW228556938 BCX0\" style=\"margin: 0px;padding: 0px;background-color: inherit\">Confirmar a informa\u00e7\u00e3o no r\u00f3tulo do artigo. Devido a poss\u00edveis altera\u00e7\u00f5es de embalagens e\/ou r\u00f3tulos, dever\u00e1 considerar sempre a informa\u00e7\u00e3o que acompanha o produto que recebe.<\/span><\/span><span class=\"EOP SCXW228556938 BCX0\" style=\"margin: 0px;padding: 0px;font-size: 14pt;line-height: 23.7417px;font-family: Arial, 'Arial_EmbeddedFont', 'Arial_MSFontService', sans-serif;color: #363636\">\u00a0<\/span><\/p>\n<\/div>\n<div class=\"OutlineElement Ltr BCX0 SCXW228556938\" style=\"margin: 0px;padding: 0px;clear: both;font-family: 'Segoe UI', 'Segoe UI Web', Arial, Verdana, sans-serif;font-size: 12px\">\n<p class=\"Paragraph SCXW228556938 BCX0\" lang=\"pt-pt\" style=\"margin: 0px;padding: 0px;vertical-align: baseline;background-color: transparent\" xml:lang=\"pt-pt\"><span class=\"EOP SCXW228556938 BCX0\" style=\"margin: 0px;padding: 0px;font-size: 11pt;line-height: 19.425px;font-family: Calibri, 'Calibri_EmbeddedFont', 'Calibri_MSFontService', sans-serif\">\u00a0<\/span><\/p>\n<\/div>\n<div class=\"OutlineElement Ltr BCX0 SCXW228556938\" style=\"margin: 0px;padding: 0px;clear: both;font-family: 'Segoe UI', 'Segoe UI Web', Arial, Verdana, sans-serif;font-size: 12px\">\n<h3 class=\"Paragraph SCXW228556938 BCX0\" lang=\"pt-pt\" style=\"margin: 0px;padding: 0px;vertical-align: baseline;background-color: transparent\" xml:lang=\"pt-pt\"><span class=\"TextRun SCXW228556938 BCX0\" lang=\"pt-pt\" style=\"margin: 0px;padding: 0px;font-weight: bold;font-size: 13.5pt;font-family: Arial, 'Arial_EmbeddedFont', 'Arial_MSFontService', sans-serif;line-height: 22.6625px\" xml:lang=\"pt-pt\"><span class=\"NormalTextRun SCXW228556938 BCX0\" style=\"margin: 0px;padding: 0px;background-color: inherit\">Declara\u00e7\u00e3o Nutricional<\/span><\/span><span class=\"EOP SCXW228556938 BCX0\" style=\"margin: 0px;padding: 0px;font-size: 13.5pt;line-height: 22.6625px;font-family: Arial, 'Arial_EmbeddedFont', 'Arial_MSFontService', sans-serif\">\u00a0<\/span><\/h3>\n<\/div>\n<div class=\"OutlineElement Ltr BCX0 SCXW228556938\" style=\"margin: 0px;padding: 0px;clear: both;font-family: 'Segoe UI', 'Segoe UI Web', Arial, Verdana, sans-serif;font-size: 12px\">\n<p class=\"Paragraph SCXW228556938 BCX0\" lang=\"pt-pt\" style=\"margin: 0px;padding: 0px;vertical-align: baseline;background-color: transparent\" xml:lang=\"pt-pt\"><span class=\"TextRun SCXW228556938 BCX0\" lang=\"pt-pt\" style=\"margin: 0px;padding: 0px;color: #363636;font-size: 13.5pt;font-family: Arial, 'Arial_EmbeddedFont', 'Arial_MSFontService', sans-serif;line-height: 22.6625px\" xml:lang=\"pt-pt\"><span class=\"NormalTextRun SCXW228556938 BCX0\" style=\"margin: 0px;padding: 0px;background-color: inherit\">Valores nutricionais m\u00e9dios por 100 g: Energia: 1475 kJ \/ 349 kcal; l\u00edpidos: 5,9 g, dos quais saturados: 2,2 g; hidratos de carbono: 66,9 g, dos quais a\u00e7\u00facares: 26,2 g; prote\u00ednas: 6,1 g; sal: 1,45 g<\/span><\/span><span class=\"EOP SCXW228556938 BCX0\" style=\"margin: 0px;padding: 0px;font-size: 13.5pt;line-height: 22.6625px;font-family: Arial, 'Arial_EmbeddedFont', 'Arial_MSFontService', sans-serif;color: #363636\">\u00a0<\/span><\/p>\n<\/div>\n<div class=\"OutlineElement Ltr BCX0 SCXW228556938\" style=\"margin: 0px;padding: 0px;clear: both;font-family: 'Segoe UI', 'Segoe UI Web', Arial, Verdana, sans-serif;font-size: 12px\">\n<p class=\"Paragraph SCXW228556938 BCX0\" lang=\"pt-pt\" style=\"margin: 0px;padding: 0px;vertical-align: baseline;background-color: transparent\" xml:lang=\"pt-pt\"><span class=\"EOP SCXW228556938 BCX0\" style=\"margin: 0px;padding: 0px;font-size: 14pt;line-height: 23.7417px;font-family: Arial, 'Arial_EmbeddedFont', 'Arial_MSFontService', sans-serif;color: #363636\">\u00a0<\/span><\/p>\n<\/div>\n<div class=\"OutlineElement Ltr BCX0 SCXW228556938\" style=\"margin: 0px;padding: 0px;clear: both;font-family: 'Segoe UI', 'Segoe UI Web', Arial, Verdana, sans-serif;font-size: 12px\">\n<h3 class=\"Paragraph SCXW228556938 BCX0\" lang=\"pt-pt\" style=\"margin: 0px;padding: 0px;vertical-align: baseline;background-color: transparent\" xml:lang=\"pt-pt\"><span class=\"TextRun SCXW228556938 BCX0\" lang=\"pt-pt\" style=\"margin: 0px;padding: 0px;font-weight: bold;font-size: 14pt;font-family: Arial, 'Arial_EmbeddedFont', 'Arial_MSFontService', sans-serif;line-height: 23.7417px\" xml:lang=\"pt-pt\"><span class=\"NormalTextRun SCXW228556938 BCX0\" style=\"margin: 0px;padding: 0px;background-color: inherit\">Denomina\u00e7\u00e3o<\/span><\/span><span class=\"LineBreakBlob BlobObject DragDrop SCXW228556938 BCX0\" style=\"margin: 0px;padding: 0px;font-size: 13.5pt;line-height: 22.6625px;font-family: 'WordVisiCarriageReturn_MSFontService', Arial, 'Arial_EmbeddedFont', 'Arial_MSFontService', sans-serif\"><span class=\"SCXW228556938 BCX0\" style=\"margin: 0px;padding: 0px;white-space: pre\">\u00a0<\/span><\/span><\/h3>\n<p class=\"Paragraph SCXW228556938 BCX0\" lang=\"pt-pt\" style=\"margin: 0px;padding: 0px;vertical-align: baseline;background-color: transparent\" xml:lang=\"pt-pt\"><span class=\"LineBreakBlob BlobObject DragDrop SCXW228556938 BCX0\" style=\"margin: 0px;padding: 0px;font-size: 13.5pt;line-height: 22.6625px;font-family: 'WordVisiCarriageReturn_MSFontService', Arial, 'Arial_EmbeddedFont', 'Arial_MSFontService', sans-serif\"><br class=\"SCXW228556938 BCX0\" style=\"margin: 0px;padding: 0px;white-space: pre\" \/><\/span><span class=\"TextRun SCXW228556938 BCX0\" lang=\"pt-pt\" style=\"margin: 0px;padding: 0px;color: #363636;font-size: 13.5pt;font-family: Arial, 'Arial_EmbeddedFont', 'Arial_MSFontService', sans-serif;line-height: 22.6625px\" xml:lang=\"pt-pt\"><span class=\"NormalTextRun SCXW228556938 BCX0\" style=\"margin: 0px;padding: 0px;background-color: inherit\">Ferraduras<\/span><\/span><span class=\"EOP SCXW228556938 BCX0\" style=\"margin: 0px;padding: 0px;font-size: 13.5pt;line-height: 22.6625px;font-family: Arial, 'Arial_EmbeddedFont', 'Arial_MSFontService', sans-serif;color: #363636\">\u00a0<\/span><\/p>\n<\/div>\n<div class=\"OutlineElement Ltr BCX0 SCXW228556938\" style=\"margin: 0px;padding: 0px;clear: both;font-family: 'Segoe UI', 'Segoe UI Web', Arial, Verdana, sans-serif;font-size: 12px\">\n<p class=\"Paragraph SCXW228556938 BCX0\" lang=\"pt-pt\" style=\"margin: 0px;padding: 0px;vertical-align: baseline;background-color: transparent\" xml:lang=\"pt-pt\"><span class=\"EOP SCXW228556938 BCX0\" style=\"margin: 0px;padding: 0px;font-size: 13.5pt;line-height: 22.6625px;font-family: Arial, 'Arial_EmbeddedFont', 'Arial_MSFontService', sans-serif\">\u00a0<\/span><\/p>\n<\/div>\n<div class=\"OutlineElement Ltr BCX0 SCXW228556938\" style=\"margin: 0px;padding: 0px;clear: both;font-family: 'Segoe UI', 'Segoe UI Web', Arial, Verdana, sans-serif;font-size: 12px\">\n<h3 class=\"Paragraph SCXW228556938 BCX0\" lang=\"pt-pt\" style=\"margin: 0px;padding: 0px;vertical-align: baseline;background-color: transparent\" xml:lang=\"pt-pt\"><span class=\"TextRun SCXW228556938 BCX0\" lang=\"pt-pt\" style=\"margin: 0px;padding: 0px;font-weight: bold;font-size: 13.5pt;font-family: Arial, 'Arial_EmbeddedFont', 'Arial_MSFontService', sans-serif;line-height: 22.6625px\" xml:lang=\"pt-pt\"><span class=\"NormalTextRun SCXW228556938 BCX0\" style=\"margin: 0px;padding: 0px;background-color: inherit\">Conserva\u00e7\u00e3o<\/span><\/span><span class=\"EOP SCXW228556938 BCX0\" style=\"margin: 0px;padding: 0px;font-size: 13.5pt;line-height: 22.6625px;font-family: Arial, 'Arial_EmbeddedFont', 'Arial_MSFontService', sans-serif\">\u00a0<\/span><\/h3>\n<\/div>\n<div class=\"OutlineElement Ltr BCX0 SCXW228556938\" style=\"margin: 0px;padding: 0px;clear: both;font-family: 'Segoe UI', 'Segoe UI Web', Arial, Verdana, sans-serif;font-size: 12px\">\n<p class=\"Paragraph SCXW228556938 BCX0\" lang=\"pt-pt\" style=\"margin: 0px;padding: 0px;vertical-align: baseline;background-color: transparent\" xml:lang=\"pt-pt\"><span class=\"TextRun SCXW228556938 BCX0\" lang=\"pt-pt\" style=\"margin: 0px;padding: 0px;color: #363636;font-size: 13.5pt;font-family: Arial, 'Arial_EmbeddedFont', 'Arial_MSFontService', sans-serif;line-height: 22.6625px\" xml:lang=\"pt-pt\"><span class=\"NormalTextRun SCXW228556938 BCX0\" style=\"margin: 0px;padding: 0px;background-color: inherit\">Conservar em local seco e fresco.<\/span><\/span><span class=\"EOP SCXW228556938 BCX0\" style=\"margin: 0px;padding: 0px;font-size: 13.5pt;line-height: 22.6625px;font-family: Arial, 'Arial_EmbeddedFont', 'Arial_MSFontService', sans-serif;color: #363636\">\u00a0<\/span><\/p>\n<\/div>\n<div class=\"OutlineElement Ltr SCXW228556938 BCX0\" style=\"margin: 0px;padding: 0px;clear: both;font-family: 'Segoe UI', 'Segoe UI Web', Arial, Verdana, sans-serif;font-size: 12px\">\n<p class=\"Paragraph SCXW228556938 BCX0\" lang=\"pt-pt\" style=\"margin: 0px;padding: 0px;vertical-align: baseline;background-color: transparent\" xml:lang=\"pt-pt\"><span class=\"EOP SCXW228556938 BCX0\" style=\"margin: 0px;padding: 0px;font-size: 13.5pt;line-height: 22.6625px;font-family: Arial, 'Arial_EmbeddedFont', 'Arial_MSFontService', sans-serif;color: #363636\">\u00a0<\/span><\/p>\n<\/div>\n<div class=\"OutlineElement Ltr BCX0 SCXW228556938\" style=\"margin: 0px;padding: 0px;clear: both;font-family: 'Segoe UI', 'Segoe UI Web', Arial, Verdana, sans-serif;font-size: 12px\">\n<h3 class=\"Paragraph SCXW228556938 BCX0\" lang=\"pt-pt\" style=\"margin: 0px;padding: 0px;vertical-align: baseline;background-color: transparent\" xml:lang=\"pt-pt\"><span class=\"TextRun SCXW228556938 BCX0\" lang=\"pt-pt\" style=\"margin: 0px;padding: 0px;background-color: transparent;font-weight: bold;font-size: 13.5pt;font-family: Arial, 'Arial_EmbeddedFont', 'Arial_MSFontService', sans-serif;line-height: 22.6625px\" xml:lang=\"pt-pt\"><span class=\"NormalTextRun SCXW228556938 BCX0\" style=\"margin: 0px;padding: 0px;background-color: inherit\">Origem<\/span><\/span><span class=\"EOP SCXW228556938 BCX0\" style=\"margin: 0px;padding: 0px;font-size: 13.5pt;line-height: 22.6625px;font-family: Arial, 'Arial_EmbeddedFont', 'Arial_MSFontService', sans-serif\">\u00a0<\/span><\/h3>\n<\/div>\n<div class=\"OutlineElement Ltr BCX0 SCXW228556938\" style=\"margin: 0px;padding: 0px;clear: both;font-family: 'Segoe UI', 'Segoe UI Web', Arial, Verdana, sans-serif;font-size: 12px\">\n<p class=\"Paragraph SCXW228556938 BCX0\" lang=\"pt-pt\" style=\"margin: 0px;padding: 0px;vertical-align: baseline;background-color: transparent\" xml:lang=\"pt-pt\"><span class=\"TextRun SCXW228556938 BCX0\" lang=\"pt-pt\" style=\"margin: 0px;padding: 0px;color: #363636;background-color: transparent;font-size: 14pt;font-family: Arial, 'Arial_EmbeddedFont', 'Arial_MSFontService', sans-serif;line-height: 23.7417px\" xml:lang=\"pt-pt\"><span class=\"NormalTextRun SCXW228556938 BCX0\" style=\"margin: 0px;padding: 0px;background-color: inherit\">Portugal<\/span><\/span><span class=\"EOP SCXW228556938 BCX0\" style=\"margin: 0px;padding: 0px;font-size: 14pt;line-height: 23.7417px;font-family: Arial, 'Arial_EmbeddedFont', 'Arial_MSFontService', sans-serif;color: #363636\">\u00a0<\/span><\/p>\n<\/div>\n<p class=\"MsoNormal\"><span class=\"TextRun SCXW149009758 BCX0\" lang=\"pt-pt\" style=\"margin: 0px;padding: 0px;font-size: 14pt;font-family: Arial, 'Arial_EmbeddedFont', 'Arial_MSFontService', sans-serif;line-height: 23.7417px\" xml:lang=\"pt-pt\"><span class=\"NormalTextRun SCXW149009758 BCX0\" style=\"margin: 0px;padding: 0px;background-color: inherit\">Cr\u00e9ditos\u00a0<\/span><\/span><span class=\"TextRun SCXW149009758 BCX0\" lang=\"pt-pt\" style=\"margin: 0px;padding: 0px;font-size: 14pt;font-family: Arial, 'Arial_EmbeddedFont', 'Arial_MSFontService', sans-serif;line-height: 23.7417px\" xml:lang=\"pt-pt\"><span class=\"SpellingError SCXW149009758 BCX0\" style=\"margin: 0px;padding: 0px;background-repeat: repeat-x;background-position: left bottom;border-bottom: 1px solid transparent;background-color: inherit\">tuasaude<\/span><\/span><span class=\"EOP SCXW149009758 BCX0\" style=\"margin: 0px;padding: 0px;font-size: 14pt;line-height: 23.7417px;font-family: Arial, 'Arial_EmbeddedFont', 'Arial_MSFontService', sans-serif\">\u00a0<\/span><\/p>\n","protected":false},"excerpt":{"rendered":"<p><span style=\"font-family: Montserrat, sans-serif;font-size: 15px;text-align: center\"><strong>Available to order.<\/strong><\/span><\/p>\n<p><a href=\"mailto:encomendas@hortadamaria.com\"><span style=\"font-family: Montserrat, sans-serif;font-size: 15px;text-align: center\"><img decoding=\"async\" class=\"alignnone wp-image-7628\" src=\"https:\/\/hortadamaria.com\/wp-content\/uploads\/2020\/02\/69-512.webp\" alt=\"\" width=\"57\" height=\"57\" \/> <\/span><\/a> <a href=\"https:\/\/api.whatsapp.com\/send?phone=913872715\"><img decoding=\"async\" class=\"alignnone wp-image-7713\" src=\"https:\/\/hortadamaria.com\/wp-content\/uploads\/2022\/05\/whatsapp-1.webp\" alt=\"\" width=\"67\" height=\"67\" \/><\/a><\/p>","protected":false},"featured_media":16359,"template":"","meta":[],"product_brand":[],"product_cat":[35,19],"product_tag":[],"class_list":{"0":"post-1415","1":"product","2":"type-product","3":"status-publish","4":"has-post-thumbnail","6":"product_cat-bolos-e-bolachas","7":"product_cat-cabazes-a-medida","9":"first","10":"outofstock","11":"taxable","12":"shipping-taxable","13":"purchasable","14":"product-type-simple"},"aioseo_notices":[],"jetpack_sharing_enabled":true,"_links":{"self":[{"href":"https:\/\/hortadamaria.com\/en\/wp-json\/wp\/v2\/product\/1415","targetHints":{"allow":["GET"]}}],"collection":[{"href":"https:\/\/hortadamaria.com\/en\/wp-json\/wp\/v2\/product"}],"about":[{"href":"https:\/\/hortadamaria.com\/en\/wp-json\/wp\/v2\/types\/product"}],"version-history":[{"count":1,"href":"https:\/\/hortadamaria.com\/en\/wp-json\/wp\/v2\/product\/1415\/revisions"}],"predecessor-version":[{"id":16360,"href":"https:\/\/hortadamaria.com\/en\/wp-json\/wp\/v2\/product\/1415\/revisions\/16360"}],"wp:featuredmedia":[{"embeddable":true,"href":"https:\/\/hortadamaria.com\/en\/wp-json\/wp\/v2\/media\/16359"}],"wp:attachment":[{"href":"https:\/\/hortadamaria.com\/en\/wp-json\/wp\/v2\/media?parent=1415"}],"wp:term":[{"taxonomy":"product_brand","embeddable":true,"href":"https:\/\/hortadamaria.com\/en\/wp-json\/wp\/v2\/product_brand?post=1415"},{"taxonomy":"product_cat","embeddable":true,"href":"https:\/\/hortadamaria.com\/en\/wp-json\/wp\/v2\/product_cat?post=1415"},{"taxonomy":"product_tag","embeddable":true,"href":"https:\/\/hortadamaria.com\/en\/wp-json\/wp\/v2\/product_tag?post=1415"}],"curies":[{"name":"wp","href":"https:\/\/api.w.org\/{rel}","templated":true}]}}