{"id":1331,"date":"2025-08-19T11:10:10","date_gmt":"2025-08-19T11:10:10","guid":{"rendered":"https:\/\/hortadamaria.com\/?post_type=product&#038;p=1331"},"modified":"2025-10-14T12:15:14","modified_gmt":"2025-10-14T12:15:14","slug":"mistura-tropical-250gr","status":"publish","type":"product","link":"https:\/\/hortadamaria.com\/en\/product\/mistura-tropical-250gr\/","title":{"rendered":"Tropical Mix (250g)"},"content":{"rendered":"<p style=\"font-size: 18px; font-family: Arial;\">A <strong>Mistura Tropical da Prozis<\/strong> e\u0301 uma combinac\u0327a\u0303o irresisti\u0301vel de frutos secos crocantes e frutas tropicais, juntos num snack doce, equilibrado e conveniente. Ale\u0301m disso, apresenta um elevado teor de fibra, sendo perfeita para silenciar o esto\u0302mago quando a fome ataca.<\/p>\n<h4 class=\"dry-h4 tmain tcentering zeromargin zeropadding\" style=\"font-size: 18px; font-family: Arial;\">25% de Cajus crus<\/h4>\n<p style=\"font-size: 18px; font-family: Arial;\">Ligeiramente doces e crocantes, os cajus apresentam valores nutricionais incri\u0301veis.<\/p>\n<h4 class=\"dry-h4 tmain tcentering zeromargin zeropadding\" style=\"font-size: 18px; font-family: Arial;\">15% de Castanhas-do-Brasil<\/h4>\n<p style=\"font-size: 18px; font-family: Arial;\">Com um sabor suave, textura crocante e perfil nutricional fanta\u0301stico, as castanhas-do-Brasil sa\u0303o adequadas para todos os tipos de dieta e de receitas.<\/p>\n<div class=\"holder\">\n<div class=\"blcleft\">\n<div class=\"inner\">\n<h4 class=\"dry-h4 tmain tcentering zeromargin zeropadding\" style=\"font-size: 18px; font-family: Arial;\">10% de Flocos de coco desidratado<\/h4>\n<\/div>\n<\/div>\n<div class=\"blcright\">\n<p class=\"dry-p tblack zeromargin zeropadding\" style=\"font-size: 18px; font-family: Arial;\">Estas lascas de coco va\u0303o fazer maravilhas pela textura e sabor da tua granola, papas de aveia, bolachas e batidos e va\u0303o, tambe\u0301m, de forma natural, dar-te valiosos macro e micronutrientes.<\/p>\n<h4 class=\"dry-h4 tmain tcentering zeromargin zeropadding\" style=\"font-size: 18px; font-family: Arial;\">10% de Ame\u0302ndoas torradas sem pele<\/h4>\n<p class=\"dry-p tblack zeromargin zeropadding\" style=\"font-size: 18px; font-family: Arial;\">ma das opc\u0327o\u0303es favoritas entre quem esta\u0301 a fazer dieta, as ame\u0302ndoas te\u0302m-se tornado bastante apreciadas em todo o mundo. E ha\u0301 boas razo\u0303es para esta histo\u0301ria de amor: um perfil nutricional impressionante, versatilidade e o\u0301timo sabor.<\/p>\n<div class=\"blcright1\">\n<div class=\"inner\">\n<div class=\"holder\">\n<div class=\"blcleft\">\n<div class=\"inner\">\n<h4 class=\"dry-h4 tmain tcentering zeromargin zeropadding\" style=\"font-size: 18px; font-family: Arial;\">10% de Papaia desidratada<\/h4>\n<\/div>\n<\/div>\n<div class=\"blcright\">\n<p class=\"dry-p tblack zeromargin zeropadding\" style=\"font-size: 18px; font-family: Arial;\">A papaia e\u0301 um fruto tropical com um sabor doce u\u0301nico e exo\u0301tico. As fatias desidratadas de papaia deste mix sa\u0303o perfeitas para satisfazer os teus desejos por algo doce, enquanto te fornecem alguns nutrientes importantes.<\/p>\n<h4 class=\"dry-h4 tmain tcentering zeromargin zeropadding\" style=\"font-size: 18px; font-family: Arial;\">10% de Sementes de girassol<\/h4>\n<div class=\"holder\">\n<div class=\"blcleft1\">\n<p class=\"dry-p tblack tright zeromargin zeropadding\" style=\"font-size: 18px; font-family: Arial;\">As sementes de girassol sa\u0303o um snack e um ingrediente de cozinha popular ha\u0301 va\u0301rios se\u0301culos. Sa\u0303o colhidas das majestosas flores da planta de girassol. Sabias que uma so\u0301 flor de girassol pode conter ate\u0301 2000 sementes? E\u0301 fanta\u0301stico!<\/p>\n<div class=\"holder\">\n<div class=\"blcleft\">\n<div class=\"inner\">\n<h4 class=\"dry-h4 tmain tcentering zeromargin zeropadding\" style=\"font-size: 18px; font-family: Arial;\">10% de Sementes de se\u0301samo<\/h4>\n<\/div>\n<\/div>\n<div class=\"blcright\">\n<p class=\"dry-p tblack zeromargin zeropadding\" style=\"font-size: 18px; font-family: Arial;\">As sementes de se\u0301samo esta\u0303o em todo o lado: pa\u0303es de hambu\u0301rguer, bagels, pec\u0327as de sushi, pa\u0303o, barras de cereais, etc. Estas pequeni\u0301ssimas sementes sa\u0303o ricas em macro e micro nutrientes importantes.<\/p>\n<h4 class=\"dry-h4 tmain tcentering zeromargin zeropadding\" style=\"font-size: 18px; font-family: Arial;\">5% de Anana\u0301s desidratado<\/h4>\n<div class=\"holder\">\n<div class=\"blcleft1\">\n<p class=\"dry-p tblack tright zeromargin zeropadding\" style=\"font-size: 18px; font-family: Arial;\">Estas fatias de anana\u0301s desidratado sabem ta\u0303o bem quanto um raio de sol: s\u00e3o doces, vibrantes e aroma\u0301ticas. Vais adora\u0301-las!<\/p>\n<div class=\"holder\">\n<div class=\"blcleft\">\n<div class=\"inner\">\n<h4 class=\"dry-h4 tmain tcentering zeromargin zeropadding\" style=\"font-size: 18px; font-family: Arial;\">5% de Rodelas de banana<\/h4>\n<\/div>\n<\/div>\n<div class=\"blcright\">\n<p class=\"dry-p tblack zeromargin zeropadding\" style=\"font-size: 18px; font-family: Arial;\">As rodelas de banana crocantes sa\u0303o um snack popular na I\u0301ndia, Mala\u0301sia e Indone\u0301sia. Sa\u0303o ta\u0303o saborosas e doces que podes considera\u0301-las uma verdadeira sobremesa.<\/p>\n<\/div>\n<\/div>\n<\/div>\n<div class=\"blcright1\">\n<div class=\"inner\">\n<div class=\"OutlineElement Ltr BCX2 SCXW11611879\">\n<p class=\"Paragraph BCX2 SCXW11611879\" style=\"font-weight: normal; font-style: normal; vertical-align: baseline; background-color: transparent; text-align: left; margin-left: 0px; margin-right: 0px; padding-left: 0px; padding-right: 0px; text-indent: 0px;\"><span class=\"TextRun BCX2 SCXW11611879\" lang=\"pt-pt\" style=\"font-weight: bold; font-style: normal; font-size: 13.5pt; font-family: Arial, 'Arial_EmbeddedFont', 'Arial_MSFontService', sans-serif; line-height: 22.6625px;\" xml:lang=\"pt-pt\"><span class=\"NormalTextRun BCX2 SCXW11611879\" style=\"background-color: inherit;\">Denomina\u00e7\u00e3o<\/span><\/span><span class=\"EOP BCX2 SCXW11611879\" style=\"font-size: 13.5pt; line-height: 22.6625px; font-family: Arial, 'Arial_EmbeddedFont', 'Arial_MSFontService', sans-serif;\">\u00a0<\/span><\/p>\n<\/div>\n<div class=\"OutlineElement Ltr BCX2 SCXW11611879\">\n<p class=\"Paragraph BCX2 SCXW11611879\" lang=\"pt-pt\" style=\"font-weight: normal; font-style: normal; vertical-align: baseline; background-color: transparent; text-align: left; margin-left: 0px; margin-right: 0px; padding-left: 0px; padding-right: 0px; text-indent: 0px;\" xml:lang=\"pt-pt\"><span class=\"TextRun BCX2 SCXW11611879\" lang=\"pt-pt\" style=\"font-size: 13.5pt; font-family: Arial, 'Arial_EmbeddedFont', 'Arial_MSFontService', sans-serif; line-height: 22.6625px;\" xml:lang=\"pt-pt\"><span class=\"NormalTextRun BCX2 SCXW11611879\" style=\"background-color: inherit;\">Mistura de frutas secas (anan\u00e1s desidratado, a\u00e7ucarado e aromatizado, papaia desidratada e a\u00e7ucarada) e am\u00eandoas com pele\u00a0 \u00a0<\/span><\/span><span class=\"EOP BCX2 SCXW11611879\" style=\"font-size: 13.5pt; line-height: 22.6625px; font-family: Arial, 'Arial_EmbeddedFont', 'Arial_MSFontService', sans-serif;\">\u00a0<\/span><\/p>\n<\/div>\n<div class=\"OutlineElement Ltr BCX2 SCXW11611879\">\n<p class=\"Paragraph BCX2 SCXW11611879\" style=\"font-weight: normal; font-style: normal; vertical-align: baseline; background-color: transparent; text-align: left; margin-left: 0px; margin-right: 0px; padding-left: 0px; padding-right: 0px; text-indent: 0px;\"><span class=\"TextRun BCX2 SCXW11611879\" lang=\"pt-pt\" style=\"font-weight: bold; font-style: normal; font-size: 13.5pt; font-family: Arial, 'Arial_EmbeddedFont', 'Arial_MSFontService', sans-serif; line-height: 22.6625px;\" xml:lang=\"pt-pt\"><span class=\"NormalTextRun BCX2 SCXW11611879\" style=\"background-color: inherit;\">Lista de Ingredientes<\/span><\/span><span class=\"EOP BCX2 SCXW11611879\" style=\"font-size: 13.5pt; line-height: 22.6625px; font-family: Arial, 'Arial_EmbeddedFont', 'Arial_MSFontService', sans-serif;\">\u00a0<\/span><\/p>\n<\/div>\n<div class=\"OutlineElement Ltr BCX2 SCXW11611879\">\n<p class=\"Paragraph BCX2 SCXW11611879\" lang=\"pt-pt\" style=\"font-weight: normal; font-style: normal; vertical-align: baseline; background-color: transparent; text-align: left; margin-left: 0px; margin-right: 0px; padding-left: 0px; padding-right: 0px; text-indent: 0px;\" xml:lang=\"pt-pt\"><span class=\"TextRun BCX2 SCXW11611879\" lang=\"pt-pt\" style=\"font-size: 13.5pt; font-family: Arial, 'Arial_EmbeddedFont', 'Arial_MSFontService', sans-serif; line-height: 22.6625px;\" xml:lang=\"pt-pt\"><span class=\"NormalTextRun BCX2 SCXW11611879\" style=\"background-color: inherit;\">Anan\u00e1s desidratado, a\u00e7ucarado e aromatizado 33% [anan\u00e1s, a\u00e7\u00facar, sumo de anan\u00e1s, aroma e agente acidificante: E330], papaia a\u00e7ucarada desidratada 33 % [papaia e a\u00e7\u00facar] e AM\u00caNDOAS 33%. Pode conter vest\u00edgios de AMENDOINS, OUTROS FRUTOS DE CASCA RIJA, SOJA E GL\u00daTEN.\u00a0 <\/span><\/span><span class=\"EOP BCX2 SCXW11611879\" style=\"font-size: 13.5pt; line-height: 22.6625px; font-family: Arial, 'Arial_EmbeddedFont', 'Arial_MSFontService', sans-serif;\">\u00a0<\/span><\/p>\n<\/div>\n<div class=\"OutlineElement Ltr BCX2 SCXW11611879\">\n<p class=\"Paragraph BCX2 SCXW11611879\" style=\"font-weight: normal; font-style: normal; vertical-align: baseline; background-color: transparent; text-align: left; margin-left: 0px; margin-right: 0px; padding-left: 0px; padding-right: 0px; text-indent: 0px;\"><span class=\"TextRun BCX2 SCXW11611879\" lang=\"pt-pt\" style=\"font-weight: bold; font-style: normal; font-size: 13.5pt; font-family: Arial, 'Arial_EmbeddedFont', 'Arial_MSFontService', sans-serif; line-height: 22.6625px;\" xml:lang=\"pt-pt\"><span class=\"NormalTextRun BCX2 SCXW11611879\" style=\"background-color: inherit;\">Declara\u00e7\u00e3o Nutricional<\/span><\/span><span class=\"EOP BCX2 SCXW11611879\" style=\"font-size: 13.5pt; line-height: 22.6625px; font-family: Arial, 'Arial_EmbeddedFont', 'Arial_MSFontService', sans-serif;\">\u00a0<\/span><\/p>\n<\/div>\n<div>\n<ul>\n<li><span lang=\"pt-pt\" xml:lang=\"pt-pt\">Valores m\u00e9dios por 100<\/span><span lang=\"pt-pt\" xml:lang=\"pt-pt\">g :<\/span><\/li>\n<li>Energia: 1688kj \/ 403kcal;<\/li>\n<\/ul>\n<\/div>\n<div>\n<ul>\n<li lang=\"pt-pt\" xml:lang=\"pt-pt\"><span lang=\"pt-pt\" xml:lang=\"pt-pt\">L\u00edpidos: 17 <\/span><span lang=\"pt-pt\" xml:lang=\"pt-pt\">g Dos<\/span><span lang=\"pt-pt\" xml:lang=\"pt-pt\"> quais saturados: 1,4;<\/span><\/li>\n<\/ul>\n<\/div>\n<div>\n<ul>\n<li lang=\"pt-pt\" xml:lang=\"pt-pt\"><span lang=\"pt-pt\" xml:lang=\"pt-pt\">Hidratos de Carbono: 53 g Dos quais a\u00e7\u00facares: 38 g;<\/span><\/li>\n<\/ul>\n<\/div>\n<div>\n<ul>\n<li lang=\"pt-pt\" xml:lang=\"pt-pt\"><span lang=\"pt-pt\" xml:lang=\"pt-pt\">\u00a0Fibra: 4,9 g;<\/span><\/li>\n<\/ul>\n<\/div>\n<div>\n<ul>\n<li lang=\"pt-pt\" xml:lang=\"pt-pt\"><span lang=\"pt-pt\" xml:lang=\"pt-pt\">\u00a0<\/span><span lang=\"pt-pt\" xml:lang=\"pt-pt\">Prote\u00ednas<\/span><span lang=\"pt-pt\" xml:lang=\"pt-pt\">: 7 g;<\/span><\/li>\n<\/ul>\n<\/div>\n<div>\n<ul>\n<li lang=\"pt-pt\" xml:lang=\"pt-pt\"><span lang=\"pt-pt\" xml:lang=\"pt-pt\">\u00a0Sal: 0,23 g;\u00a0 <\/span><\/li>\n<\/ul>\n<\/div>\n<div class=\"OutlineElement Ltr BCX2 SCXW11611879\">\n<p class=\"Paragraph BCX2 SCXW11611879\" style=\"font-weight: normal; font-style: normal; vertical-align: baseline; background-color: transparent; text-align: left; margin-left: 0px; margin-right: 0px; padding-left: 0px; padding-right: 0px; text-indent: 0px;\"><span class=\"TextRun BCX2 SCXW11611879\" lang=\"pt-pt\" style=\"font-weight: bold; font-style: normal; font-size: 13.5pt; font-family: Arial, 'Arial_EmbeddedFont', 'Arial_MSFontService', sans-serif; line-height: 22.6625px;\" xml:lang=\"pt-pt\"><span class=\"NormalTextRun BCX2 SCXW11611879\" style=\"background-color: inherit;\">Condi\u00e7\u00f5es de Conserva\u00e7\u00e3o e \/ou <\/span><\/span><span class=\"TextRun BCX2 SCXW11611879\" lang=\"pt-pt\" style=\"font-weight: bold; font-style: normal; font-size: 13.5pt; font-family: Arial, 'Arial_EmbeddedFont', 'Arial_MSFontService', sans-serif; line-height: 22.6625px;\" xml:lang=\"pt-pt\"><span class=\"NormalTextRun BCX2 SCXW11611879\" style=\"background-color: inherit;\">Utiliza\u00e7\u00e3o<\/span><\/span><span class=\"EOP BCX2 SCXW11611879\" style=\"font-size: 13.5pt; line-height: 22.6625px; font-family: Arial, 'Arial_EmbeddedFont', 'Arial_MSFontService', sans-serif;\">\u00a0<\/span><\/p>\n<\/div>\n<div class=\"OutlineElement Ltr BCX2 SCXW11611879\">\n<p class=\"Paragraph BCX2 SCXW11611879\" style=\"font-weight: normal; font-style: normal; vertical-align: baseline; background-color: transparent; text-align: left; margin-left: 0px; margin-right: 0px; padding-left: 0px; padding-right: 0px; text-indent: 0px;\"><span class=\"TextRun BCX2 SCXW11611879\" lang=\"pt-pt\" style=\"font-size: 13.5pt; font-family: Arial, 'Arial_EmbeddedFont', 'Arial_MSFontService', sans-serif; line-height: 22.6625px;\" xml:lang=\"pt-pt\"><span class=\"NormalTextRun BCX2 SCXW11611879\" style=\"background-color: inherit;\">Conservar em local seco e fresco.<\/span><\/span><span class=\"EOP BCX2 SCXW11611879\" style=\"font-size: 13.5pt; line-height: 22.6625px; font-family: Arial, 'Arial_EmbeddedFont', 'Arial_MSFontService', sans-serif;\">\u00a0<\/span><\/p>\n<\/div>\n<div class=\"OutlineElement Ltr BCX2 SCXW11611879\">\n<p class=\"Paragraph BCX2 SCXW11611879\" style=\"font-weight: normal; font-style: normal; vertical-align: baseline; background-color: transparent; text-align: left; margin-left: 0px; margin-right: 0px; padding-left: 0px; padding-right: 0px; text-indent: 0px;\"><span class=\"TextRun BCX2 SCXW11611879\" lang=\"pt-pt\" style=\"font-weight: bold; font-style: normal; font-size: 13.5pt; font-family: Arial, 'Arial_EmbeddedFont', 'Arial_MSFontService', sans-serif; line-height: 22.6625px;\" xml:lang=\"pt-pt\"><span class=\"NormalTextRun BCX2 SCXW11611879\" style=\"background-color: inherit;\">Nome ou Firma e endere\u00e7o do Fornecedor<\/span><\/span><span class=\"EOP BCX2 SCXW11611879\" style=\"font-size: 13.5pt; line-height: 22.6625px; font-family: Arial, 'Arial_EmbeddedFont', 'Arial_MSFontService', sans-serif;\">\u00a0<\/span><\/p>\n<\/div>\n<div class=\"OutlineElement Ltr BCX2 SCXW11611879\">\n<p class=\"Paragraph BCX2 SCXW11611879\" lang=\"pt-pt\" style=\"font-weight: normal; font-style: normal; vertical-align: baseline; background-color: transparent; text-align: left; margin-left: 0px; margin-right: 0px; padding-left: 0px; padding-right: 0px; text-indent: 0px;\" xml:lang=\"pt-pt\"><span class=\"TextRun BCX2 SCXW11611879\" lang=\"pt-pt\" style=\"font-size: 13.5pt; font-family: Arial, 'Arial_EmbeddedFont', 'Arial_MSFontService', sans-serif; line-height: 22.6625px;\" xml:lang=\"pt-pt\"><span class=\"NormalTextRun BCX2 SCXW11611879\" style=\"background-color: inherit;\">Secos da Aldeia, R. das Achadas 1, 2405-001<\/span><\/span><span class=\"EOP BCX2 SCXW11611879\" style=\"font-size: 13.5pt; line-height: 22.6625px; font-family: Arial, 'Arial_EmbeddedFont', 'Arial_MSFontService', sans-serif;\"><br \/>\n<\/span><\/p>\n<h3 lang=\"pt-pt\" xml:lang=\"pt-pt\">Origem<\/h3>\n<\/div>\n<\/div>\n<\/div>\n<\/div>\n<\/div>\n<\/div>\n<\/div>\n<div class=\"blcright1\">\n<div class=\"inner\">\n<h4 class=\"dry-h4 tmain tcentering zeromargin zeropadding\" style=\"font-size: 18px; font-family: Arial;\">Cr\u00e9ditos prozis<\/h4>\n<\/div>\n<\/div>\n<\/div>\n<\/div>\n<\/div>\n<\/div>\n<\/div>\n<\/div>\n<\/div>\n","protected":false},"excerpt":{"rendered":"<p>Package with approximately 100g<\/p>","protected":false},"featured_media":1429,"template":"","meta":[],"product_brand":[],"product_cat":[30,19,41,26],"product_tag":[],"class_list":{"0":"post-1331","1":"product","2":"type-product","3":"status-publish","4":"has-post-thumbnail","6":"product_cat-aperitivos","7":"product_cat-cabazes-a-medida","8":"product_cat-cereais-e-sementes","9":"product_cat-frutos-secos","11":"first","12":"instock","13":"taxable","14":"shipping-taxable","15":"purchasable","16":"product-type-simple"},"aioseo_notices":[],"jetpack_sharing_enabled":true,"_links":{"self":[{"href":"https:\/\/hortadamaria.com\/en\/wp-json\/wp\/v2\/product\/1331","targetHints":{"allow":["GET"]}}],"collection":[{"href":"https:\/\/hortadamaria.com\/en\/wp-json\/wp\/v2\/product"}],"about":[{"href":"https:\/\/hortadamaria.com\/en\/wp-json\/wp\/v2\/types\/product"}],"version-history":[{"count":0,"href":"https:\/\/hortadamaria.com\/en\/wp-json\/wp\/v2\/product\/1331\/revisions"}],"wp:featuredmedia":[{"embeddable":true,"href":"https:\/\/hortadamaria.com\/en\/wp-json\/wp\/v2\/media\/1429"}],"wp:attachment":[{"href":"https:\/\/hortadamaria.com\/en\/wp-json\/wp\/v2\/media?parent=1331"}],"wp:term":[{"taxonomy":"product_brand","embeddable":true,"href":"https:\/\/hortadamaria.com\/en\/wp-json\/wp\/v2\/product_brand?post=1331"},{"taxonomy":"product_cat","embeddable":true,"href":"https:\/\/hortadamaria.com\/en\/wp-json\/wp\/v2\/product_cat?post=1331"},{"taxonomy":"product_tag","embeddable":true,"href":"https:\/\/hortadamaria.com\/en\/wp-json\/wp\/v2\/product_tag?post=1331"}],"curies":[{"name":"wp","href":"https:\/\/api.w.org\/{rel}","templated":true}]}}