{"id":1320,"date":"2025-08-19T11:10:10","date_gmt":"2025-08-19T11:10:10","guid":{"rendered":"https:\/\/hortadamaria.com\/?post_type=product&#038;p=1320"},"modified":"2025-10-14T12:16:50","modified_gmt":"2025-10-14T12:16:50","slug":"sementes-linhaca-castanha-250g","status":"publish","type":"product","link":"https:\/\/hortadamaria.com\/en\/product\/sementes-linhaca-castanha-250g\/","title":{"rendered":"Brown Flax Seeds (250g)"},"content":{"rendered":"<p style=\"margin-top: 0px; font-size: 18px; line-height: 20px; font-family: Arial;\"><span style=\"font-weight: bolder;\">Benef\u00edcios da linha\u00e7a<\/span><\/p>\n<p style=\"margin-top: 0px; font-size: 18px; line-height: 20px; font-family: Arial;\"><span style=\"font-weight: bolder;\">\u00c9 rica em fibra<\/span><\/p>\n<p style=\"margin-top: 0px; font-size: 18px; line-height: 20px; font-family: Arial;\">Cada colher de sopa de linha\u00e7a tem 8g de fibra (mais do dobro do que cont\u00e9m um kiwi), com v\u00e1rios benef\u00edcios para a sa\u00fade:<\/p>\n<p style=\"margin-top: 0px; font-size: 18px; line-height: 20px; font-family: Arial;\">Regula o tr\u00e2nsito intestinal, prevenindo a obstipa\u00e7\u00e3o<\/p>\n<p style=\"margin-top: 0px; font-size: 18px; line-height: 20px; font-family: Arial;\">Tem um efeito saciante, favorecendo a manuten\u00e7\u00e3o de um peso adequado<\/p>\n<p style=\"margin-top: 0px; font-size: 18px; line-height: 20px; font-family: Arial;\">Reduz os n\u00edveis de colesterol<\/p>\n<p style=\"margin-top: 0px; font-size: 18px; line-height: 20px; font-family: Arial;\">Ajuda a controlar os n\u00edveis de a\u00e7\u00facar no sangue<\/p>\n<p style=\"margin-top: 0px; font-size: 18px; line-height: 20px; font-family: Arial;\">Entre outros benef\u00edcios<\/p>\n<p style=\"margin-top: 0px; font-size: 18px; line-height: 20px; font-family: Arial;\"><span style=\"font-weight: bolder;\">Favorece um cora\u00e7\u00e3o saud\u00e1vel<\/span><\/p>\n<p style=\"margin-top: 0px; font-size: 18px; line-height: 20px; font-family: Arial;\">Um dos benef\u00edcios da linha\u00e7a \u00e9 a sua riqueza em gorduras \u00f3mega-3, cujo papel na redu\u00e7\u00e3o dos n\u00edveis de colesterol e triglic\u00e9ridos e efeito protetor contra doen\u00e7as cardiovasculares \u00e9 reconhecido cientificamente.<\/p>\n<p style=\"margin-top: 0px; font-size: 18px; line-height: 20px; font-family: Arial;\"><span style=\"font-weight: bolder;\">\u00c9 uma aliada na menopausa<\/span><\/p>\n<p style=\"margin-top: 0px; font-size: 18px; line-height: 20px; font-family: Arial;\">A linha\u00e7a cont\u00e9m lignanos, compostos vegetais que, segundo a ci\u00eancia, atuam como uma forma fraca de estrog\u00e9nios. Um estudo publicado na revista da Society for Integrative Oncology defende que a ingest\u00e3o di\u00e1ria de linha\u00e7a ajuda a reduzir a frequ\u00eancia e a intensidade dos afrontamentos caracter\u00edsticos da menopausa.<\/p>\n<p style=\"margin-top: 0px; font-size: 18px; line-height: 20px; font-family: Arial;\"><span style=\"font-weight: bolder;\">Pode reduzir o risco de cancro<\/span><\/p>\n<p style=\"margin-top: 0px; font-size: 18px; line-height: 20px; font-family: Arial;\">Gra\u00e7as ao seu teor de \u00e1cidos gordos \u00f3mega-3, a linha\u00e7a pode travar o desenvolvimento e crescimento de c\u00e9lulas cancer\u00edgenas, protegendo contra v\u00e1rios tipos de cancro.<\/p>\n<div class=\"OutlineElement Ltr BCX0 SCXW233197225\" style=\"margin: 0px; padding: 0px; clear: both; font-family: 'Segoe UI', 'Segoe UI Web', Arial, Verdana, sans-serif; font-size: 12px;\">\n<p class=\"Paragraph BCX0 SCXW233197225\" lang=\"pt-pt\" style=\"margin: 0px; padding: 0px; vertical-align: baseline; background-color: transparent;\" xml:lang=\"pt-pt\"><span class=\"TextRun BCX0 SCXW233197225\" lang=\"pt-pt\" style=\"margin: 0px; padding: 0px; font-weight: bold; font-size: 14pt; font-family: Arial, 'Arial_EmbeddedFont', 'Arial_MSFontService', sans-serif; line-height: 23.7417px;\" xml:lang=\"pt-pt\"><span class=\"NormalTextRun BCX0 SCXW233197225\" style=\"margin: 0px; padding: 0px; background-color: inherit;\">Valores nutricionais<\/span><\/span><span class=\"TextRun BCX0 SCXW233197225\" lang=\"pt-pt\" style=\"margin: 0px; padding: 0px; font-weight: bold; font-size: 14pt; font-family: Arial, 'Arial_EmbeddedFont', 'Arial_MSFontService', sans-serif; line-height: 23.7417px;\" xml:lang=\"pt-pt\"><span class=\"NormalTextRun BCX0 SCXW233197225\" style=\"margin: 0px; padding: 0px; background-color: inherit;\">\u00a0<\/span><\/span><span class=\"EOP BCX0 SCXW233197225\" style=\"margin: 0px; padding: 0px; font-size: 14pt; line-height: 23.7417px; font-family: Arial, 'Arial_EmbeddedFont', 'Arial_MSFontService', sans-serif;\">\u00a0<\/span><\/p>\n<\/div>\n<div class=\"OutlineElement Ltr BCX0 SCXW233197225\" style=\"margin: 0px; padding: 0px; clear: both; font-family: 'Segoe UI', 'Segoe UI Web', Arial, Verdana, sans-serif; font-size: 12px;\">\n<p class=\"Paragraph BCX0 SCXW233197225\" lang=\"pt-pt\" style=\"margin: 0px; padding: 0px; vertical-align: baseline; background-color: transparent;\" xml:lang=\"pt-pt\"><span class=\"TextRun BCX0 SCXW233197225\" lang=\"pt-pt\" style=\"margin: 0px; padding: 0px; color: #363636; font-size: 13.5pt; font-family: Arial, 'Arial_EmbeddedFont', 'Arial_MSFontService', sans-serif; line-height: 22.6625px;\" xml:lang=\"pt-pt\"><span class=\"NormalTextRun BCX0 SCXW233197225\" style=\"margin: 0px; padding: 0px; background-color: inherit;\">Valores nutricionais m\u00e9dios por 100 g: Energia: 2582 kJ \/ 623 kcal; l\u00edpidos: 42,2 g, dos quais saturados: 3,7 g; hidratos de carbono: 28,9 g, dos quais a\u00e7\u00facares: 1,6 g; fibra: 27,3 g; prote\u00ednas: 18,3 g; sal: 0,03 g<\/span><\/span><span class=\"EOP BCX0 SCXW233197225\" style=\"margin: 0px; padding: 0px; font-size: 13.5pt; line-height: 22.6625px; font-family: Arial, 'Arial_EmbeddedFont', 'Arial_MSFontService', sans-serif; color: #363636;\">\u00a0<\/span><\/p>\n<\/div>\n<div class=\"OutlineElement Ltr BCX0 SCXW233197225\" style=\"margin: 0px; padding: 0px; clear: both; font-family: 'Segoe UI', 'Segoe UI Web', Arial, Verdana, sans-serif; font-size: 12px;\">\n<p class=\"Paragraph BCX0 SCXW233197225\" lang=\"pt-pt\" style=\"margin: 0px; padding: 0px; vertical-align: baseline; background-color: transparent;\" xml:lang=\"pt-pt\"><span class=\"EOP BCX0 SCXW233197225\" style=\"margin: 0px; padding: 0px; font-size: 8pt; line-height: 12.95px; font-family: Arial, 'Arial_EmbeddedFont', 'Arial_MSFontService', sans-serif; color: #7e7e7e;\">\u00a0<\/span><\/p>\n<\/div>\n<div class=\"OutlineElement Ltr BCX0 SCXW233197225\" style=\"margin: 0px; padding: 0px; clear: both; font-family: 'Segoe UI', 'Segoe UI Web', Arial, Verdana, sans-serif; font-size: 12px;\">\n<p class=\"Paragraph BCX0 SCXW233197225\" lang=\"pt-pt\" style=\"margin: 0px; padding: 0px; vertical-align: baseline; background-color: transparent;\" xml:lang=\"pt-pt\"><span class=\"TextRun BCX0 SCXW233197225\" lang=\"pt-pt\" style=\"margin: 0px; padding: 0px; font-weight: bold; font-size: 14pt; font-family: Arial, 'Arial_EmbeddedFont', 'Arial_MSFontService', sans-serif; line-height: 23.7417px;\" xml:lang=\"pt-pt\"><span class=\"NormalTextRun BCX0 SCXW233197225\" style=\"margin: 0px; padding: 0px; background-color: inherit;\">Ingredientes<\/span><\/span><span class=\"EOP BCX0 SCXW233197225\" style=\"margin: 0px; padding: 0px; font-size: 14pt; line-height: 23.7417px; font-family: Arial, 'Arial_EmbeddedFont', 'Arial_MSFontService', sans-serif;\">\u00a0<\/span><\/p>\n<\/div>\n<div class=\"OutlineElement Ltr BCX0 SCXW233197225\" style=\"margin: 0px; padding: 0px; clear: both; font-family: 'Segoe UI', 'Segoe UI Web', Arial, Verdana, sans-serif; font-size: 12px;\">\n<p class=\"Paragraph BCX0 SCXW233197225\" lang=\"pt-pt\" style=\"margin: 0px; padding: 0px; vertical-align: baseline; background-color: transparent;\" xml:lang=\"pt-pt\"><span class=\"TextRun BCX0 SCXW233197225\" lang=\"pt-pt\" style=\"margin: 0px; padding: 0px; color: #675950; font-size: 14pt; font-family: Arial, 'Arial_EmbeddedFont', 'Arial_MSFontService', sans-serif; line-height: 23.7417px;\" xml:lang=\"pt-pt\"><span class=\"NormalTextRun BCX0 SCXW233197225\" style=\"margin: 0px; padding: 0px; background-color: inherit;\">Sultanas (uvas, \u00f3leo vegetal n\u00e3o hidrogenado), Flocos de Aveia integral (27,7%), Flocos Trigo integral tostados (14,8%) (trigo, a\u00e7\u00facar, sal, malte de cevada e emulsionantes (mono e\u00a0<\/span><\/span><span class=\"TextRun BCX0 SCXW233197225\" lang=\"pt-pt\" style=\"margin: 0px; padding: 0px; color: #675950; font-size: 14pt; font-family: Arial, 'Arial_EmbeddedFont', 'Arial_MSFontService', sans-serif; line-height: 23.7417px;\" xml:lang=\"pt-pt\"><span class=\"SpellingError BCX0 SCXW233197225\" style=\"margin: 0px; padding: 0px; background-repeat: repeat-x; background-position: left bottom; border-bottom: 1px solid transparent; background-color: inherit;\">diglic\u00e9ridos<\/span><\/span><span class=\"TextRun BCX0 SCXW233197225\" lang=\"pt-pt\" style=\"margin: 0px; padding: 0px; color: #675950; font-size: 14pt; font-family: Arial, 'Arial_EmbeddedFont', 'Arial_MSFontService', sans-serif; line-height: 23.7417px;\" xml:lang=\"pt-pt\"><span class=\"NormalTextRun BCX0 SCXW233197225\" style=\"margin: 0px; padding: 0px; background-color: inherit;\">\u00a0de \u00e1cidos gordos), Flocos de Cevada integral tostados (14,8%) (cevada, a\u00e7\u00facar, sal, malte de cevada, emulsionantes [mono e\u00a0<\/span><\/span><span class=\"TextRun BCX0 SCXW233197225\" lang=\"pt-pt\" style=\"margin: 0px; padding: 0px; color: #675950; font-size: 14pt; font-family: Arial, 'Arial_EmbeddedFont', 'Arial_MSFontService', sans-serif; line-height: 23.7417px;\" xml:lang=\"pt-pt\"><span class=\"SpellingError BCX0 SCXW233197225\" style=\"margin: 0px; padding: 0px; background-repeat: repeat-x; background-position: left bottom; border-bottom: 1px solid transparent; background-color: inherit;\">diglic\u00e9ridos<\/span><\/span><span class=\"TextRun BCX0 SCXW233197225\" lang=\"pt-pt\" style=\"margin: 0px; padding: 0px; color: #675950; font-size: 14pt; font-family: Arial, 'Arial_EmbeddedFont', 'Arial_MSFontService', sans-serif; line-height: 23.7417px;\" xml:lang=\"pt-pt\"><span class=\"NormalTextRun BCX0 SCXW233197225\" style=\"margin: 0px; padding: 0px; background-color: inherit;\">\u00a0de \u00e1cidos gordos]) e Sementes de Girassol (14,8%).<\/span><\/span><span class=\"EOP BCX0 SCXW233197225\" style=\"margin: 0px; padding: 0px; font-size: 14pt; line-height: 23.7417px; font-family: Arial, 'Arial_EmbeddedFont', 'Arial_MSFontService', sans-serif; color: #675950;\">\u00a0<\/span><\/p>\n<\/div>\n<div class=\"OutlineElement Ltr BCX0 SCXW233197225\" style=\"margin: 0px; padding: 0px; clear: both; font-family: 'Segoe UI', 'Segoe UI Web', Arial, Verdana, sans-serif; font-size: 12px;\">\n<p class=\"Paragraph BCX0 SCXW233197225\" lang=\"pt-pt\" style=\"margin: 0px; padding: 0px; vertical-align: baseline; background-color: transparent;\" xml:lang=\"pt-pt\"><span class=\"EOP BCX0 SCXW233197225\" style=\"margin: 0px; padding: 0px; font-size: 13.5pt; line-height: 22.6625px; font-family: Arial, 'Arial_EmbeddedFont', 'Arial_MSFontService', sans-serif; color: #363636;\">\u00a0<\/span><\/p>\n<\/div>\n<div class=\"OutlineElement Ltr BCX0 SCXW233197225\" style=\"margin: 0px; padding: 0px; clear: both; font-family: 'Segoe UI', 'Segoe UI Web', Arial, Verdana, sans-serif; font-size: 12px;\">\n<p class=\"Paragraph BCX0 SCXW233197225\" lang=\"pt-pt\" style=\"margin: 0px; padding: 0px; vertical-align: baseline; background-color: transparent;\" xml:lang=\"pt-pt\"><span class=\"TextRun BCX0 SCXW233197225\" lang=\"pt-pt\" style=\"margin: 0px; padding: 0px; color: #363636; font-weight: bold; font-size: 13.5pt; font-family: Arial, 'Arial_EmbeddedFont', 'Arial_MSFontService', sans-serif; line-height: 22.6625px;\" xml:lang=\"pt-pt\"><span class=\"NormalTextRun BCX0 SCXW233197225\" style=\"margin: 0px; padding: 0px; background-color: inherit;\">Denomina\u00e7\u00e3o\u00a0<\/span><\/span><span class=\"EOP BCX0 SCXW233197225\" style=\"margin: 0px; padding: 0px; font-size: 13.5pt; line-height: 22.6625px; font-family: Arial, 'Arial_EmbeddedFont', 'Arial_MSFontService', sans-serif; color: #363636;\">\u00a0<\/span><\/p>\n<\/div>\n<div class=\"OutlineElement Ltr BCX0 SCXW233197225\" style=\"margin: 0px; padding: 0px; clear: both; font-family: 'Segoe UI', 'Segoe UI Web', Arial, Verdana, sans-serif; font-size: 12px;\">\n<p class=\"Paragraph BCX0 SCXW233197225\" lang=\"pt-pt\" style=\"margin: 0px; padding: 0px; vertical-align: baseline; background-color: transparent;\" xml:lang=\"pt-pt\"><span class=\"TextRun BCX0 SCXW233197225\" lang=\"pt-pt\" style=\"margin: 0px; padding: 0px; color: #363636; font-size: 13.5pt; font-family: Arial, 'Arial_EmbeddedFont', 'Arial_MSFontService', sans-serif; line-height: 22.6625px;\" xml:lang=\"pt-pt\"><span class=\"NormalTextRun BCX0 SCXW233197225\" style=\"margin: 0px; padding: 0px; background-color: inherit;\">Sementes de Linha\u00e7a<\/span><\/span><span class=\"EOP BCX0 SCXW233197225\" style=\"margin: 0px; padding: 0px; font-size: 13.5pt; line-height: 22.6625px; font-family: Arial, 'Arial_EmbeddedFont', 'Arial_MSFontService', sans-serif; color: #363636;\">\u00a0<\/span><\/p>\n<\/div>\n<div class=\"OutlineElement Ltr BCX0 SCXW233197225\" style=\"margin: 0px; padding: 0px; clear: both; font-family: 'Segoe UI', 'Segoe UI Web', Arial, Verdana, sans-serif; font-size: 12px;\">\n<p class=\"Paragraph BCX0 SCXW233197225\" lang=\"pt-pt\" style=\"margin: 0px; padding: 0px; vertical-align: baseline; background-color: transparent;\" xml:lang=\"pt-pt\"><span class=\"EOP BCX0 SCXW233197225\" style=\"margin: 0px; padding: 0px; font-size: 13.5pt; line-height: 22.6625px; font-family: Arial, 'Arial_EmbeddedFont', 'Arial_MSFontService', sans-serif; color: #363636;\">\u00a0<\/span><\/p>\n<\/div>\n<div class=\"OutlineElement Ltr BCX0 SCXW233197225\" style=\"margin: 0px; padding: 0px; clear: both; font-family: 'Segoe UI', 'Segoe UI Web', Arial, Verdana, sans-serif; font-size: 12px;\">\n<p class=\"Paragraph BCX0 SCXW233197225\" lang=\"pt-pt\" style=\"margin: 0px; padding: 0px; vertical-align: baseline; background-color: transparent;\" xml:lang=\"pt-pt\"><span class=\"TextRun BCX0 SCXW233197225\" lang=\"pt-pt\" style=\"margin: 0px; padding: 0px; color: #363636; font-weight: bold; font-size: 13.5pt; font-family: Arial, 'Arial_EmbeddedFont', 'Arial_MSFontService', sans-serif; line-height: 22.6625px;\" xml:lang=\"pt-pt\"><span class=\"NormalTextRun BCX0 SCXW233197225\" style=\"margin: 0px; padding: 0px; background-color: inherit;\">Conserva\u00e7\u00e3o\u00a0<\/span><\/span><span class=\"EOP BCX0 SCXW233197225\" style=\"margin: 0px; padding: 0px; font-size: 13.5pt; line-height: 22.6625px; font-family: Arial, 'Arial_EmbeddedFont', 'Arial_MSFontService', sans-serif; color: #363636;\">\u00a0<\/span><\/p>\n<\/div>\n<div class=\"OutlineElement Ltr BCX0 SCXW233197225\" style=\"margin: 0px; padding: 0px; clear: both; font-family: 'Segoe UI', 'Segoe UI Web', Arial, Verdana, sans-serif; font-size: 12px;\">\n<p class=\"Paragraph BCX0 SCXW233197225\" lang=\"pt-pt\" style=\"margin: 0px; padding: 0px; vertical-align: baseline; background-color: transparent;\" xml:lang=\"pt-pt\"><span class=\"TextRun BCX0 SCXW233197225\" lang=\"pt-pt\" style=\"margin: 0px; padding: 0px; color: #363636; font-size: 13.5pt; font-family: Arial, 'Arial_EmbeddedFont', 'Arial_MSFontService', sans-serif; line-height: 22.6625px;\" xml:lang=\"pt-pt\"><span class=\"NormalTextRun BCX0 SCXW233197225\" style=\"margin: 0px; padding: 0px; background-color: inherit;\">Conservar em local seco e fresco, e proteger da luz. Manter a embalagem fechada ap\u00f3s cada utiliza\u00e7\u00e3o.<\/span><\/span><span class=\"EOP BCX0 SCXW233197225\" style=\"margin: 0px; padding: 0px; font-size: 13.5pt; line-height: 22.6625px; font-family: Arial, 'Arial_EmbeddedFont', 'Arial_MSFontService', sans-serif; color: #363636;\">\u00a0<\/span><\/p>\n<\/div>\n<div class=\"OutlineElement Ltr BCX0 SCXW233197225\" style=\"margin: 0px; padding: 0px; clear: both; font-family: 'Segoe UI', 'Segoe UI Web', Arial, Verdana, sans-serif; font-size: 12px;\">\n<p class=\"Paragraph BCX0 SCXW233197225\" lang=\"pt-pt\" style=\"margin: 0px; padding: 0px; vertical-align: baseline; background-color: transparent;\" xml:lang=\"pt-pt\"><span class=\"EOP BCX0 SCXW233197225\" style=\"margin: 0px; padding: 0px; font-size: 13.5pt; line-height: 22.6625px; font-family: Arial, 'Arial_EmbeddedFont', 'Arial_MSFontService', sans-serif; color: #363636;\">\u00a0<\/span><\/p>\n<\/div>\n<div class=\"OutlineElement Ltr BCX0 SCXW233197225\" style=\"margin: 0px; padding: 0px; clear: both; font-family: 'Segoe UI', 'Segoe UI Web', Arial, Verdana, sans-serif; font-size: 12px;\">\n<p class=\"Paragraph BCX0 SCXW233197225\" lang=\"pt-pt\" style=\"margin: 0px; padding: 0px; vertical-align: baseline; background-color: transparent;\" xml:lang=\"pt-pt\"><span class=\"TextRun BCX0 SCXW233197225\" lang=\"pt-pt\" style=\"margin: 0px; padding: 0px; color: #222222; font-weight: bold; font-size: 13.5pt; font-family: Arial, 'Arial_EmbeddedFont', 'Arial_MSFontService', sans-serif; line-height: 22.6625px;\" xml:lang=\"pt-pt\"><span class=\"NormalTextRun BCX0 SCXW233197225\" style=\"margin: 0px; padding: 0px; background-color: inherit;\">Nome ou Firma e endere\u00e7o do Fornecedor<\/span><\/span><span class=\"EOP BCX0 SCXW233197225\" style=\"margin: 0px; padding: 0px; font-size: 13.5pt; line-height: 22.6625px; font-family: Arial, 'Arial_EmbeddedFont', 'Arial_MSFontService', sans-serif; color: #222222;\">\u00a0<\/span><\/p>\n<\/div>\n<div class=\"OutlineElement Ltr BCX0 SCXW233197225\" style=\"margin: 0px; padding: 0px; clear: both; font-family: 'Segoe UI', 'Segoe UI Web', Arial, Verdana, sans-serif; font-size: 12px;\">\n<p class=\"Paragraph BCX0 SCXW233197225\" lang=\"pt-pt\" style=\"margin: 0px; padding: 0px; vertical-align: baseline; background-color: transparent;\" xml:lang=\"pt-pt\"><span class=\"TextRun BCX0 SCXW233197225\" lang=\"pt-pt\" style=\"margin: 0px; padding: 0px; color: #363636; font-size: 13.5pt; font-family: Arial, 'Arial_EmbeddedFont', 'Arial_MSFontService', sans-serif; line-height: 22.6625px;\" xml:lang=\"pt-pt\"><span class=\"SpellingError BCX0 SCXW233197225\" style=\"margin: 0px; padding: 0px; background-repeat: repeat-x; background-position: left bottom; border-bottom: 1px solid transparent; background-color: inherit;\">Satulem<\/span><span class=\"NormalTextRun BCX0 SCXW233197225\" style=\"margin: 0px; padding: 0px; background-color: inherit;\">, A CENTAZZI, LDA RUA RODRIGO SARMENTO BEIRES, 23 PARQUE INDUSTRIAL DO SEIXAL 2840-068 ALDEIA DE PAIO PIRES<\/span><\/span><span class=\"EOP BCX0 SCXW233197225\" style=\"margin: 0px; padding: 0px; font-size: 13.5pt; line-height: 22.6625px; font-family: Arial, 'Arial_EmbeddedFont', 'Arial_MSFontService', sans-serif; color: #363636;\">\u00a0<\/span><\/p>\n<\/div>\n<div class=\"OutlineElement Ltr BCX0 SCXW233197225\" style=\"margin: 0px; padding: 0px; clear: both; font-family: 'Segoe UI', 'Segoe UI Web', Arial, Verdana, sans-serif; font-size: 12px;\">\n<p class=\"Paragraph BCX0 SCXW233197225\" lang=\"pt-pt\" style=\"margin: 0px; padding: 0px; vertical-align: baseline; background-color: transparent;\" xml:lang=\"pt-pt\"><span class=\"TextRun BCX0 SCXW233197225\" lang=\"pt-pt\" style=\"margin: 0px; padding: 0px; color: #363636; font-size: 13.5pt; font-family: Arial, 'Arial_EmbeddedFont', 'Arial_MSFontService', sans-serif; line-height: 22.6625px;\" xml:lang=\"pt-pt\"><span class=\"NormalTextRun BCX0 SCXW233197225\" style=\"margin: 0px; padding: 0px; background-color: inherit;\">Cem Porcento,\u00a0<\/span><span class=\"SpellingError BCX0 SCXW233197225\" style=\"margin: 0px; padding: 0px; background-repeat: repeat-x; background-position: left bottom; border-bottom: 1px solid transparent; background-color: inherit;\">Ignoramus<\/span><span class=\"NormalTextRun BCX0 SCXW233197225\" style=\"margin: 0px; padding: 0px; background-color: inherit;\">\u00a0&#8211; Produtos Naturais\u00a0<\/span><\/span><span class=\"TextRun BCX0 SCXW233197225\" lang=\"pt-pt\" style=\"margin: 0px; padding: 0px; color: #363636; font-size: 13.5pt; font-family: Arial, 'Arial_EmbeddedFont', 'Arial_MSFontService', sans-serif; line-height: 22.6625px;\" xml:lang=\"pt-pt\"><span class=\"SpellingError BCX0 SCXW233197225\" style=\"margin: 0px; padding: 0px; background-repeat: repeat-x; background-position: left bottom; border-bottom: 1px solid transparent; background-color: inherit;\">Lda<\/span><\/span><span class=\"TextRun BCX0 SCXW233197225\" lang=\"pt-pt\" style=\"margin: 0px; padding: 0px; color: #363636; font-size: 13.5pt; font-family: Arial, 'Arial_EmbeddedFont', 'Arial_MSFontService', sans-serif; line-height: 22.6625px;\" xml:lang=\"pt-pt\"><span class=\"NormalTextRun BCX0 SCXW233197225\" style=\"margin: 0px; padding: 0px; background-color: inherit;\">\u00a0<\/span><\/span><span class=\"TextRun BCX0 SCXW233197225\" lang=\"pt-pt\" style=\"margin: 0px; padding: 0px; color: #363636; font-size: 13.5pt; font-family: Arial, 'Arial_EmbeddedFont', 'Arial_MSFontService', sans-serif; line-height: 22.6625px;\" xml:lang=\"pt-pt\"><span class=\"SpellingError BCX0 SCXW233197225\" style=\"margin: 0px; padding: 0px; background-repeat: repeat-x; background-position: left bottom; border-bottom: 1px solid transparent; background-color: inherit;\">pt:Avenida<\/span><\/span><span class=\"TextRun BCX0 SCXW233197225\" lang=\"pt-pt\" style=\"margin: 0px; padding: 0px; color: #363636; font-size: 13.5pt; font-family: Arial, 'Arial_EmbeddedFont', 'Arial_MSFontService', sans-serif; line-height: 22.6625px;\" xml:lang=\"pt-pt\"><span class=\"NormalTextRun BCX0 SCXW233197225\" style=\"margin: 0px; padding: 0px; background-color: inherit;\">\u00a0Nossa Sr.\u00aa de Guadalupe, n.\u00ba 71 2135-015 Samora Correia, Portugal<\/span><\/span><span class=\"EOP BCX0 SCXW233197225\" style=\"margin: 0px; padding: 0px; font-size: 13.5pt; line-height: 22.6625px; font-family: Arial, 'Arial_EmbeddedFont', 'Arial_MSFontService', sans-serif; color: #363636;\">\u00a0<\/span><\/p>\n<p class=\"Paragraph BCX0 SCXW233197225\" lang=\"pt-pt\" style=\"margin: 0px; padding: 0px; vertical-align: baseline; background-color: transparent;\" xml:lang=\"pt-pt\">\n<\/div>\n<p style=\"margin-top: 0px; font-size: 18px; line-height: 20px; font-family: Arial;\">Cr\u00e9ditos Cuf<\/p>\n","protected":false},"excerpt":{"rendered":"<p>Biological<\/p>","protected":false},"featured_media":1386,"template":"","meta":[],"product_brand":[],"product_cat":[41],"product_tag":[],"class_list":{"0":"post-1320","1":"product","2":"type-product","3":"status-publish","4":"has-post-thumbnail","6":"product_cat-cereais-e-sementes","8":"first","9":"instock","10":"taxable","11":"shipping-taxable","12":"purchasable","13":"product-type-simple"},"aioseo_notices":[],"jetpack_sharing_enabled":true,"_links":{"self":[{"href":"https:\/\/hortadamaria.com\/en\/wp-json\/wp\/v2\/product\/1320","targetHints":{"allow":["GET"]}}],"collection":[{"href":"https:\/\/hortadamaria.com\/en\/wp-json\/wp\/v2\/product"}],"about":[{"href":"https:\/\/hortadamaria.com\/en\/wp-json\/wp\/v2\/types\/product"}],"version-history":[{"count":0,"href":"https:\/\/hortadamaria.com\/en\/wp-json\/wp\/v2\/product\/1320\/revisions"}],"wp:featuredmedia":[{"embeddable":true,"href":"https:\/\/hortadamaria.com\/en\/wp-json\/wp\/v2\/media\/1386"}],"wp:attachment":[{"href":"https:\/\/hortadamaria.com\/en\/wp-json\/wp\/v2\/media?parent=1320"}],"wp:term":[{"taxonomy":"product_brand","embeddable":true,"href":"https:\/\/hortadamaria.com\/en\/wp-json\/wp\/v2\/product_brand?post=1320"},{"taxonomy":"product_cat","embeddable":true,"href":"https:\/\/hortadamaria.com\/en\/wp-json\/wp\/v2\/product_cat?post=1320"},{"taxonomy":"product_tag","embeddable":true,"href":"https:\/\/hortadamaria.com\/en\/wp-json\/wp\/v2\/product_tag?post=1320"}],"curies":[{"name":"wp","href":"https:\/\/api.w.org\/{rel}","templated":true}]}}