{"id":1291,"date":"2025-08-19T11:09:47","date_gmt":"2025-08-19T11:09:47","guid":{"rendered":"https:\/\/hortadamaria.com\/?post_type=product&#038;p=1291"},"modified":"2025-08-19T11:10:38","modified_gmt":"2025-08-19T11:10:38","slug":"granola-superior-500g","status":"publish","type":"product","link":"https:\/\/hortadamaria.com\/en\/product\/granola-superior-500g\/","title":{"rendered":"Superior Granola (500g)"},"content":{"rendered":"<div><\/div>\n<div>\n<h3 lang=\"pt-pt\" xml:lang=\"pt-pt\"><span lang=\"pt-pt\" xml:lang=\"pt-pt\">Ingredients<\/span><\/h3>\n<\/div>\n<div>\n<ul>\n<li lang=\"pt-pt\" xml:lang=\"pt-pt\"><span lang=\"pt-pt\" xml:lang=\"pt-pt\">Whole OAT Flakes (41%),<\/span><\/li>\n<li lang=\"pt-pt\" xml:lang=\"pt-pt\"><span lang=\"pt-pt\" xml:lang=\"pt-pt\">HAZELNUTS (9%)<\/span><\/li>\n<li lang=\"pt-pt\" xml:lang=\"pt-pt\"><span lang=\"pt-pt\" xml:lang=\"pt-pt\"> pumpkin seeds (8%) <\/span><\/li>\n<li lang=\"pt-pt\" xml:lang=\"pt-pt\"><span lang=\"pt-pt\" xml:lang=\"pt-pt\">sunflower seed sugar (6%)<\/span><\/li>\n<li lang=\"pt-pt\" xml:lang=\"pt-pt\"><span lang=\"pt-pt\" xml:lang=\"pt-pt\"> ALMONDS (6%)<\/span><\/li>\n<li lang=\"pt-pt\" xml:lang=\"pt-pt\"><span lang=\"pt-pt\" xml:lang=\"pt-pt\"> puffed rice (rice [], sugar, WHEAT gluten, malted BARLEY and WHEAT flour and salt)<\/span><\/li>\n<li lang=\"pt-pt\" xml:lang=\"pt-pt\"><span lang=\"pt-pt\" xml:lang=\"pt-pt\"> palm vegetable oil<\/span><\/li>\n<li lang=\"pt-pt\" xml:lang=\"pt-pt\"><span lang=\"pt-pt\" xml:lang=\"pt-pt\"> honey<\/span><\/li>\n<li lang=\"pt-pt\" xml:lang=\"pt-pt\"><span lang=\"pt-pt\" xml:lang=\"pt-pt\"> PECAN NUTS (3%)<\/span><\/li>\n<li lang=\"pt-pt\" xml:lang=\"pt-pt\"><span lang=\"pt-pt\" xml:lang=\"pt-pt\"> flax seeds (2%)<\/span><\/li>\n<li lang=\"pt-pt\" xml:lang=\"pt-pt\"><span lang=\"pt-pt\" xml:lang=\"pt-pt\"> wheat flour<\/span><\/li>\n<li lang=\"pt-pt\" xml:lang=\"pt-pt\"><span lang=\"pt-pt\" xml:lang=\"pt-pt\"> Defatted MILK powder and salt<\/span><\/li>\n<li lang=\"pt-pt\" xml:lang=\"pt-pt\"><span lang=\"pt-pt\" xml:lang=\"pt-pt\"> Contains cereals that contain gluten<\/span><\/li>\n<li lang=\"pt-pt\" xml:lang=\"pt-pt\"><span lang=\"pt-pt\" xml:lang=\"pt-pt\"> Nuts<\/span><\/li>\n<li lang=\"pt-pt\" xml:lang=\"pt-pt\"><span lang=\"pt-pt\" xml:lang=\"pt-pt\"> Milk<\/span><\/li>\n<li lang=\"pt-pt\" xml:lang=\"pt-pt\"><span lang=\"pt-pt\" xml:lang=\"pt-pt\"> May contain traces of Soy<\/span><\/li>\n<li lang=\"pt-pt\" xml:lang=\"pt-pt\"><span lang=\"pt-pt\" xml:lang=\"pt-pt\"> Sesame seeds.<\/span><\/li>\n<\/ul>\n<\/div>\n<div>\n<h3 lang=\"pt-pt\" xml:lang=\"pt-pt\">Nutritional declaration<\/h3>\n<ul>\n<li><span lang=\"pt-pt\" xml:lang=\"pt-pt\"> Energy: 2070.10 kJ \/ 495.60 kcal<\/span><\/li>\n<li><span lang=\"pt-pt\" xml:lang=\"pt-pt\"> Lipids: 25.80 g<\/span><\/li>\n<li><span lang=\"pt-pt\" xml:lang=\"pt-pt\"> Of which saturated fatty acids: 4.30 g<\/span><\/li>\n<li><span lang=\"pt-pt\" xml:lang=\"pt-pt\"> Carbohydrates: 48.80 g<\/span><\/li>\n<li><span lang=\"pt-pt\" xml:lang=\"pt-pt\"> Of which sugars: 16.90 g<\/span><\/li>\n<li><span lang=\"pt-pt\" xml:lang=\"pt-pt\"> Fiber: 7.90 g;<\/span><\/li>\n<li><span lang=\"pt-pt\" xml:lang=\"pt-pt\">Protein: 13.10 g<\/span><\/li>\n<li><span lang=\"pt-pt\" xml:lang=\"pt-pt\"> Salt: 0.55 g<\/span><\/li>\n<\/ul>\n<\/div>\n<div>\n<h3 lang=\"pt-pt\" xml:lang=\"pt-pt\"><span lang=\"pt-pt\" xml:lang=\"pt-pt\">Name\u00a0<\/span><\/h3>\n<\/div>\n<div>\n<p lang=\"pt-pt\" xml:lang=\"pt-pt\"><span lang=\"pt-pt\" xml:lang=\"pt-pt\">Granola<\/span><\/p>\n<\/div>\n<div>\n<h4 lang=\"pt-pt\" xml:lang=\"pt-pt\"><span lang=\"pt-pt\" xml:lang=\"pt-pt\">Conservation\u00a0<\/span><\/h4>\n<\/div>\n<div>\n<p lang=\"pt-pt\" xml:lang=\"pt-pt\"><span lang=\"pt-pt\" xml:lang=\"pt-pt\">Store in a cool, dry place<\/span><\/p>\n<\/div>\n<div>\n<p lang=\"pt-pt\" xml:lang=\"pt-pt\"><span lang=\"pt-pt\" xml:lang=\"pt-pt\">Supplier Name or Company and Address<\/span><\/p>\n<\/div>\n<div>\n<p lang=\"pt-pt\" xml:lang=\"pt-pt\"><span lang=\"pt-pt\" xml:lang=\"pt-pt\">CENTAZZI, LDA pt:R. Jos\u00e9 Vicente Gon\u00e7alves, n\u00ba 16<\/span><\/p>\n<p lang=\"pt-pt\" xml:lang=\"pt-pt\">Auchan Credits<\/p>\n<\/div>","protected":false},"excerpt":{"rendered":"<p>Ingredientes Flocos de AVEIA integral (41%), AVEL\u00c3S (9%) pevides de ab\u00f3bora (8%) a\u00e7\u00facar sementes de girassol (6%) AM\u00caNDOAS (6%) arroz tufado (arroz [], a\u00e7\u00facar, gl\u00faten de TRIGO, farinha maltada de CEVADA e TRIGO e sal) \u00f3leo vegetal de palma mel NOZES PECAN (3%) sementes de linha\u00e7a (2%) farinha de TRIGO LEITE em p\u00f3 desengordurado e [&hellip;]<\/p>\n","protected":false},"featured_media":1384,"template":"","meta":[],"product_brand":[],"product_cat":[41],"product_tag":[],"class_list":{"0":"post-1291","1":"product","2":"type-product","3":"status-publish","4":"has-post-thumbnail","6":"product_cat-cereais-e-sementes","8":"first","9":"outofstock","10":"taxable","11":"shipping-taxable","12":"purchasable","13":"product-type-simple"},"aioseo_notices":[],"jetpack_sharing_enabled":true,"_links":{"self":[{"href":"https:\/\/hortadamaria.com\/en\/wp-json\/wp\/v2\/product\/1291","targetHints":{"allow":["GET"]}}],"collection":[{"href":"https:\/\/hortadamaria.com\/en\/wp-json\/wp\/v2\/product"}],"about":[{"href":"https:\/\/hortadamaria.com\/en\/wp-json\/wp\/v2\/types\/product"}],"version-history":[{"count":0,"href":"https:\/\/hortadamaria.com\/en\/wp-json\/wp\/v2\/product\/1291\/revisions"}],"wp:featuredmedia":[{"embeddable":true,"href":"https:\/\/hortadamaria.com\/en\/wp-json\/wp\/v2\/media\/1384"}],"wp:attachment":[{"href":"https:\/\/hortadamaria.com\/en\/wp-json\/wp\/v2\/media?parent=1291"}],"wp:term":[{"taxonomy":"product_brand","embeddable":true,"href":"https:\/\/hortadamaria.com\/en\/wp-json\/wp\/v2\/product_brand?post=1291"},{"taxonomy":"product_cat","embeddable":true,"href":"https:\/\/hortadamaria.com\/en\/wp-json\/wp\/v2\/product_cat?post=1291"},{"taxonomy":"product_tag","embeddable":true,"href":"https:\/\/hortadamaria.com\/en\/wp-json\/wp\/v2\/product_tag?post=1291"}],"curies":[{"name":"wp","href":"https:\/\/api.w.org\/{rel}","templated":true}]}}