{"id":1290,"date":"2025-08-19T11:09:47","date_gmt":"2025-08-19T11:09:47","guid":{"rendered":"https:\/\/hortadamaria.com\/?post_type=product&#038;p=1290"},"modified":"2025-08-19T11:10:37","modified_gmt":"2025-08-19T11:10:37","slug":"granola-250g","status":"publish","type":"product","link":"https:\/\/hortadamaria.com\/en\/product\/granola-250g\/","title":{"rendered":"Granola (250g)"},"content":{"rendered":"<div><\/div>\n<div>\n<p lang=\"pt-pt\" xml:lang=\"pt-pt\">\n<\/div>\n<div>\n<h3 lang=\"pt-pt\" xml:lang=\"pt-pt\"><span lang=\"pt-pt\" xml:lang=\"pt-pt\">Ingredientes<\/span><\/h3>\n<\/div>\n<div>\n<ul>\n<li lang=\"pt-pt\" xml:lang=\"pt-pt\"><span lang=\"pt-pt\" xml:lang=\"pt-pt\">FLOCOS DE AVEIA INTEGRAL (43%)<\/span><\/li>\n<li lang=\"pt-pt\" xml:lang=\"pt-pt\"><span lang=\"pt-pt\" xml:lang=\"pt-pt\"> A\u00e7\u00facar<\/span><\/li>\n<li lang=\"pt-pt\" xml:lang=\"pt-pt\"><span lang=\"pt-pt\" xml:lang=\"pt-pt\">Pevides de Ab\u00f3bora (8%)<\/span><\/li>\n<li lang=\"pt-pt\" xml:lang=\"pt-pt\"><span lang=\"pt-pt\" xml:lang=\"pt-pt\"> Sementes de Girassol (8%)<\/span><\/li>\n<li lang=\"pt-pt\" xml:lang=\"pt-pt\"><span lang=\"pt-pt\" xml:lang=\"pt-pt\"> ARROZ TUFADO (ARROZ [6%]<\/span><\/li>\n<li lang=\"pt-pt\" xml:lang=\"pt-pt\"><span lang=\"pt-pt\" xml:lang=\"pt-pt\"> A\u00c7UCAR<\/span><\/li>\n<li lang=\"pt-pt\" xml:lang=\"pt-pt\"><span lang=\"pt-pt\" xml:lang=\"pt-pt\"> GL\u00daTEN DE TRIGO<\/span><\/li>\n<li lang=\"pt-pt\" xml:lang=\"pt-pt\"><span lang=\"pt-pt\" xml:lang=\"pt-pt\"> FARINHA MALTADA DE CEVADA E TRIGO E SAL)<\/span><\/li>\n<li lang=\"pt-pt\" xml:lang=\"pt-pt\"><span lang=\"pt-pt\" xml:lang=\"pt-pt\">Sultanas (5%)<\/span><\/li>\n<li lang=\"pt-pt\" xml:lang=\"pt-pt\"><span lang=\"pt-pt\" xml:lang=\"pt-pt\"> \u00d3leo Vegetal de Palma<\/span><\/li>\n<li lang=\"pt-pt\" xml:lang=\"pt-pt\"><span lang=\"pt-pt\" xml:lang=\"pt-pt\"> Mel<\/span><\/li>\n<li lang=\"pt-pt\" xml:lang=\"pt-pt\"><span lang=\"pt-pt\" xml:lang=\"pt-pt\"> AVEL\u00c3S (3%)<\/span><\/li>\n<li lang=\"pt-pt\" xml:lang=\"pt-pt\"><span lang=\"pt-pt\" xml:lang=\"pt-pt\">AM\u00caNDOAS (3%)<\/span><\/li>\n<li lang=\"pt-pt\" xml:lang=\"pt-pt\"><span lang=\"pt-pt\" xml:lang=\"pt-pt\"> Mirtilos desidratados (a\u00e7\u00facar, mirtilos, \u00f3leo vegetal de girassol) (2%)<\/span><\/li>\n<li lang=\"pt-pt\" xml:lang=\"pt-pt\"><span lang=\"pt-pt\" xml:lang=\"pt-pt\"> Sementes de Linha\u00e7a (2%)<\/span><\/li>\n<li lang=\"pt-pt\" xml:lang=\"pt-pt\"><span lang=\"pt-pt\" xml:lang=\"pt-pt\"> Farinha de TRIGO<\/span><\/li>\n<li lang=\"pt-pt\" xml:lang=\"pt-pt\"><span lang=\"pt-pt\" xml:lang=\"pt-pt\"> LEITE em p\u00f3 desengordurado<\/span><\/li>\n<li lang=\"pt-pt\" xml:lang=\"pt-pt\"><span lang=\"pt-pt\" xml:lang=\"pt-pt\"> Sal Cont\u00e9m Cereais que cont\u00eam gl\u00faten<\/span><\/li>\n<li lang=\"pt-pt\" xml:lang=\"pt-pt\"><span lang=\"pt-pt\" xml:lang=\"pt-pt\"> Frutos de casca rija<\/span><\/li>\n<li lang=\"pt-pt\" xml:lang=\"pt-pt\"><span lang=\"pt-pt\" xml:lang=\"pt-pt\"> Leite<\/span><\/li>\n<li lang=\"pt-pt\" xml:lang=\"pt-pt\"><span lang=\"pt-pt\" xml:lang=\"pt-pt\"> Pode conter vest\u00edgios de Soja<\/span><\/li>\n<li lang=\"pt-pt\" xml:lang=\"pt-pt\"><span lang=\"pt-pt\" xml:lang=\"pt-pt\"> Amendoins<\/span><\/li>\n<li lang=\"pt-pt\" xml:lang=\"pt-pt\"><span lang=\"pt-pt\" xml:lang=\"pt-pt\"> Sementes de s\u00e9samo.<\/span><\/li>\n<\/ul>\n<h3>Declara\u00e7\u00e3o Nutricional<\/h3>\n<div>\n<ul>\n<li lang=\"pt-pt\" xml:lang=\"pt-pt\"><span lang=\"pt-pt\" xml:lang=\"pt-pt\">N\u00e3o Preparado: Energia: 1945.50 kJ <\/span><span lang=\"pt-pt\" xml:lang=\"pt-pt\">\/ 464.40 kcal<\/span><\/li>\n<li lang=\"pt-pt\" xml:lang=\"pt-pt\"><span lang=\"pt-pt\" xml:lang=\"pt-pt\"> Hidratos de carbono: 55.90 g,<\/span><\/li>\n<li lang=\"pt-pt\" xml:lang=\"pt-pt\"><span lang=\"pt-pt\" xml:lang=\"pt-pt\"> Dos quais a\u00e7\u00facares: 21.30 g<\/span><\/li>\n<li lang=\"pt-pt\" xml:lang=\"pt-pt\"><span lang=\"pt-pt\" xml:lang=\"pt-pt\"> L\u00edpidos: 19.60 g<\/span><\/li>\n<li lang=\"pt-pt\" xml:lang=\"pt-pt\"><span lang=\"pt-pt\" xml:lang=\"pt-pt\"> Dos quais \u00e1cidos gordos saturados: 3.90 g<\/span><\/li>\n<li lang=\"pt-pt\" xml:lang=\"pt-pt\"><span lang=\"pt-pt\" xml:lang=\"pt-pt\"> Fibras: 7.40 g<\/span><\/li>\n<li lang=\"pt-pt\" xml:lang=\"pt-pt\"><span lang=\"pt-pt\" xml:lang=\"pt-pt\"> Prote\u00ednas: 12.40 g<\/span><\/li>\n<li lang=\"pt-pt\" xml:lang=\"pt-pt\"><span lang=\"pt-pt\" xml:lang=\"pt-pt\"> Sal: 0.57 g<\/span><\/li>\n<\/ul>\n<\/div>\n<\/div>\n<div>\n<h3 lang=\"pt-pt\" xml:lang=\"pt-pt\"><span lang=\"pt-pt\" xml:lang=\"pt-pt\">Denomina\u00e7\u00e3o <\/span><\/h3>\n<\/div>\n<div>\n<p lang=\"pt-pt\" xml:lang=\"pt-pt\"><span lang=\"pt-pt\" xml:lang=\"pt-pt\">Granola\u00a0Satulem<\/span><\/p>\n<\/div>\n<div>\n<h3 lang=\"pt-pt\" xml:lang=\"pt-pt\"><span lang=\"pt-pt\" xml:lang=\"pt-pt\">Conserva\u00e7\u00e3o\u00a0<\/span><\/h3>\n<\/div>\n<div>\n<p lang=\"pt-pt\" xml:lang=\"pt-pt\"><span lang=\"pt-pt\" xml:lang=\"pt-pt\">Conservar em local fresco e seco<\/span><\/p>\n<h3 lang=\"pt-pt\" xml:lang=\"pt-pt\">Origem<\/h3>\n<p>Estados Unidos<\/p>\n<\/div>\n<div>\n<p lang=\"pt-pt\" xml:lang=\"pt-pt\"><span lang=\"pt-pt\" xml:lang=\"pt-pt\">Nome ou Firma e endere\u00e7o do Fornecedor<\/span><\/p>\n<\/div>\n<div class=\"OutlineElement Ltr BCX0 SCXW190638700\" style=\"margin: 0px; padding: 0px; clear: both; font-family: 'Segoe UI', 'Segoe UI Web', Arial, Verdana, sans-serif; font-size: 12px;\">\n<p lang=\"pt-pt\" xml:lang=\"pt-pt\"><span lang=\"pt-pt\" xml:lang=\"pt-pt\">A CENTAZZI, LDA\u00a0pt:R. Jos\u00e9 Vicente Gon\u00e7alves, n\u00ba 16<\/span><\/p>\n<p class=\"Paragraph BCX0 SCXW190638700\" lang=\"pt-pt\" style=\"margin: 0px; padding: 0px; vertical-align: baseline; background-color: transparent;\" xml:lang=\"pt-pt\"><span class=\"EOP BCX0 SCXW190638700\" style=\"margin: 0px; padding: 0px; font-size: 13.5pt; line-height: 22.6625px; font-family: Arial, 'Arial_EmbeddedFont', 'Arial_MSFontService', sans-serif; color: #363636;\">Cr\u00e9ditos Auchan<\/span><\/p>\n<\/div>\n","protected":false},"excerpt":{"rendered":"<p>Ingredientes FLOCOS DE AVEIA INTEGRAL (43%) A\u00e7\u00facar Pevides de Ab\u00f3bora (8%) Sementes de Girassol (8%) ARROZ TUFADO (ARROZ [6%] A\u00c7UCAR GL\u00daTEN DE TRIGO FARINHA MALTADA DE CEVADA E TRIGO E SAL) Sultanas (5%) \u00d3leo Vegetal de Palma Mel AVEL\u00c3S (3%) AM\u00caNDOAS (3%) Mirtilos desidratados (a\u00e7\u00facar, mirtilos, \u00f3leo vegetal de girassol) (2%) Sementes de Linha\u00e7a (2%) [&hellip;]<\/p>\n","protected":false},"featured_media":1381,"template":"","meta":[],"product_brand":[],"product_cat":[41],"product_tag":[],"class_list":{"0":"post-1290","1":"product","2":"type-product","3":"status-publish","4":"has-post-thumbnail","6":"product_cat-cereais-e-sementes","8":"first","9":"instock","10":"taxable","11":"shipping-taxable","12":"purchasable","13":"product-type-simple"},"aioseo_notices":[],"jetpack_sharing_enabled":true,"_links":{"self":[{"href":"https:\/\/hortadamaria.com\/en\/wp-json\/wp\/v2\/product\/1290","targetHints":{"allow":["GET"]}}],"collection":[{"href":"https:\/\/hortadamaria.com\/en\/wp-json\/wp\/v2\/product"}],"about":[{"href":"https:\/\/hortadamaria.com\/en\/wp-json\/wp\/v2\/types\/product"}],"version-history":[{"count":0,"href":"https:\/\/hortadamaria.com\/en\/wp-json\/wp\/v2\/product\/1290\/revisions"}],"wp:featuredmedia":[{"embeddable":true,"href":"https:\/\/hortadamaria.com\/en\/wp-json\/wp\/v2\/media\/1381"}],"wp:attachment":[{"href":"https:\/\/hortadamaria.com\/en\/wp-json\/wp\/v2\/media?parent=1290"}],"wp:term":[{"taxonomy":"product_brand","embeddable":true,"href":"https:\/\/hortadamaria.com\/en\/wp-json\/wp\/v2\/product_brand?post=1290"},{"taxonomy":"product_cat","embeddable":true,"href":"https:\/\/hortadamaria.com\/en\/wp-json\/wp\/v2\/product_cat?post=1290"},{"taxonomy":"product_tag","embeddable":true,"href":"https:\/\/hortadamaria.com\/en\/wp-json\/wp\/v2\/product_tag?post=1290"}],"curies":[{"name":"wp","href":"https:\/\/api.w.org\/{rel}","templated":true}]}}