{"id":1289,"date":"2025-08-19T11:09:47","date_gmt":"2025-08-19T11:09:47","guid":{"rendered":"https:\/\/hortadamaria.com\/?post_type=product&#038;p=1289"},"modified":"2025-08-19T11:10:35","modified_gmt":"2025-08-19T11:10:35","slug":"cereais-muesli-c-fru-silvestres-375g","status":"publish","type":"product","link":"https:\/\/hortadamaria.com\/en\/product\/cereais-muesli-c-fru-silvestres-375g\/","title":{"rendered":"Muesli Cereal with Wild Fruits (375g)"},"content":{"rendered":"<div class=\"OutlineElement Ltr BCX0 SCXW245892044\" style=\"margin: 0px; padding: 0px; clear: both; font-family: 'Segoe UI', 'Segoe UI Web', Arial, Verdana, sans-serif; font-size: 12px;\">\n<h3 class=\"Paragraph BCX0 SCXW245892044\" lang=\"pt-pt\" style=\"margin: 0px; padding: 0px; vertical-align: baseline; background-color: transparent;\" xml:lang=\"pt-pt\"><span class=\"TextRun BCX0 SCXW245892044\" lang=\"pt-pt\" style=\"margin: 0px; padding: 0px; font-weight: bold; font-size: 14pt; font-family: Arial, 'Arial_EmbeddedFont', 'Arial_MSFontService', sans-serif; line-height: 23.7417px;\" xml:lang=\"pt-pt\"><span class=\"NormalTextRun BCX0 SCXW245892044\" style=\"margin: 0px; padding: 0px; background-color: inherit;\">Valores nutricionais<\/span><\/span><span class=\"TextRun BCX0 SCXW245892044\" lang=\"pt-pt\" style=\"margin: 0px; padding: 0px; font-weight: bold; font-size: 14pt; font-family: Arial, 'Arial_EmbeddedFont', 'Arial_MSFontService', sans-serif; line-height: 23.7417px;\" xml:lang=\"pt-pt\"><span class=\"NormalTextRun BCX0 SCXW245892044\" style=\"margin: 0px; padding: 0px; background-color: inherit;\">\u00a0<\/span><\/span><span class=\"EOP BCX0 SCXW245892044\" style=\"margin: 0px; padding: 0px; font-size: 14pt; line-height: 23.7417px; font-family: Arial, 'Arial_EmbeddedFont', 'Arial_MSFontService', sans-serif;\">\u00a0<\/span><\/h3>\n<\/div>\n<div class=\"OutlineElement Ltr BCX0 SCXW245892044\" style=\"margin: 0px; padding: 0px; clear: both; font-family: 'Segoe UI', 'Segoe UI Web', Arial, Verdana, sans-serif; font-size: 12px;\">\n<p class=\"Paragraph BCX0 SCXW245892044\" lang=\"pt-pt\" style=\"margin: 0px; padding: 0px; vertical-align: baseline; background-color: transparent;\" xml:lang=\"pt-pt\"><span class=\"TextRun BCX0 SCXW245892044\" lang=\"pt-pt\" style=\"margin: 0px; padding: 0px; color: #363636; font-size: 13.5pt; font-family: Arial, 'Arial_EmbeddedFont', 'Arial_MSFontService', sans-serif; line-height: 22.6625px;\" xml:lang=\"pt-pt\"><span class=\"NormalTextRun BCX0 SCXW245892044\" style=\"margin: 0px; padding: 0px; background-color: inherit;\">Valores nutricionais m\u00e9dios por 100gr: N\u00e3o Preparado: Energia: 1517.00 kJ \/ 360.00 kcal; Hidratos de carbono: 61.60 g, Dos quais a\u00e7\u00facares: 19.50 g; L\u00edpidos: 6.10 g, Dos quais \u00e1cidos gordos saturados: 1.00 g; Fibras: 9.00 g; Prote\u00ednas: 10.10 g; Sal: 0.25 g<\/span><\/span><span class=\"EOP BCX0 SCXW245892044\" style=\"margin: 0px; padding: 0px; font-size: 13.5pt; line-height: 22.6625px; font-family: Arial, 'Arial_EmbeddedFont', 'Arial_MSFontService', sans-serif; color: #363636;\">\u00a0<\/span><\/p>\n<p class=\"Paragraph BCX0 SCXW245892044\" lang=\"pt-pt\" style=\"margin: 0px; padding: 0px; vertical-align: baseline; background-color: transparent;\" xml:lang=\"pt-pt\">\n<\/div>\n<div class=\"OutlineElement Ltr BCX0 SCXW245892044\" style=\"margin: 0px; padding: 0px; clear: both; font-family: 'Segoe UI', 'Segoe UI Web', Arial, Verdana, sans-serif; font-size: 12px;\">\n<h3 class=\"Paragraph BCX0 SCXW245892044\" lang=\"pt-pt\" style=\"margin: 0px; padding: 0px; vertical-align: baseline; background-color: transparent;\" xml:lang=\"pt-pt\"><span class=\"TextRun BCX0 SCXW245892044\" lang=\"pt-pt\" style=\"margin: 0px; padding: 0px; font-weight: bold; font-size: 14pt; font-family: Arial, 'Arial_EmbeddedFont', 'Arial_MSFontService', sans-serif; line-height: 23.7417px;\" xml:lang=\"pt-pt\"><span class=\"NormalTextRun BCX0 SCXW245892044\" style=\"margin: 0px; padding: 0px; background-color: inherit;\">Ingredientes<\/span><\/span><span class=\"EOP BCX0 SCXW245892044\" style=\"margin: 0px; padding: 0px; font-size: 14pt; line-height: 23.7417px; font-family: Arial, 'Arial_EmbeddedFont', 'Arial_MSFontService', sans-serif;\">\u00a0<\/span><\/h3>\n<\/div>\n<div class=\"OutlineElement Ltr BCX0 SCXW245892044\" style=\"margin: 0px; padding: 0px; clear: both; font-family: 'Segoe UI', 'Segoe UI Web', Arial, Verdana, sans-serif; font-size: 12px;\">\n<p class=\"Paragraph BCX0 SCXW245892044\" lang=\"pt-pt\" style=\"margin: 0px; padding: 0px; vertical-align: baseline; background-color: transparent;\" xml:lang=\"pt-pt\"><span class=\"TextRun BCX0 SCXW245892044\" lang=\"pt-pt\" style=\"margin: 0px; padding: 0px; font-size: 14pt; font-family: Arial, 'Arial_EmbeddedFont', 'Arial_MSFontService', sans-serif; line-height: 23.7417px;\" xml:lang=\"pt-pt\"><span class=\"NormalTextRun BCX0 SCXW245892044\" style=\"margin: 0px; padding: 0px; background-color: inherit;\">Flocos de farelo de trigo (trigo integral [54%], farelo de trigo [23 %], a\u00e7\u00facar, fibra de aveia [4%], malte de cevada, sal, emulsionante [mono e\u00a0<\/span><\/span><span class=\"TextRun BCX0 SCXW245892044\" lang=\"pt-pt\" style=\"margin: 0px; padding: 0px; font-size: 14pt; font-family: Arial, 'Arial_EmbeddedFont', 'Arial_MSFontService', sans-serif; line-height: 23.7417px;\" xml:lang=\"pt-pt\"><span class=\"SpellingError BCX0 SCXW245892044\" style=\"margin: 0px; padding: 0px; background-repeat: repeat-x; background-position: left bottom; border-bottom: 1px solid transparent; background-color: inherit;\">diglic\u00e9ridos<\/span><\/span><span class=\"TextRun BCX0 SCXW245892044\" lang=\"pt-pt\" style=\"margin: 0px; padding: 0px; font-size: 14pt; font-family: Arial, 'Arial_EmbeddedFont', 'Arial_MSFontService', sans-serif; line-height: 23.7417px;\" xml:lang=\"pt-pt\"><span class=\"NormalTextRun BCX0 SCXW245892044\" style=\"margin: 0px; padding: 0px; background-color: inherit;\">\u00a0de \u00e1cidos gordos] e vitaminas [E, B1, B2, B5, B6, \u00e1cido f\u00f3lico, B12 e\u00a0<\/span><\/span><span class=\"TextRun BCX0 SCXW245892044\" lang=\"pt-pt\" style=\"margin: 0px; padding: 0px; font-size: 14pt; font-family: Arial, 'Arial_EmbeddedFont', 'Arial_MSFontService', sans-serif; line-height: 23.7417px;\" xml:lang=\"pt-pt\"><span class=\"SpellingError BCX0 SCXW245892044\" style=\"margin: 0px; padding: 0px; background-repeat: repeat-x; background-position: left bottom; border-bottom: 1px solid transparent; background-color: inherit;\">niacina<\/span><\/span><span class=\"TextRun BCX0 SCXW245892044\" lang=\"pt-pt\" style=\"margin: 0px; padding: 0px; font-size: 14pt; font-family: Arial, 'Arial_EmbeddedFont', 'Arial_MSFontService', sans-serif; line-height: 23.7417px;\" xml:lang=\"pt-pt\"><span class=\"NormalTextRun BCX0 SCXW245892044\" style=\"margin: 0px; padding: 0px; background-color: inherit;\">]);<\/span><\/span><span class=\"EOP BCX0 SCXW245892044\" style=\"margin: 0px; padding: 0px; font-size: 14pt; line-height: 23.7417px; font-family: Arial, 'Arial_EmbeddedFont', 'Arial_MSFontService', sans-serif;\">\u00a0<\/span><\/p>\n<\/div>\n<div class=\"OutlineElement Ltr BCX0 SCXW245892044\" style=\"margin: 0px; padding: 0px; clear: both; font-family: 'Segoe UI', 'Segoe UI Web', Arial, Verdana, sans-serif; font-size: 12px;\">\n<p class=\"Paragraph BCX0 SCXW245892044\" lang=\"pt-pt\" style=\"margin: 0px; padding: 0px; vertical-align: baseline; background-color: transparent;\" xml:lang=\"pt-pt\"><span class=\"TextRun BCX0 SCXW245892044\" lang=\"pt-pt\" style=\"margin: 0px; padding: 0px; font-size: 14pt; font-family: Arial, 'Arial_EmbeddedFont', 'Arial_MSFontService', sans-serif; line-height: 23.7417px;\" xml:lang=\"pt-pt\"><span class=\"NormalTextRun BCX0 SCXW245892044\" style=\"margin: 0px; padding: 0px; background-color: inherit;\">Sultanas (uvas, \u00f3leo vegetal n\u00e3o hidrogenado);<\/span><\/span><span class=\"EOP BCX0 SCXW245892044\" style=\"margin: 0px; padding: 0px; font-size: 14pt; line-height: 23.7417px; font-family: Arial, 'Arial_EmbeddedFont', 'Arial_MSFontService', sans-serif;\">\u00a0<\/span><\/p>\n<\/div>\n<div class=\"OutlineElement Ltr BCX0 SCXW245892044\" style=\"margin: 0px; padding: 0px; clear: both; font-family: 'Segoe UI', 'Segoe UI Web', Arial, Verdana, sans-serif; font-size: 12px;\">\n<p class=\"Paragraph BCX0 SCXW245892044\" lang=\"pt-pt\" style=\"margin: 0px; padding: 0px; vertical-align: baseline; background-color: transparent;\" xml:lang=\"pt-pt\"><span class=\"TextRun BCX0 SCXW245892044\" lang=\"pt-pt\" style=\"margin: 0px; padding: 0px; font-size: 14pt; font-family: Arial, 'Arial_EmbeddedFont', 'Arial_MSFontService', sans-serif; line-height: 23.7417px;\" xml:lang=\"pt-pt\"><span class=\"NormalTextRun BCX0 SCXW245892044\" style=\"margin: 0px; padding: 0px; background-color: inherit;\">Kiwi desidratado (kiwi, a\u00e7\u00facar, conservante [di\u00f3xido de enxofre] e aroma);<\/span><\/span><span class=\"EOP BCX0 SCXW245892044\" style=\"margin: 0px; padding: 0px; font-size: 14pt; line-height: 23.7417px; font-family: Arial, 'Arial_EmbeddedFont', 'Arial_MSFontService', sans-serif;\">\u00a0<\/span><\/p>\n<\/div>\n<div class=\"OutlineElement Ltr BCX0 SCXW245892044\" style=\"margin: 0px; padding: 0px; clear: both; font-family: 'Segoe UI', 'Segoe UI Web', Arial, Verdana, sans-serif; font-size: 12px;\">\n<p class=\"Paragraph BCX0 SCXW245892044\" lang=\"pt-pt\" style=\"margin: 0px; padding: 0px; vertical-align: baseline; background-color: transparent;\" xml:lang=\"pt-pt\"><span class=\"TextRun BCX0 SCXW245892044\" lang=\"pt-pt\" style=\"margin: 0px; padding: 0px; font-size: 14pt; font-family: Arial, 'Arial_EmbeddedFont', 'Arial_MSFontService', sans-serif; line-height: 23.7417px;\" xml:lang=\"pt-pt\"><span class=\"NormalTextRun BCX0 SCXW245892044\" style=\"margin: 0px; padding: 0px; background-color: inherit;\">Ma\u00e7\u00e3 desidratada (ma\u00e7\u00e3, a\u00e7\u00facar, regulador de acidez [\u00e1cido c\u00edtrico], conservante [di\u00f3xido de enxofre] e aroma);<\/span><\/span><span class=\"EOP BCX0 SCXW245892044\" style=\"margin: 0px; padding: 0px; font-size: 14pt; line-height: 23.7417px; font-family: Arial, 'Arial_EmbeddedFont', 'Arial_MSFontService', sans-serif;\">\u00a0<\/span><\/p>\n<\/div>\n<div class=\"OutlineElement Ltr BCX0 SCXW245892044\" style=\"margin: 0px; padding: 0px; clear: both; font-family: 'Segoe UI', 'Segoe UI Web', Arial, Verdana, sans-serif; font-size: 12px;\">\n<p class=\"Paragraph BCX0 SCXW245892044\" lang=\"pt-pt\" style=\"margin: 0px; padding: 0px; vertical-align: baseline; background-color: transparent;\" xml:lang=\"pt-pt\"><span class=\"EOP BCX0 SCXW245892044\" style=\"margin: 0px; padding: 0px; font-size: 13.5pt; line-height: 22.6625px; font-family: Arial, 'Arial_EmbeddedFont', 'Arial_MSFontService', sans-serif; color: #363636;\">\u00a0<\/span><\/p>\n<\/div>\n<div class=\"OutlineElement Ltr BCX0 SCXW245892044\" style=\"margin: 0px; padding: 0px; clear: both; font-family: 'Segoe UI', 'Segoe UI Web', Arial, Verdana, sans-serif; font-size: 12px;\">\n<h3 class=\"Paragraph BCX0 SCXW245892044\" lang=\"pt-pt\" style=\"margin: 0px; padding: 0px; vertical-align: baseline; background-color: transparent;\" xml:lang=\"pt-pt\"><span class=\"TextRun BCX0 SCXW245892044\" lang=\"pt-pt\" style=\"margin: 0px; padding: 0px; color: #363636; font-weight: bold; font-size: 13.5pt; font-family: Arial, 'Arial_EmbeddedFont', 'Arial_MSFontService', sans-serif; line-height: 22.6625px;\" xml:lang=\"pt-pt\"><span class=\"NormalTextRun BCX0 SCXW245892044\" style=\"margin: 0px; padding: 0px; background-color: inherit;\">Denomina\u00e7\u00e3o\u00a0<\/span><\/span><span class=\"EOP BCX0 SCXW245892044\" style=\"margin: 0px; padding: 0px; font-size: 13.5pt; line-height: 22.6625px; font-family: Arial, 'Arial_EmbeddedFont', 'Arial_MSFontService', sans-serif; color: #363636;\">\u00a0<\/span><\/h3>\n<\/div>\n<div class=\"OutlineElement Ltr BCX0 SCXW245892044\" style=\"margin: 0px; padding: 0px; clear: both; font-family: 'Segoe UI', 'Segoe UI Web', Arial, Verdana, sans-serif; font-size: 12px;\">\n<p class=\"Paragraph BCX0 SCXW245892044\" lang=\"pt-pt\" style=\"margin: 0px; padding: 0px; vertical-align: baseline; background-color: transparent;\" xml:lang=\"pt-pt\"><span class=\"TextRun BCX0 SCXW245892044\" lang=\"pt-pt\" style=\"margin: 0px; padding: 0px; color: #363636; font-size: 13.5pt; font-family: Arial, 'Arial_EmbeddedFont', 'Arial_MSFontService', sans-serif; line-height: 22.6625px;\" xml:lang=\"pt-pt\"><span class=\"NormalTextRun BCX0 SCXW245892044\" style=\"margin: 0px; padding: 0px; background-color: inherit;\">CEREAIS SALUTEM MUESLI C\/FRU. SILVESTRES 375GR<\/span><\/span><span class=\"EOP BCX0 SCXW245892044\" style=\"margin: 0px; padding: 0px; font-size: 13.5pt; line-height: 22.6625px; font-family: Arial, 'Arial_EmbeddedFont', 'Arial_MSFontService', sans-serif; color: #363636;\">\u00a0<\/span><\/p>\n<\/div>\n<div class=\"OutlineElement Ltr BCX0 SCXW245892044\" style=\"margin: 0px; padding: 0px; clear: both; font-family: 'Segoe UI', 'Segoe UI Web', Arial, Verdana, sans-serif; font-size: 12px;\">\n<p class=\"Paragraph BCX0 SCXW245892044\" lang=\"pt-pt\" style=\"margin: 0px; padding: 0px; vertical-align: baseline; background-color: transparent;\" xml:lang=\"pt-pt\"><span class=\"EOP BCX0 SCXW245892044\" style=\"margin: 0px; padding: 0px; font-size: 13.5pt; line-height: 22.6625px; font-family: Arial, 'Arial_EmbeddedFont', 'Arial_MSFontService', sans-serif; color: #363636;\">\u00a0<\/span><\/p>\n<\/div>\n<div class=\"OutlineElement Ltr BCX0 SCXW245892044\" style=\"margin: 0px; padding: 0px; clear: both; font-family: 'Segoe UI', 'Segoe UI Web', Arial, Verdana, sans-serif; font-size: 12px;\">\n<h3 class=\"Paragraph BCX0 SCXW245892044\" lang=\"pt-pt\" style=\"margin: 0px; padding: 0px; vertical-align: baseline; background-color: transparent;\" xml:lang=\"pt-pt\"><span class=\"TextRun BCX0 SCXW245892044\" lang=\"pt-pt\" style=\"margin: 0px; padding: 0px; color: #363636; font-weight: bold; font-size: 13.5pt; font-family: Arial, 'Arial_EmbeddedFont', 'Arial_MSFontService', sans-serif; line-height: 22.6625px;\" xml:lang=\"pt-pt\"><span class=\"NormalTextRun BCX0 SCXW245892044\" style=\"margin: 0px; padding: 0px; background-color: inherit;\">Conserva\u00e7\u00e3o\u00a0<\/span><\/span><span class=\"EOP BCX0 SCXW245892044\" style=\"margin: 0px; padding: 0px; font-size: 13.5pt; line-height: 22.6625px; font-family: Arial, 'Arial_EmbeddedFont', 'Arial_MSFontService', sans-serif; color: #363636;\">\u00a0<\/span><\/h3>\n<\/div>\n<div class=\"OutlineElement Ltr BCX0 SCXW245892044\" style=\"margin: 0px; padding: 0px; clear: both; font-family: 'Segoe UI', 'Segoe UI Web', Arial, Verdana, sans-serif; font-size: 12px;\">\n<p class=\"Paragraph BCX0 SCXW245892044\" lang=\"pt-pt\" style=\"margin: 0px; padding: 0px; vertical-align: baseline; background-color: transparent;\" xml:lang=\"pt-pt\"><span class=\"TextRun BCX0 SCXW245892044\" lang=\"pt-pt\" style=\"margin: 0px; padding: 0px; color: #363636; font-size: 13.5pt; font-family: Arial, 'Arial_EmbeddedFont', 'Arial_MSFontService', sans-serif; line-height: 22.6625px;\" xml:lang=\"pt-pt\"><span class=\"NormalTextRun BCX0 SCXW245892044\" style=\"margin: 0px; padding: 0px; background-color: inherit;\">Conservar em local fresco e seco<\/span><\/span><span class=\"EOP BCX0 SCXW245892044\" style=\"margin: 0px; padding: 0px; font-size: 13.5pt; line-height: 22.6625px; font-family: Arial, 'Arial_EmbeddedFont', 'Arial_MSFontService', sans-serif; color: #363636;\">\u00a0<\/span><\/p>\n<\/div>\n<div class=\"OutlineElement Ltr BCX0 SCXW245892044\" style=\"margin: 0px; padding: 0px; clear: both; font-family: 'Segoe UI', 'Segoe UI Web', Arial, Verdana, sans-serif; font-size: 12px;\">\n<p class=\"Paragraph BCX0 SCXW245892044\" lang=\"pt-pt\" style=\"margin: 0px; padding: 0px; vertical-align: baseline; background-color: transparent;\" xml:lang=\"pt-pt\"><span class=\"EOP BCX0 SCXW245892044\" style=\"margin: 0px; padding: 0px; font-size: 13.5pt; line-height: 22.6625px; font-family: Arial, 'Arial_EmbeddedFont', 'Arial_MSFontService', sans-serif; color: #363636;\">\u00a0<\/span><\/p>\n<\/div>\n<div class=\"OutlineElement Ltr BCX0 SCXW245892044\" style=\"margin: 0px; padding: 0px; clear: both; font-family: 'Segoe UI', 'Segoe UI Web', Arial, Verdana, sans-serif; font-size: 12px;\">\n<h3 class=\"Paragraph BCX0 SCXW245892044\" lang=\"pt-pt\" style=\"margin: 0px; padding: 0px; vertical-align: baseline; background-color: transparent;\" xml:lang=\"pt-pt\"><span class=\"TextRun BCX0 SCXW245892044\" lang=\"pt-pt\" style=\"margin: 0px; padding: 0px; color: #222222; font-weight: bold; font-size: 13.5pt; font-family: Arial, 'Arial_EmbeddedFont', 'Arial_MSFontService', sans-serif; line-height: 22.6625px;\" xml:lang=\"pt-pt\"><span class=\"NormalTextRun BCX0 SCXW245892044\" style=\"margin: 0px; padding: 0px; background-color: inherit;\">Nome ou Firma e endere\u00e7o do Fornecedor<\/span><\/span><span class=\"EOP BCX0 SCXW245892044\" style=\"margin: 0px; padding: 0px; font-size: 13.5pt; line-height: 22.6625px; font-family: Arial, 'Arial_EmbeddedFont', 'Arial_MSFontService', sans-serif; color: #222222;\">\u00a0<\/span><\/h3>\n<\/div>\n<div class=\"OutlineElement Ltr BCX0 SCXW245892044\" style=\"margin: 0px; padding: 0px; clear: both; font-family: 'Segoe UI', 'Segoe UI Web', Arial, Verdana, sans-serif; font-size: 12px;\">\n<p class=\"Paragraph BCX0 SCXW245892044\" lang=\"pt-pt\" style=\"margin: 0px; padding: 0px; vertical-align: baseline; background-color: transparent;\" xml:lang=\"pt-pt\"><span class=\"TextRun BCX0 SCXW245892044\" lang=\"pt-pt\" style=\"margin: 0px; padding: 0px; color: #363636; font-size: 13.5pt; font-family: Arial, 'Arial_EmbeddedFont', 'Arial_MSFontService', sans-serif; line-height: 22.6625px;\" xml:lang=\"pt-pt\"><span class=\"NormalTextRun BCX0 SCXW245892044\" style=\"margin: 0px; padding: 0px; background-color: inherit;\">A CENTAZZI, LDA\u00a0<\/span><span class=\"SpellingError BCX0 SCXW245892044\" style=\"margin: 0px; padding: 0px; background-repeat: repeat-x; background-position: left bottom; border-bottom: 1px solid transparent; background-color: inherit;\">pt:R<\/span><span class=\"NormalTextRun BCX0 SCXW245892044\" style=\"margin: 0px; padding: 0px; background-color: inherit;\">. Jos\u00e9 Vicente Gon\u00e7alves, n\u00ba 16<\/span><\/span><span class=\"EOP BCX0 SCXW245892044\" style=\"margin: 0px; padding: 0px; font-size: 13.5pt; line-height: 22.6625px; font-family: Arial, 'Arial_EmbeddedFont', 'Arial_MSFontService', sans-serif; color: #363636;\">\u00a0<\/span><\/p>\n<\/div>\n","protected":false},"excerpt":{"rendered":"<p>Valores nutricionais\u00a0\u00a0 Valores nutricionais m\u00e9dios por 100gr: N\u00e3o Preparado: Energia: 1517.00 kJ \/ 360.00 kcal; Hidratos de carbono: 61.60 g, Dos quais a\u00e7\u00facares: 19.50 g; L\u00edpidos: 6.10 g, Dos quais \u00e1cidos gordos saturados: 1.00 g; Fibras: 9.00 g; Prote\u00ednas: 10.10 g; Sal: 0.25 g\u00a0 Ingredientes\u00a0 Flocos de farelo de trigo (trigo integral [54%], farelo de [&hellip;]<\/p>\n","protected":false},"featured_media":1379,"template":"","meta":[],"product_brand":[],"product_cat":[41],"product_tag":[],"class_list":{"0":"post-1289","1":"product","2":"type-product","3":"status-publish","4":"has-post-thumbnail","6":"product_cat-cereais-e-sementes","8":"first","9":"outofstock","10":"taxable","11":"shipping-taxable","12":"purchasable","13":"product-type-simple"},"aioseo_notices":[],"jetpack_sharing_enabled":true,"_links":{"self":[{"href":"https:\/\/hortadamaria.com\/en\/wp-json\/wp\/v2\/product\/1289","targetHints":{"allow":["GET"]}}],"collection":[{"href":"https:\/\/hortadamaria.com\/en\/wp-json\/wp\/v2\/product"}],"about":[{"href":"https:\/\/hortadamaria.com\/en\/wp-json\/wp\/v2\/types\/product"}],"version-history":[{"count":0,"href":"https:\/\/hortadamaria.com\/en\/wp-json\/wp\/v2\/product\/1289\/revisions"}],"wp:featuredmedia":[{"embeddable":true,"href":"https:\/\/hortadamaria.com\/en\/wp-json\/wp\/v2\/media\/1379"}],"wp:attachment":[{"href":"https:\/\/hortadamaria.com\/en\/wp-json\/wp\/v2\/media?parent=1289"}],"wp:term":[{"taxonomy":"product_brand","embeddable":true,"href":"https:\/\/hortadamaria.com\/en\/wp-json\/wp\/v2\/product_brand?post=1289"},{"taxonomy":"product_cat","embeddable":true,"href":"https:\/\/hortadamaria.com\/en\/wp-json\/wp\/v2\/product_cat?post=1289"},{"taxonomy":"product_tag","embeddable":true,"href":"https:\/\/hortadamaria.com\/en\/wp-json\/wp\/v2\/product_tag?post=1289"}],"curies":[{"name":"wp","href":"https:\/\/api.w.org\/{rel}","templated":true}]}}