{"id":1288,"date":"2025-08-19T11:09:47","date_gmt":"2025-08-19T11:09:47","guid":{"rendered":"https:\/\/hortadamaria.com\/?post_type=product&#038;p=1288"},"modified":"2025-08-19T11:10:34","modified_gmt":"2025-08-19T11:10:34","slug":"quinoa-biologica-250g","status":"publish","type":"product","link":"https:\/\/hortadamaria.com\/en\/product\/quinoa-biologica-250g\/","title":{"rendered":"Organic Quinoa (250g)"},"content":{"rendered":"<div class=\"OutlineElement Ltr BCX2 SCXW117579093\">\n<h3 class=\"Paragraph BCX2 SCXW117579093\" style=\"font-weight: normal; font-style: normal; vertical-align: baseline; background-color: transparent; text-align: left; margin-left: 0px; margin-right: 0px; padding-left: 0px; padding-right: 0px; text-indent: 0px;\"><span style=\"color: #000000;\"><span class=\"TextRun BCX2 SCXW117579093\" lang=\"pt-pt\" style=\"font-weight: bold; font-style: normal; font-size: 13.5pt; font-family: Arial, 'Arial_EmbeddedFont', 'Arial_MSFontService', sans-serif; line-height: 22.6625px;\" xml:lang=\"pt-pt\"><span class=\"NormalTextRun BCX2 SCXW117579093\" style=\"background-color: inherit;\">Name<\/span><\/span><span class=\"EOP BCX2 SCXW117579093\" style=\"font-size: 13.5pt; line-height: 22.6625px; font-family: Arial, 'Arial_EmbeddedFont', 'Arial_MSFontService', sans-serif;\">\u00a0<\/span><\/span><\/h3>\n<\/div>\n<div class=\"OutlineElement Ltr BCX2 SCXW117579093\">\n<p class=\"Paragraph BCX2 SCXW117579093\" lang=\"pt-pt\" style=\"font-weight: normal; font-style: normal; vertical-align: baseline; background-color: transparent; text-align: left; margin-left: 0px; margin-right: 0px; padding-left: 0px; padding-right: 0px; text-indent: 0px;\" xml:lang=\"pt-pt\"><span style=\"color: #000000;\"><span class=\"TextRun BCX2 SCXW117579093\" lang=\"pt-pt\" style=\"font-size: 13.5pt; font-family: Arial, 'Arial_EmbeddedFont', 'Arial_MSFontService', sans-serif; line-height: 22.6625px;\" xml:lang=\"pt-pt\"><span class=\"NormalTextRun BCX2 SCXW117579093\" style=\"background-color: inherit;\">ORGANIC QUINOA\u00a0 \u00a0 \u00a0<\/span><\/span><span class=\"EOP BCX2 SCXW117579093\" style=\"font-size: 13.5pt; line-height: 22.6625px; font-family: Arial, 'Arial_EmbeddedFont', 'Arial_MSFontService', sans-serif;\">\u00a0<\/span><\/span><\/p>\n<\/div>\n<div class=\"OutlineElement Ltr BCX2 SCXW117579093\">\n<p class=\"Paragraph BCX2 SCXW117579093\" style=\"font-weight: normal; font-style: normal; vertical-align: baseline; background-color: transparent; text-align: left; margin-left: 0px; margin-right: 0px; padding-left: 0px; padding-right: 0px; text-indent: 0px;\"><span style=\"color: #000000;\"><span class=\"TextRun BCX2 SCXW117579093\" lang=\"pt-pt\" style=\"font-weight: bold; font-style: normal; font-size: 13.5pt; font-family: Arial, 'Arial_EmbeddedFont', 'Arial_MSFontService', sans-serif; line-height: 22.6625px;\" xml:lang=\"pt-pt\"><span class=\"NormalTextRun BCX2 SCXW117579093\" style=\"background-color: inherit;\">List of Ingredients<\/span><\/span><span class=\"EOP BCX2 SCXW117579093\" style=\"font-size: 13.5pt; line-height: 22.6625px; font-family: Arial, 'Arial_EmbeddedFont', 'Arial_MSFontService', sans-serif;\">\u00a0<\/span><\/span><\/p>\n<\/div>\n<div class=\"OutlineElement Ltr BCX2 SCXW117579093\">\n<p class=\"Paragraph BCX2 SCXW117579093\" lang=\"pt-pt\" style=\"font-weight: normal; font-style: normal; vertical-align: baseline; background-color: transparent; text-align: left; margin-left: 0px; margin-right: 0px; padding-left: 0px; padding-right: 0px; text-indent: 0px;\" xml:lang=\"pt-pt\"><span style=\"color: #000000;\"><span class=\"TextRun BCX2 SCXW117579093\" lang=\"pt-pt\" style=\"font-size: 13.5pt; font-family: Arial, 'Arial_EmbeddedFont', 'Arial_MSFontService', sans-serif; line-height: 22.6625px;\" xml:lang=\"pt-pt\"><span class=\"NormalTextRun BCX2 SCXW117579093\" style=\"background-color: inherit;\">Quinoa Seeds* *Organically grown. May contain traces of soy, gluten, tree nuts, sesame, and sulfur dioxide. May contain traces of soy, cereals containing gluten, tree nuts, sesame seeds, sulfur dioxide, and sulfites.\u00a0 <\/span><\/span><span class=\"EOP BCX2 SCXW117579093\" style=\"font-size: 13.5pt; line-height: 22.6625px; font-family: Arial, 'Arial_EmbeddedFont', 'Arial_MSFontService', sans-serif;\">\u00a0<\/span><\/span><\/p>\n<\/div>\n<div class=\"OutlineElement Ltr BCX2 SCXW117579093\">\n<p class=\"Paragraph BCX2 SCXW117579093\" style=\"font-weight: normal; font-style: normal; vertical-align: baseline; background-color: transparent; text-align: left; margin-left: 0px; margin-right: 0px; padding-left: 0px; padding-right: 0px; text-indent: 0px;\"><span style=\"color: #000000;\"><span class=\"TextRun BCX2 SCXW117579093\" lang=\"pt-pt\" style=\"font-weight: bold; font-style: normal; font-size: 13.5pt; font-family: Arial, 'Arial_EmbeddedFont', 'Arial_MSFontService', sans-serif; line-height: 22.6625px;\" xml:lang=\"pt-pt\"><span class=\"NormalTextRun BCX2 SCXW117579093\" style=\"background-color: inherit;\">Nutritional Declaration<\/span><\/span><span class=\"EOP BCX2 SCXW117579093\" style=\"font-size: 13.5pt; line-height: 22.6625px; font-family: Arial, 'Arial_EmbeddedFont', 'Arial_MSFontService', sans-serif;\">\u00a0<\/span><\/span><\/p>\n<\/div>\n<div class=\"OutlineElement Ltr BCX2 SCXW117579093\">\n<p class=\"Paragraph BCX2 SCXW117579093\" lang=\"pt-pt\" style=\"font-weight: normal; font-style: normal; vertical-align: baseline; background-color: transparent; text-align: left; margin-left: 0px; margin-right: 0px; padding-left: 0px; padding-right: 0px; text-indent: 0px;\" xml:lang=\"pt-pt\"><span class=\"TextRun BCX2 SCXW117579093\" lang=\"pt-pt\" style=\"font-size: 13.5pt; font-family: Arial, Arial_EmbeddedFont, Arial_MSFontService, sans-serif; line-height: 22.6625px; color: #000000;\" xml:lang=\"pt-pt\"><span class=\"NormalTextRun BCX2 SCXW117579093\" style=\"background-color: inherit;\">Average nutritional values per 100g<\/span><\/span><\/p>\n<ul>\n<li lang=\"pt-pt\" xml:lang=\"pt-pt\"><span style=\"color: #000000;\"><span class=\"TextRun BCX2 SCXW117579093\" lang=\"pt-pt\" style=\"font-size: 13.5pt; font-family: Arial, 'Arial_EmbeddedFont', 'Arial_MSFontService', sans-serif; line-height: 22.6625px;\" xml:lang=\"pt-pt\"><span class=\"NormalTextRun BCX2 SCXW117579093\" style=\"background-color: inherit;\">Energy: 1405.00 kJ \/ 333.00 kcal;<\/span><\/span><span class=\"EOP BCX2 SCXW117579093\" style=\"font-size: 13.5pt; line-height: 22.6625px; font-family: Arial, 'Arial_EmbeddedFont', 'Arial_MSFontService', sans-serif;\">\u00a0<\/span><\/span><\/li>\n<li lang=\"pt-pt\" xml:lang=\"pt-pt\"><span class=\"TextRun BCX2 SCXW117579093\" lang=\"pt-pt\" style=\"font-size: 13.5pt; font-family: Arial, Arial_EmbeddedFont, Arial_MSFontService, sans-serif; line-height: 22.6625px; color: #000000;\" xml:lang=\"pt-pt\"><span class=\"NormalTextRun BCX2 SCXW117579093\" style=\"background-color: inherit;\">Lipids: 4.40 g<\/span><\/span><\/li>\n<li lang=\"pt-pt\" xml:lang=\"pt-pt\"><span class=\"TextRun BCX2 SCXW117579093\" lang=\"pt-pt\" style=\"font-size: 13.5pt; font-family: Arial, Arial_EmbeddedFont, Arial_MSFontService, sans-serif; line-height: 22.6625px; color: #000000;\" xml:lang=\"pt-pt\"><span class=\"NormalTextRun BCX2 SCXW117579093\" style=\"background-color: inherit;\">Of which saturated fatty acids: 1.00 g;<\/span><\/span><\/li>\n<li lang=\"pt-pt\" xml:lang=\"pt-pt\"><span style=\"color: #000000;\"> <span class=\"EOP BCX2 SCXW117579093\" style=\"font-size: 13.5pt; line-height: 22.6625px; font-family: Arial, 'Arial_EmbeddedFont', 'Arial_MSFontService', sans-serif;\"> <span class=\"TextRun BCX2 SCXW117579093\" lang=\"pt-pt\" style=\"font-size: 13.5pt; font-family: Arial, 'Arial_EmbeddedFont', 'Arial_MSFontService', sans-serif; line-height: 22.6625px;\" xml:lang=\"pt-pt\"><span class=\"NormalTextRun BCX2 SCXW117579093\" style=\"background-color: inherit;\">Carbohydrates: 55.60 g<\/span><\/span><\/span><\/span><\/li>\n<li lang=\"pt-pt\" xml:lang=\"pt-pt\"><span class=\"TextRun BCX2 SCXW117579093\" lang=\"pt-pt\" style=\"font-size: 13.5pt; font-family: Arial, Arial_EmbeddedFont, Arial_MSFontService, sans-serif; line-height: 22.6625px; color: #000000;\" xml:lang=\"pt-pt\"><span class=\"ContextualSpellingAndGrammarError BCX2 SCXW117579093\" style=\"background-color: inherit;\">Of the<\/span><span class=\"NormalTextRun BCX2 SCXW117579093\" style=\"background-color: inherit;\"> which sugars: 2.20 g<\/span><\/span><\/li>\n<li lang=\"pt-pt\" xml:lang=\"pt-pt\"><span style=\"color: #000000;\"><span class=\"TextRun BCX2 SCXW117579093\" lang=\"pt-pt\" style=\"font-size: 13.5pt; font-family: Arial, 'Arial_EmbeddedFont', 'Arial_MSFontService', sans-serif; line-height: 22.6625px;\" xml:lang=\"pt-pt\"><span class=\"NormalTextRun BCX2 SCXW117579093\" style=\"background-color: inherit;\">Fiber: 8.90 g; <\/span><\/span><span class=\"EOP BCX2 SCXW117579093\" style=\"font-size: 13.5pt; line-height: 22.6625px; font-family: Arial, 'Arial_EmbeddedFont', 'Arial_MSFontService', sans-serif;\">\u00a0<\/span><\/span><\/li>\n<li lang=\"pt-pt\" xml:lang=\"pt-pt\"><span class=\"TextRun BCX2 SCXW117579093\" lang=\"pt-pt\" style=\"font-size: 13.5pt; font-family: Arial, Arial_EmbeddedFont, Arial_MSFontService, sans-serif; line-height: 22.6625px; color: #000000;\" xml:lang=\"pt-pt\"><span class=\"NormalTextRun BCX2 SCXW117579093\" style=\"background-color: inherit;\">Protein: 13.30 g<\/span><\/span><\/li>\n<li lang=\"pt-pt\" xml:lang=\"pt-pt\"><span class=\"TextRun BCX2 SCXW117579093\" lang=\"pt-pt\" style=\"font-size: 13.5pt; font-family: Arial, Arial_EmbeddedFont, Arial_MSFontService, sans-serif; line-height: 22.6625px; color: #000000;\" xml:lang=\"pt-pt\"><span class=\"TextRun BCX2 SCXW117579093\" lang=\"pt-pt\" style=\"font-size: 13.5pt; font-family: Arial, Arial_EmbeddedFont, Arial_MSFontService, sans-serif; line-height: 22.6625px; color: #000000;\" xml:lang=\"pt-pt\"><span class=\"NormalTextRun BCX2 SCXW117579093\" style=\"background-color: inherit;\">Salt: 0.03 g<\/span><\/span><\/span>&nbsp;<\/li>\n<\/ul>\n<\/div>\n<div class=\"OutlineElement Ltr BCX2 SCXW117579093\"><\/div>\n<div class=\"OutlineElement Ltr BCX2 SCXW117579093\">\n<p class=\"Paragraph BCX2 SCXW117579093\" style=\"font-weight: normal; font-style: normal; vertical-align: baseline; background-color: transparent; text-align: left; margin-left: 0px; margin-right: 0px; padding-left: 0px; padding-right: 0px; text-indent: 0px;\"><span style=\"color: #000000;\"><span class=\"TextRun BCX2 SCXW117579093\" lang=\"pt-pt\" style=\"font-weight: bold; font-style: normal; font-size: 13.5pt; font-family: Arial, 'Arial_EmbeddedFont', 'Arial_MSFontService', sans-serif; line-height: 22.6625px;\" xml:lang=\"pt-pt\"><span class=\"NormalTextRun BCX2 SCXW117579093\" style=\"background-color: inherit;\">Conservation Conditions and\/or <\/span><\/span><span class=\"TextRun BCX2 SCXW117579093\" lang=\"pt-pt\" style=\"font-weight: bold; font-style: normal; font-size: 13.5pt; font-family: Arial, 'Arial_EmbeddedFont', 'Arial_MSFontService', sans-serif; line-height: 22.6625px;\" xml:lang=\"pt-pt\"><span class=\"NormalTextRun BCX2 SCXW117579093\" style=\"background-color: inherit;\">Use<\/span><\/span><span class=\"EOP BCX2 SCXW117579093\" style=\"font-size: 13.5pt; line-height: 22.6625px; font-family: Arial, 'Arial_EmbeddedFont', 'Arial_MSFontService', sans-serif;\">\u00a0<\/span><\/span><\/p>\n<\/div>\n<div class=\"OutlineElement Ltr BCX2 SCXW117579093\">\n<p class=\"Paragraph BCX2 SCXW117579093\" style=\"font-weight: normal; font-style: normal; vertical-align: baseline; background-color: transparent; text-align: left; margin-left: 0px; margin-right: 0px; padding-left: 0px; padding-right: 0px; text-indent: 0px;\"><span style=\"color: #000000;\"><span class=\"TextRun BCX2 SCXW117579093\" lang=\"pt-pt\" style=\"font-size: 13.5pt; font-family: Arial, 'Arial_EmbeddedFont', 'Arial_MSFontService', sans-serif; line-height: 22.6625px;\" xml:lang=\"pt-pt\"><span class=\"NormalTextRun BCX2 SCXW117579093\" style=\"background-color: inherit;\">Store in a cool, dry place.<\/span><\/span><span class=\"EOP BCX2 SCXW117579093\" style=\"font-size: 13.5pt; line-height: 22.6625px; font-family: Arial, 'Arial_EmbeddedFont', 'Arial_MSFontService', sans-serif;\">\u00a0<\/span><\/span><\/p>\n<\/div>\n<div class=\"OutlineElement Ltr BCX2 SCXW117579093\">\n<p class=\"Paragraph BCX2 SCXW117579093\" style=\"font-weight: normal; font-style: normal; vertical-align: baseline; background-color: transparent; text-align: left; margin-left: 0px; margin-right: 0px; padding-left: 0px; padding-right: 0px; text-indent: 0px;\"><span style=\"color: #000000;\"><span class=\"TextRun BCX2 SCXW117579093\" lang=\"pt-pt\" style=\"font-weight: bold; font-style: normal; font-size: 13.5pt; font-family: Arial, 'Arial_EmbeddedFont', 'Arial_MSFontService', sans-serif; line-height: 22.6625px;\" xml:lang=\"pt-pt\"><span class=\"NormalTextRun BCX2 SCXW117579093\" style=\"background-color: inherit;\">Supplier Name or Company and Address<\/span><\/span><span class=\"EOP BCX2 SCXW117579093\" style=\"font-size: 13.5pt; line-height: 22.6625px; font-family: Arial, 'Arial_EmbeddedFont', 'Arial_MSFontService', sans-serif;\">\u00a0<\/span><\/span><\/p>\n<\/div>\n<div class=\"OutlineElement Ltr BCX2 SCXW117579093\">\n<p class=\"Paragraph BCX2 SCXW117579093\" lang=\"pt-pt\" style=\"font-weight: normal; font-style: normal; vertical-align: baseline; background-color: transparent; text-align: left; margin-left: 0px; margin-right: 0px; padding-left: 0px; padding-right: 0px; text-indent: 0px;\" xml:lang=\"pt-pt\"><span style=\"color: #000000;\"><span class=\"TextRun BCX2 SCXW117579093\" lang=\"pt-pt\" style=\"font-size: 13.5pt; font-family: Arial, 'Arial_EmbeddedFont', 'Arial_MSFontService', sans-serif; line-height: 22.6625px;\" xml:lang=\"pt-pt\"><span class=\"NormalTextRun BCX2 SCXW117579093\" style=\"background-color: inherit;\">A. CENTAZZI, LDA. <\/span><span class=\"SpellingError BCX2 SCXW117579093\" style=\"background-color: inherit;\">en:STREET<\/span><span class=\"NormalTextRun BCX2 SCXW117579093\" style=\"background-color: inherit;\"> WORKERS&#039; ALLIANCE, 4, 1349-043 LISBON<\/span><\/span><span class=\"EOP BCX2 SCXW117579093\" style=\"font-size: 13.5pt; line-height: 22.6625px; font-family: Arial, 'Arial_EmbeddedFont', 'Arial_MSFontService', sans-serif;\"><br \/>\n<\/span><\/span><\/p>\n<\/div>","protected":false},"excerpt":{"rendered":"<p>Denomina\u00e7\u00e3o\u00a0 QUINOA BIOL\u00d3GICA\u00a0 \u00a0 \u00a0\u00a0 Lista de Ingredientes\u00a0 Sementes de Quinoa* *De agricultura Biol\u00f3gica &#8220;Pode conter vest\u00edgios de soja, gl\u00faten, frutos de casca rija, s\u00e9samo e di\u00f3xido de enxofre&#8221;. Pode conter vest\u00edgios de Soja, Cereais que cont\u00eam gl\u00faten, Frutos de casca rija, Sementes de s\u00e9samo, Di\u00f3xido de enxofre e sulfitos.\u00a0 \u00a0 Declara\u00e7\u00e3o Nutricional\u00a0 Valores nutricionais [&hellip;]<\/p>\n","protected":false},"featured_media":1377,"template":"","meta":[],"product_brand":[],"product_cat":[41],"product_tag":[],"class_list":{"0":"post-1288","1":"product","2":"type-product","3":"status-publish","4":"has-post-thumbnail","6":"product_cat-cereais-e-sementes","8":"first","9":"outofstock","10":"taxable","11":"shipping-taxable","12":"purchasable","13":"product-type-simple"},"aioseo_notices":[],"jetpack_sharing_enabled":true,"_links":{"self":[{"href":"https:\/\/hortadamaria.com\/en\/wp-json\/wp\/v2\/product\/1288","targetHints":{"allow":["GET"]}}],"collection":[{"href":"https:\/\/hortadamaria.com\/en\/wp-json\/wp\/v2\/product"}],"about":[{"href":"https:\/\/hortadamaria.com\/en\/wp-json\/wp\/v2\/types\/product"}],"version-history":[{"count":0,"href":"https:\/\/hortadamaria.com\/en\/wp-json\/wp\/v2\/product\/1288\/revisions"}],"wp:featuredmedia":[{"embeddable":true,"href":"https:\/\/hortadamaria.com\/en\/wp-json\/wp\/v2\/media\/1377"}],"wp:attachment":[{"href":"https:\/\/hortadamaria.com\/en\/wp-json\/wp\/v2\/media?parent=1288"}],"wp:term":[{"taxonomy":"product_brand","embeddable":true,"href":"https:\/\/hortadamaria.com\/en\/wp-json\/wp\/v2\/product_brand?post=1288"},{"taxonomy":"product_cat","embeddable":true,"href":"https:\/\/hortadamaria.com\/en\/wp-json\/wp\/v2\/product_cat?post=1288"},{"taxonomy":"product_tag","embeddable":true,"href":"https:\/\/hortadamaria.com\/en\/wp-json\/wp\/v2\/product_tag?post=1288"}],"curies":[{"name":"wp","href":"https:\/\/api.w.org\/{rel}","templated":true}]}}