{"id":1287,"date":"2025-08-19T11:09:47","date_gmt":"2025-08-19T11:09:47","guid":{"rendered":"https:\/\/hortadamaria.com\/?post_type=product&#038;p=1287"},"modified":"2025-08-19T11:10:33","modified_gmt":"2025-08-19T11:10:33","slug":"cereais-muesli-integral-c-choco-375g","status":"publish","type":"product","link":"https:\/\/hortadamaria.com\/en\/product\/cereais-muesli-integral-c-choco-375g\/","title":{"rendered":"Wholegrain Muesli with Chocolate (375g)"},"content":{"rendered":"<div class=\"OutlineElement Ltr BCX2 SCXW208726875\">\n<h3 class=\"Paragraph BCX2 SCXW208726875\" style=\"font-weight: normal; font-style: normal; vertical-align: baseline; background-color: transparent; text-align: left; margin-left: 0px; margin-right: 0px; padding-left: 0px; padding-right: 0px; text-indent: 0px;\"><span class=\"TextRun BCX2 SCXW208726875\" lang=\"pt-pt\" style=\"font-weight: bold; font-style: normal; font-size: 13.5pt; font-family: Arial, 'Arial_EmbeddedFont', 'Arial_MSFontService', sans-serif; line-height: 22.6625px;\" xml:lang=\"pt-pt\"><span class=\"NormalTextRun BCX2 SCXW208726875\" style=\"background-color: inherit;\">Name<\/span><\/span><span class=\"EOP BCX2 SCXW208726875\" style=\"font-size: 13.5pt; line-height: 22.6625px; font-family: Arial, 'Arial_EmbeddedFont', 'Arial_MSFontService', sans-serif;\">\u00a0<\/span><\/h3>\n<\/div>\n<div class=\"OutlineElement Ltr BCX2 SCXW208726875\">\n<p class=\"Paragraph BCX2 SCXW208726875\" lang=\"pt-pt\" style=\"font-weight: normal; font-style: normal; vertical-align: baseline; background-color: transparent; text-align: left; margin-left: 0px; margin-right: 0px; padding-left: 0px; padding-right: 0px; text-indent: 0px;\" xml:lang=\"pt-pt\"><span class=\"TextRun BCX2 SCXW208726875\" lang=\"pt-pt\" style=\"font-size: 13.5pt; font-family: Arial, 'Arial_EmbeddedFont', 'Arial_MSFontService', sans-serif; line-height: 22.6625px;\" xml:lang=\"pt-pt\"><span class=\"NormalTextRun BCX2 SCXW208726875\" style=\"background-color: inherit;\">Wholemeal Muesli with Chocolate 375 g\u00a0 \u00a0 \u00a0 \u00a0<\/span><\/span><span class=\"EOP BCX2 SCXW208726875\" style=\"font-size: 13.5pt; line-height: 22.6625px; font-family: Arial, 'Arial_EmbeddedFont', 'Arial_MSFontService', sans-serif;\">\u00a0<\/span><\/p>\n<\/div>\n<div class=\"OutlineElement Ltr BCX2 SCXW208726875\">\n<h3 class=\"Paragraph BCX2 SCXW208726875\" style=\"font-weight: normal; font-style: normal; vertical-align: baseline; background-color: transparent; text-align: left; margin-left: 0px; margin-right: 0px; padding-left: 0px; padding-right: 0px; text-indent: 0px;\"><span class=\"TextRun BCX2 SCXW208726875\" lang=\"pt-pt\" style=\"font-weight: bold; font-style: normal; font-size: 13.5pt; font-family: Arial, 'Arial_EmbeddedFont', 'Arial_MSFontService', sans-serif; line-height: 22.6625px;\" xml:lang=\"pt-pt\"><span class=\"NormalTextRun BCX2 SCXW208726875\" style=\"background-color: inherit;\">List of Ingredients<\/span><\/span><span class=\"EOP BCX2 SCXW208726875\" style=\"font-size: 13.5pt; line-height: 22.6625px; font-family: Arial, 'Arial_EmbeddedFont', 'Arial_MSFontService', sans-serif;\">\u00a0<\/span><\/h3>\n<\/div>\n<div class=\"OutlineElement Ltr BCX2 SCXW208726875\">\n<p class=\"Paragraph BCX2 SCXW208726875\" lang=\"pt-pt\" style=\"font-weight: normal; font-style: normal; vertical-align: baseline; background-color: transparent; text-align: left; margin-left: 0px; margin-right: 0px; padding-left: 0px; padding-right: 0px; text-indent: 0px;\" xml:lang=\"pt-pt\"><span class=\"TextRun BCX2 SCXW208726875\" lang=\"pt-pt\" style=\"font-size: 13.5pt; font-family: Arial, 'Arial_EmbeddedFont', 'Arial_MSFontService', sans-serif; line-height: 22.6625px;\" xml:lang=\"pt-pt\"><span class=\"NormalTextRun BCX2 SCXW208726875\" style=\"background-color: inherit;\">\u201cOat flakes (47.5%), Wheat flakes (20%), <\/span><span class=\"SpellingError BCX2 SCXW208726875\" style=\"background-color: inherit;\">Extruded<\/span><span class=\"NormalTextRun BCX2 SCXW208726875\" style=\"background-color: inherit;\"> chocolate wheat (10%) (Wheat flour, Sugar, Cocoa powder, Wheat starch and Barley malt), <\/span><span class=\"SpellingError BCX2 SCXW208726875\" style=\"background-color: inherit;\">Corn<\/span> <span class=\"SpellingError BCX2 SCXW208726875\" style=\"background-color: inherit;\">Flakes<\/span><span class=\"NormalTextRun BCX2 SCXW208726875\" style=\"background-color: inherit;\"> (8%)(Corn, Sugar, Salt, Barley Malt, Emulsifier (Soy Lecithin)), Milk Chocolate Chunks (6%)(Sugar, Cocoa Mass, Milk Powder, Cocoa Butter, Emulsifier (Soy Lecithin) and Natural Flavor), Dark Chocolate Chunks (3%)(Sugar, Cocoa Mass, Cocoa Butter, Emulsifier (Soy Lecithin) and Natural Flavor), <\/span><span class=\"SpellingError BCX2 SCXW208726875\" style=\"background-color: inherit;\">Corn<\/span> <span class=\"SpellingError BCX2 SCXW208726875\" style=\"background-color: inherit;\">Flakes<\/span><span class=\"NormalTextRun BCX2 SCXW208726875\" style=\"background-color: inherit;\"> chocolate coated (2%)(Sugar, Corn, Cocoa butter, Milk powder, Cocoa mass, Salt, Barley malt, Emulsifiers (Soy lecithin and mono and <\/span><span class=\"SpellingError BCX2 SCXW208726875\" style=\"background-color: inherit;\">diglycerides<\/span><span class=\"NormalTextRun BCX2 SCXW208726875\" style=\"background-color: inherit;\"> of <\/span><span class=\"SpellingError BCX2 SCXW208726875\" style=\"background-color: inherit;\">B.C<\/span><span class=\"NormalTextRun BCX2 SCXW208726875\" style=\"background-color: inherit;\">. fats)), Chocolate Drink Powder (Sugar, Defatted Cocoa Powder, <\/span><span class=\"SpellingError BCX2 SCXW208726875\" style=\"background-color: inherit;\">Maltodextrin<\/span><span class=\"NormalTextRun BCX2 SCXW208726875\" style=\"background-color: inherit;\">, Salt and natural flavor).\u00a0 <\/span><\/span><span class=\"EOP BCX2 SCXW208726875\" style=\"font-size: 13.5pt; line-height: 22.6625px; font-family: Arial, 'Arial_EmbeddedFont', 'Arial_MSFontService', sans-serif;\">\u00a0<\/span><\/p>\n<\/div>\n<div class=\"OutlineElement Ltr BCX2 SCXW208726875\">\n<h3 class=\"Paragraph BCX2 SCXW208726875\" style=\"font-weight: normal; font-style: normal; vertical-align: baseline; background-color: transparent; text-align: left; margin-left: 0px; margin-right: 0px; padding-left: 0px; padding-right: 0px; text-indent: 0px;\"><span class=\"TextRun BCX2 SCXW208726875\" lang=\"pt-pt\" style=\"font-weight: bold; font-style: normal; font-size: 13.5pt; font-family: Arial, 'Arial_EmbeddedFont', 'Arial_MSFontService', sans-serif; line-height: 22.6625px;\" xml:lang=\"pt-pt\"><span class=\"NormalTextRun BCX2 SCXW208726875\" style=\"background-color: inherit;\">Nutritional Declaration<\/span><\/span><span class=\"EOP BCX2 SCXW208726875\" style=\"font-size: 13.5pt; line-height: 22.6625px; font-family: Arial, 'Arial_EmbeddedFont', 'Arial_MSFontService', sans-serif;\">\u00a0<\/span><\/h3>\n<\/div>\n<div class=\"OutlineElement Ltr BCX2 SCXW208726875\">\n<p class=\"Paragraph BCX2 SCXW208726875\" lang=\"pt-pt\" style=\"font-weight: normal; font-style: normal; vertical-align: baseline; background-color: transparent; text-align: left; margin-left: 0px; margin-right: 0px; padding-left: 0px; padding-right: 0px; text-indent: 0px;\" xml:lang=\"pt-pt\"><span class=\"TextRun BCX2 SCXW208726875\" lang=\"pt-pt\" style=\"font-size: 13.5pt; font-family: Arial, 'Arial_EmbeddedFont', 'Arial_MSFontService', sans-serif; line-height: 22.6625px;\" xml:lang=\"pt-pt\"><span class=\"NormalTextRun BCX2 SCXW208726875\" style=\"background-color: inherit;\">Average nutritional values per 100g: <\/span><\/span><span class=\"EOP BCX2 SCXW208726875\" style=\"font-size: 13.5pt; line-height: 22.6625px; font-family: Arial, 'Arial_EmbeddedFont', 'Arial_MSFontService', sans-serif;\">\u00a0<\/span><\/p>\n<\/div>\n<div class=\"OutlineElement Ltr BCX2 SCXW208726875\">\n<p class=\"Paragraph BCX2 SCXW208726875\" lang=\"pt-pt\" style=\"font-weight: normal; font-style: normal; vertical-align: baseline; background-color: transparent; text-align: left; margin-left: 0px; margin-right: 0px; padding-left: 0px; padding-right: 0px; text-indent: 0px;\" xml:lang=\"pt-pt\"><span class=\"TextRun BCX2 SCXW208726875\" lang=\"pt-pt\" style=\"font-size: 13.5pt; font-family: Arial, 'Arial_EmbeddedFont', 'Arial_MSFontService', sans-serif; line-height: 22.6625px;\" xml:lang=\"pt-pt\"><span class=\"NormalTextRun BCX2 SCXW208726875\" style=\"background-color: inherit;\">Not Prepared: Energy: 1533.00 kJ \/ 363.00 kcal; <\/span><\/span><span class=\"EOP BCX2 SCXW208726875\" style=\"font-size: 13.5pt; line-height: 22.6625px; font-family: Arial, 'Arial_EmbeddedFont', 'Arial_MSFontService', sans-serif;\">\u00a0<\/span><\/p>\n<\/div>\n<div class=\"OutlineElement Ltr BCX2 SCXW208726875\">\n<p class=\"Paragraph BCX2 SCXW208726875\" lang=\"pt-pt\" style=\"font-weight: normal; font-style: normal; vertical-align: baseline; background-color: transparent; text-align: left; margin-left: 0px; margin-right: 0px; padding-left: 0px; padding-right: 0px; text-indent: 0px;\" xml:lang=\"pt-pt\"><span class=\"TextRun BCX2 SCXW208726875\" lang=\"pt-pt\" style=\"font-size: 13.5pt; font-family: Arial, 'Arial_EmbeddedFont', 'Arial_MSFontService', sans-serif; line-height: 22.6625px;\" xml:lang=\"pt-pt\"><span class=\"NormalTextRun BCX2 SCXW208726875\" style=\"background-color: inherit;\">Lipids: 7.30 g, <\/span><span class=\"ContextualSpellingAndGrammarError BCX2 SCXW208726875\" style=\"background-color: inherit;\">Of the<\/span><span class=\"NormalTextRun BCX2 SCXW208726875\" style=\"background-color: inherit;\"> which saturated fatty acids: 2.50 g; <\/span><\/span><span class=\"EOP BCX2 SCXW208726875\" style=\"font-size: 13.5pt; line-height: 22.6625px; font-family: Arial, 'Arial_EmbeddedFont', 'Arial_MSFontService', sans-serif;\">\u00a0<\/span><\/p>\n<\/div>\n<div class=\"OutlineElement Ltr BCX2 SCXW208726875\">\n<p class=\"Paragraph BCX2 SCXW208726875\" lang=\"pt-pt\" style=\"font-weight: normal; font-style: normal; vertical-align: baseline; background-color: transparent; text-align: left; margin-left: 0px; margin-right: 0px; padding-left: 0px; padding-right: 0px; text-indent: 0px;\" xml:lang=\"pt-pt\"><span class=\"TextRun BCX2 SCXW208726875\" lang=\"pt-pt\" style=\"font-size: 13.5pt; font-family: Arial, 'Arial_EmbeddedFont', 'Arial_MSFontService', sans-serif; line-height: 22.6625px;\" xml:lang=\"pt-pt\"><span class=\"NormalTextRun BCX2 SCXW208726875\" style=\"background-color: inherit;\">Carbohydrates: 63.10 g, <\/span><span class=\"ContextualSpellingAndGrammarError BCX2 SCXW208726875\" style=\"background-color: inherit;\">Of the<\/span><span class=\"NormalTextRun BCX2 SCXW208726875\" style=\"background-color: inherit;\"> which sugars: 10.50 g; <\/span><\/span><span class=\"EOP BCX2 SCXW208726875\" style=\"font-size: 13.5pt; line-height: 22.6625px; font-family: Arial, 'Arial_EmbeddedFont', 'Arial_MSFontService', sans-serif;\">\u00a0<\/span><\/p>\n<\/div>\n<div class=\"OutlineElement Ltr BCX2 SCXW208726875\">\n<p class=\"Paragraph BCX2 SCXW208726875\" lang=\"pt-pt\" style=\"font-weight: normal; font-style: normal; vertical-align: baseline; background-color: transparent; text-align: left; margin-left: 0px; margin-right: 0px; padding-left: 0px; padding-right: 0px; text-indent: 0px;\" xml:lang=\"pt-pt\"><span class=\"TextRun BCX2 SCXW208726875\" lang=\"pt-pt\" style=\"font-size: 13.5pt; font-family: Arial, 'Arial_EmbeddedFont', 'Arial_MSFontService', sans-serif; line-height: 22.6625px;\" xml:lang=\"pt-pt\"><span class=\"NormalTextRun BCX2 SCXW208726875\" style=\"background-color: inherit;\">Fiber: 8.20 g; <\/span><\/span><span class=\"EOP BCX2 SCXW208726875\" style=\"font-size: 13.5pt; line-height: 22.6625px; font-family: Arial, 'Arial_EmbeddedFont', 'Arial_MSFontService', sans-serif;\">\u00a0<\/span><\/p>\n<\/div>\n<div class=\"OutlineElement Ltr BCX2 SCXW208726875\">\n<p class=\"Paragraph BCX2 SCXW208726875\" lang=\"pt-pt\" style=\"font-weight: normal; font-style: normal; vertical-align: baseline; background-color: transparent; text-align: left; margin-left: 0px; margin-right: 0px; padding-left: 0px; padding-right: 0px; text-indent: 0px;\" xml:lang=\"pt-pt\"><span class=\"TextRun BCX2 SCXW208726875\" lang=\"pt-pt\" style=\"font-size: 13.5pt; font-family: Arial, 'Arial_EmbeddedFont', 'Arial_MSFontService', sans-serif; line-height: 22.6625px;\" xml:lang=\"pt-pt\"><span class=\"NormalTextRun BCX2 SCXW208726875\" style=\"background-color: inherit;\">Proteins: 11.20 g; <\/span><\/span><span class=\"EOP BCX2 SCXW208726875\" style=\"font-size: 13.5pt; line-height: 22.6625px; font-family: Arial, 'Arial_EmbeddedFont', 'Arial_MSFontService', sans-serif;\">\u00a0<\/span><\/p>\n<\/div>\n<div class=\"OutlineElement Ltr BCX2 SCXW208726875\">\n<p class=\"Paragraph BCX2 SCXW208726875\" lang=\"pt-pt\" style=\"font-weight: normal; font-style: normal; vertical-align: baseline; background-color: transparent; text-align: left; margin-left: 0px; margin-right: 0px; padding-left: 0px; padding-right: 0px; text-indent: 0px;\" xml:lang=\"pt-pt\"><span class=\"TextRun BCX2 SCXW208726875\" lang=\"pt-pt\" style=\"font-size: 13.5pt; font-family: Arial, 'Arial_EmbeddedFont', 'Arial_MSFontService', sans-serif; line-height: 22.6625px;\" xml:lang=\"pt-pt\"><span class=\"NormalTextRun BCX2 SCXW208726875\" style=\"background-color: inherit;\">Salt: 0.08 g;<\/span><\/span><span class=\"EOP BCX2 SCXW208726875\" style=\"font-size: 13.5pt; line-height: 22.6625px; font-family: Arial, 'Arial_EmbeddedFont', 'Arial_MSFontService', sans-serif;\">\u00a0<\/span><\/p>\n<\/div>\n<div class=\"OutlineElement Ltr BCX2 SCXW208726875\">\n<h3 class=\"Paragraph BCX2 SCXW208726875\" style=\"font-weight: normal; font-style: normal; vertical-align: baseline; background-color: transparent; text-align: left; margin-left: 0px; margin-right: 0px; padding-left: 0px; padding-right: 0px; text-indent: 0px;\"><span class=\"TextRun BCX2 SCXW208726875\" lang=\"pt-pt\" style=\"font-weight: bold; font-style: normal; font-size: 13.5pt; font-family: Arial, 'Arial_EmbeddedFont', 'Arial_MSFontService', sans-serif; line-height: 22.6625px;\" xml:lang=\"pt-pt\"><span class=\"NormalTextRun BCX2 SCXW208726875\" style=\"background-color: inherit;\">Conservation Conditions and\/or <\/span><\/span><span class=\"TextRun BCX2 SCXW208726875\" lang=\"pt-pt\" style=\"font-weight: bold; font-style: normal; font-size: 13.5pt; font-family: Arial, 'Arial_EmbeddedFont', 'Arial_MSFontService', sans-serif; line-height: 22.6625px;\" xml:lang=\"pt-pt\"><span class=\"NormalTextRun BCX2 SCXW208726875\" style=\"background-color: inherit;\">Use<\/span><\/span><span class=\"EOP BCX2 SCXW208726875\" style=\"font-size: 13.5pt; line-height: 22.6625px; font-family: Arial, 'Arial_EmbeddedFont', 'Arial_MSFontService', sans-serif;\">\u00a0<\/span><\/h3>\n<\/div>\n<div class=\"OutlineElement Ltr BCX2 SCXW208726875\">\n<p class=\"Paragraph BCX2 SCXW208726875\" style=\"font-weight: normal; font-style: normal; vertical-align: baseline; background-color: transparent; text-align: left; margin-left: 0px; margin-right: 0px; padding-left: 0px; padding-right: 0px; text-indent: 0px;\"><span class=\"TextRun BCX2 SCXW208726875\" lang=\"pt-pt\" style=\"font-size: 13.5pt; font-family: Arial, 'Arial_EmbeddedFont', 'Arial_MSFontService', sans-serif; line-height: 22.6625px;\" xml:lang=\"pt-pt\"><span class=\"NormalTextRun BCX2 SCXW208726875\" style=\"background-color: inherit;\">Store in a cool, dry place.<\/span><\/span><span class=\"EOP BCX2 SCXW208726875\" style=\"font-size: 13.5pt; line-height: 22.6625px; font-family: Arial, 'Arial_EmbeddedFont', 'Arial_MSFontService', sans-serif;\">\u00a0<\/span><\/p>\n<\/div>\n<div class=\"OutlineElement Ltr BCX2 SCXW208726875\">\n<h3 class=\"Paragraph BCX2 SCXW208726875\" style=\"font-weight: normal; font-style: normal; vertical-align: baseline; background-color: transparent; text-align: left; margin-left: 0px; margin-right: 0px; padding-left: 0px; padding-right: 0px; text-indent: 0px;\"><span class=\"TextRun BCX2 SCXW208726875\" lang=\"pt-pt\" style=\"font-weight: bold; font-style: normal; font-size: 13.5pt; font-family: Arial, 'Arial_EmbeddedFont', 'Arial_MSFontService', sans-serif; line-height: 22.6625px;\" xml:lang=\"pt-pt\"><span class=\"NormalTextRun BCX2 SCXW208726875\" style=\"background-color: inherit;\">Supplier Name or Company and Address<\/span><\/span><span class=\"EOP BCX2 SCXW208726875\" style=\"font-size: 13.5pt; line-height: 22.6625px; font-family: Arial, 'Arial_EmbeddedFont', 'Arial_MSFontService', sans-serif;\">\u00a0<\/span><\/h3>\n<\/div>\n<div class=\"OutlineElement Ltr BCX2 SCXW208726875\">\n<p class=\"Paragraph BCX2 SCXW208726875\" lang=\"pt-pt\" style=\"font-weight: normal; font-style: normal; vertical-align: baseline; background-color: transparent; text-align: left; margin-left: 0px; margin-right: 0px; padding-left: 0px; padding-right: 0px; text-indent: 0px;\" xml:lang=\"pt-pt\"><span class=\"TextRun BCX2 SCXW208726875\" lang=\"pt-pt\" style=\"font-size: 13.5pt; font-family: Arial, 'Arial_EmbeddedFont', 'Arial_MSFontService', sans-serif; line-height: 22.6625px;\" xml:lang=\"pt-pt\"><span class=\"NormalTextRun BCX2 SCXW208726875\" style=\"background-color: inherit;\">A. CENTAZZI, LDA. <\/span><span class=\"SpellingError BCX2 SCXW208726875\" style=\"background-color: inherit;\">en:STREET<\/span><span class=\"NormalTextRun BCX2 SCXW208726875\" style=\"background-color: inherit;\"> WORKERS&#039; ALLIANCE, 4, 1349-043 LISBON<\/span><\/span><span class=\"EOP BCX2 SCXW208726875\" style=\"font-size: 13.5pt; line-height: 22.6625px; font-family: Arial, 'Arial_EmbeddedFont', 'Arial_MSFontService', sans-serif;\"><br \/>\n<\/span><\/p>\n<\/div>","protected":false},"excerpt":{"rendered":"<p>Denomina\u00e7\u00e3o\u00a0 Muesli Integral com Chocolate 375 g\u00a0 \u00a0 \u00a0 \u00a0\u00a0 Lista de Ingredientes\u00a0 &#8220;Flocos de Aveia (47,5%), Flocos de trigo (20%), Extrudido de trigo chocolate (10%) (Farinha de trigo, A\u00e7\u00facar, Cacau em p\u00f3, Amido de trigo e Malte de cevada), Corn Flakes (8%)(Milho, A\u00e7\u00facar, Sal, Malte de Cevada, Emulsionante (lecitina de soja)), Peda\u00e7os de chocolate [&hellip;]<\/p>\n","protected":false},"featured_media":1375,"template":"","meta":[],"product_brand":[],"product_cat":[41],"product_tag":[],"class_list":{"0":"post-1287","1":"product","2":"type-product","3":"status-publish","4":"has-post-thumbnail","6":"product_cat-cereais-e-sementes","8":"first","9":"outofstock","10":"taxable","11":"shipping-taxable","12":"purchasable","13":"product-type-simple"},"aioseo_notices":[],"jetpack_sharing_enabled":true,"_links":{"self":[{"href":"https:\/\/hortadamaria.com\/en\/wp-json\/wp\/v2\/product\/1287","targetHints":{"allow":["GET"]}}],"collection":[{"href":"https:\/\/hortadamaria.com\/en\/wp-json\/wp\/v2\/product"}],"about":[{"href":"https:\/\/hortadamaria.com\/en\/wp-json\/wp\/v2\/types\/product"}],"version-history":[{"count":0,"href":"https:\/\/hortadamaria.com\/en\/wp-json\/wp\/v2\/product\/1287\/revisions"}],"wp:featuredmedia":[{"embeddable":true,"href":"https:\/\/hortadamaria.com\/en\/wp-json\/wp\/v2\/media\/1375"}],"wp:attachment":[{"href":"https:\/\/hortadamaria.com\/en\/wp-json\/wp\/v2\/media?parent=1287"}],"wp:term":[{"taxonomy":"product_brand","embeddable":true,"href":"https:\/\/hortadamaria.com\/en\/wp-json\/wp\/v2\/product_brand?post=1287"},{"taxonomy":"product_cat","embeddable":true,"href":"https:\/\/hortadamaria.com\/en\/wp-json\/wp\/v2\/product_cat?post=1287"},{"taxonomy":"product_tag","embeddable":true,"href":"https:\/\/hortadamaria.com\/en\/wp-json\/wp\/v2\/product_tag?post=1287"}],"curies":[{"name":"wp","href":"https:\/\/api.w.org\/{rel}","templated":true}]}}