{"id":1286,"date":"2025-08-19T11:09:47","date_gmt":"2025-08-19T11:09:47","guid":{"rendered":"https:\/\/hortadamaria.com\/?post_type=product&#038;p=1286"},"modified":"2025-10-14T12:13:57","modified_gmt":"2025-10-14T12:13:57","slug":"cereais-muesli-mix-375g","status":"publish","type":"product","link":"https:\/\/hortadamaria.com\/en\/product\/cereais-muesli-mix-375g\/","title":{"rendered":"Muesli Mix Cereals (375g)"},"content":{"rendered":"<div class=\"OutlineElement Ltr BCX0 SCXW207313842\" style=\"margin: 0px; padding: 0px; clear: both; font-family: 'Segoe UI', 'Segoe UI Web', Arial, Verdana, sans-serif; font-size: 12px;\">\n<h3 class=\"Paragraph BCX0 SCXW207313842\" lang=\"pt-pt\" style=\"margin: 0px; padding: 0px; vertical-align: baseline; background-color: transparent;\" xml:lang=\"pt-pt\"><span class=\"TextRun BCX0 SCXW207313842\" lang=\"pt-pt\" style=\"margin: 0px; padding: 0px; font-weight: bold; font-size: 14pt; font-family: Arial, 'Arial_EmbeddedFont', 'Arial_MSFontService', sans-serif; line-height: 23.7417px;\" xml:lang=\"pt-pt\"><span class=\"NormalTextRun BCX0 SCXW207313842\" style=\"margin: 0px; padding: 0px; background-color: inherit;\">Valores nutricionais<\/span><\/span><span class=\"TextRun BCX0 SCXW207313842\" lang=\"pt-pt\" style=\"margin: 0px; padding: 0px; font-weight: bold; font-size: 14pt; font-family: Arial, 'Arial_EmbeddedFont', 'Arial_MSFontService', sans-serif; line-height: 23.7417px;\" xml:lang=\"pt-pt\"><span class=\"NormalTextRun BCX0 SCXW207313842\" style=\"margin: 0px; padding: 0px; background-color: inherit;\">\u00a0<\/span><\/span><span class=\"EOP BCX0 SCXW207313842\" style=\"margin: 0px; padding: 0px; font-size: 14pt; line-height: 23.7417px; font-family: Arial, 'Arial_EmbeddedFont', 'Arial_MSFontService', sans-serif;\">\u00a0<\/span><\/h3>\n<\/div>\n<div class=\"OutlineElement Ltr BCX0 SCXW207313842\" style=\"margin: 0px; padding: 0px; clear: both; font-family: 'Segoe UI', 'Segoe UI Web', Arial, Verdana, sans-serif; font-size: 12px;\">\n<p class=\"Paragraph BCX0 SCXW207313842\" lang=\"pt-pt\" style=\"margin: 0px; padding: 0px; vertical-align: baseline; background-color: transparent;\" xml:lang=\"pt-pt\"><span class=\"TextRun BCX0 SCXW207313842\" lang=\"pt-pt\" style=\"margin: 0px; padding: 0px; color: #363636; font-size: 13.5pt; font-family: Arial, 'Arial_EmbeddedFont', 'Arial_MSFontService', sans-serif; line-height: 22.6625px;\" xml:lang=\"pt-pt\"><span class=\"NormalTextRun BCX0 SCXW207313842\" style=\"margin: 0px; padding: 0px; background-color: inherit;\">Valores nutricionais m\u00e9dios por 100gr: N\u00e3o Preparado: Energia: 1744.70 kJ \/ 415.90 kcal; Hidratos de carbono: 52.80 g, Dos quais a\u00e7\u00facares: 21.90 g; L\u00edpidos: 15.30 g, Dos quais \u00e1cidos gordos saturados: 2.00 g; Fibras: 7.60 g; Prote\u00ednas: 13.00 g; Sal: 0.49 g<\/span><\/span><span class=\"EOP BCX0 SCXW207313842\" style=\"margin: 0px; padding: 0px; font-size: 13.5pt; line-height: 22.6625px; font-family: Arial, 'Arial_EmbeddedFont', 'Arial_MSFontService', sans-serif; color: #363636;\">\u00a0<\/span><\/p>\n<\/div>\n<div class=\"OutlineElement Ltr BCX0 SCXW207313842\" style=\"margin: 0px; padding: 0px; clear: both; font-family: 'Segoe UI', 'Segoe UI Web', Arial, Verdana, sans-serif; font-size: 12px;\">\n<p class=\"Paragraph BCX0 SCXW207313842\" lang=\"pt-pt\" style=\"margin: 0px; padding: 0px; vertical-align: baseline; background-color: transparent;\" xml:lang=\"pt-pt\"><span class=\"EOP BCX0 SCXW207313842\" style=\"margin: 0px; padding: 0px; font-size: 8pt; line-height: 12.95px; font-family: Arial, 'Arial_EmbeddedFont', 'Arial_MSFontService', sans-serif; color: #7e7e7e;\">\u00a0<\/span><\/p>\n<\/div>\n<div class=\"OutlineElement Ltr BCX0 SCXW207313842\" style=\"margin: 0px; padding: 0px; clear: both; font-family: 'Segoe UI', 'Segoe UI Web', Arial, Verdana, sans-serif; font-size: 12px;\">\n<h3 class=\"Paragraph BCX0 SCXW207313842\" lang=\"pt-pt\" style=\"margin: 0px; padding: 0px; vertical-align: baseline; background-color: transparent;\" xml:lang=\"pt-pt\"><span class=\"TextRun BCX0 SCXW207313842\" lang=\"pt-pt\" style=\"margin: 0px; padding: 0px; font-weight: bold; font-size: 14pt; font-family: Arial, 'Arial_EmbeddedFont', 'Arial_MSFontService', sans-serif; line-height: 23.7417px;\" xml:lang=\"pt-pt\"><span class=\"NormalTextRun BCX0 SCXW207313842\" style=\"margin: 0px; padding: 0px; background-color: inherit;\">Ingredientes<\/span><\/span><span class=\"EOP BCX0 SCXW207313842\" style=\"margin: 0px; padding: 0px; font-size: 14pt; line-height: 23.7417px; font-family: Arial, 'Arial_EmbeddedFont', 'Arial_MSFontService', sans-serif;\">\u00a0<\/span><\/h3>\n<\/div>\n<div class=\"OutlineElement Ltr BCX0 SCXW207313842\" style=\"margin: 0px; padding: 0px; clear: both; font-family: 'Segoe UI', 'Segoe UI Web', Arial, Verdana, sans-serif; font-size: 12px;\">\n<p class=\"Paragraph BCX0 SCXW207313842\" lang=\"pt-pt\" style=\"margin: 0px; padding: 0px; vertical-align: baseline; background-color: transparent;\" xml:lang=\"pt-pt\"><span style=\"color: #000000;\"><span class=\"TextRun BCX0 SCXW207313842\" lang=\"pt-pt\" style=\"margin: 0px; padding: 0px; font-size: 14pt; font-family: Arial, Arial_EmbeddedFont, Arial_MSFontService, sans-serif; line-height: 23.7417px;\" xml:lang=\"pt-pt\"><span class=\"NormalTextRun BCX0 SCXW207313842\" style=\"margin: 0px; padding: 0px; background-color: inherit;\">Sultanas (uvas, \u00f3leo vegetal n\u00e3o hidrogenado), Flocos de Aveia integral (27,7%), Flocos Trigo integral tostados (14,8%) (trigo, a\u00e7\u00facar, sal, malte de cevada e emulsionantes (mono e\u00a0<\/span><\/span><span class=\"TextRun BCX0 SCXW207313842\" lang=\"pt-pt\" style=\"margin: 0px; padding: 0px; font-size: 14pt; font-family: Arial, Arial_EmbeddedFont, Arial_MSFontService, sans-serif; line-height: 23.7417px;\" xml:lang=\"pt-pt\"><span class=\"SpellingError BCX0 SCXW207313842\" style=\"margin: 0px; padding: 0px; background-repeat: repeat-x; background-position: left bottom; border-bottom: 1px solid transparent; background-color: inherit;\">diglic\u00e9ridos<\/span><\/span><span class=\"TextRun BCX0 SCXW207313842\" lang=\"pt-pt\" style=\"margin: 0px; padding: 0px; font-size: 14pt; font-family: Arial, Arial_EmbeddedFont, Arial_MSFontService, sans-serif; line-height: 23.7417px;\" xml:lang=\"pt-pt\"><span class=\"NormalTextRun BCX0 SCXW207313842\" style=\"margin: 0px; padding: 0px; background-color: inherit;\">\u00a0de \u00e1cidos gordos), Flocos de Cevada integral tostados (14,8%) (cevada, a\u00e7\u00facar, sal, malte de cevada, emulsionantes [mono e\u00a0<\/span><\/span><span class=\"TextRun BCX0 SCXW207313842\" lang=\"pt-pt\" style=\"margin: 0px; padding: 0px; font-size: 14pt; font-family: Arial, Arial_EmbeddedFont, Arial_MSFontService, sans-serif; line-height: 23.7417px;\" xml:lang=\"pt-pt\"><span class=\"SpellingError BCX0 SCXW207313842\" style=\"margin: 0px; padding: 0px; background-repeat: repeat-x; background-position: left bottom; border-bottom: 1px solid transparent; background-color: inherit;\">diglic\u00e9ridos<\/span><\/span><span class=\"TextRun BCX0 SCXW207313842\" lang=\"pt-pt\" style=\"margin: 0px; padding: 0px; font-size: 14pt; font-family: Arial, Arial_EmbeddedFont, Arial_MSFontService, sans-serif; line-height: 23.7417px;\" xml:lang=\"pt-pt\"><span class=\"NormalTextRun BCX0 SCXW207313842\" style=\"margin: 0px; padding: 0px; background-color: inherit;\">\u00a0de \u00e1cidos gordos]) e Sementes de Girassol (14,8%).<\/span><\/span><span class=\"EOP BCX0 SCXW207313842\" style=\"margin: 0px; padding: 0px; font-size: 14pt; line-height: 23.7417px; font-family: Arial, Arial_EmbeddedFont, Arial_MSFontService, sans-serif;\">\u00a0<\/span><\/span><\/p>\n<\/div>\n<div class=\"OutlineElement Ltr BCX0 SCXW207313842\" style=\"margin: 0px; padding: 0px; clear: both; font-family: 'Segoe UI', 'Segoe UI Web', Arial, Verdana, sans-serif; font-size: 12px;\">\n<p class=\"Paragraph BCX0 SCXW207313842\" lang=\"pt-pt\" style=\"margin: 0px; padding: 0px; vertical-align: baseline; background-color: transparent;\" xml:lang=\"pt-pt\"><span class=\"EOP BCX0 SCXW207313842\" style=\"margin: 0px; padding: 0px; font-size: 13.5pt; line-height: 22.6625px; font-family: Arial, Arial_EmbeddedFont, Arial_MSFontService, sans-serif; color: #000000;\">\u00a0<\/span><\/p>\n<\/div>\n<div class=\"OutlineElement Ltr BCX0 SCXW207313842\" style=\"margin: 0px; padding: 0px; clear: both; font-family: 'Segoe UI', 'Segoe UI Web', Arial, Verdana, sans-serif; font-size: 12px;\">\n<h3 class=\"Paragraph BCX0 SCXW207313842\" lang=\"pt-pt\" style=\"margin: 0px; padding: 0px; vertical-align: baseline; background-color: transparent;\" xml:lang=\"pt-pt\"><span class=\"TextRun BCX0 SCXW207313842\" lang=\"pt-pt\" style=\"margin: 0px; padding: 0px; color: #363636; font-weight: bold; font-size: 13.5pt; font-family: Arial, 'Arial_EmbeddedFont', 'Arial_MSFontService', sans-serif; line-height: 22.6625px;\" xml:lang=\"pt-pt\"><span class=\"NormalTextRun BCX0 SCXW207313842\" style=\"margin: 0px; padding: 0px; background-color: inherit;\">Denomina\u00e7\u00e3o\u00a0<\/span><\/span><span class=\"EOP BCX0 SCXW207313842\" style=\"margin: 0px; padding: 0px; font-size: 13.5pt; line-height: 22.6625px; font-family: Arial, 'Arial_EmbeddedFont', 'Arial_MSFontService', sans-serif; color: #363636;\">\u00a0<\/span><\/h3>\n<\/div>\n<div class=\"OutlineElement Ltr BCX0 SCXW207313842\" style=\"margin: 0px; padding: 0px; clear: both; font-family: 'Segoe UI', 'Segoe UI Web', Arial, Verdana, sans-serif; font-size: 12px;\">\n<p class=\"Paragraph BCX0 SCXW207313842\" lang=\"pt-pt\" style=\"margin: 0px; padding: 0px; vertical-align: baseline; background-color: transparent;\" xml:lang=\"pt-pt\"><span class=\"TextRun BCX0 SCXW207313842\" lang=\"pt-pt\" style=\"margin: 0px; padding: 0px; color: #363636; font-size: 13.5pt; font-family: Arial, 'Arial_EmbeddedFont', 'Arial_MSFontService', sans-serif; line-height: 22.6625px;\" xml:lang=\"pt-pt\"><span class=\"NormalTextRun BCX0 SCXW207313842\" style=\"margin: 0px; padding: 0px; background-color: inherit;\">Cereais\u00a0<\/span><\/span><span class=\"TextRun BCX0 SCXW207313842\" lang=\"pt-pt\" style=\"margin: 0px; padding: 0px; color: #363636; font-size: 13.5pt; font-family: Arial, 'Arial_EmbeddedFont', 'Arial_MSFontService', sans-serif; line-height: 22.6625px;\" xml:lang=\"pt-pt\"><span class=\"SpellingError BCX0 SCXW207313842\" style=\"margin: 0px; padding: 0px; background-repeat: repeat-x; background-position: left bottom; border-bottom: 1px solid transparent; background-color: inherit;\">Salutem<\/span><\/span><span class=\"TextRun BCX0 SCXW207313842\" lang=\"pt-pt\" style=\"margin: 0px; padding: 0px; color: #363636; font-size: 13.5pt; font-family: Arial, 'Arial_EmbeddedFont', 'Arial_MSFontService', sans-serif; line-height: 22.6625px;\" xml:lang=\"pt-pt\"><span class=\"NormalTextRun BCX0 SCXW207313842\" style=\"margin: 0px; padding: 0px; background-color: inherit;\">\u00a0Muesli\u00a0<\/span><\/span><span class=\"TextRun BCX0 SCXW207313842\" lang=\"pt-pt\" style=\"margin: 0px; padding: 0px; color: #363636; font-size: 13.5pt; font-family: Arial, 'Arial_EmbeddedFont', 'Arial_MSFontService', sans-serif; line-height: 22.6625px;\" xml:lang=\"pt-pt\"><span class=\"SpellingError BCX0 SCXW207313842\" style=\"margin: 0px; padding: 0px; background-repeat: repeat-x; background-position: left bottom; border-bottom: 1px solid transparent; background-color: inherit;\">Mix<\/span><\/span><span class=\"TextRun BCX0 SCXW207313842\" lang=\"pt-pt\" style=\"margin: 0px; padding: 0px; color: #363636; font-size: 13.5pt; font-family: Arial, 'Arial_EmbeddedFont', 'Arial_MSFontService', sans-serif; line-height: 22.6625px;\" xml:lang=\"pt-pt\"><span class=\"NormalTextRun BCX0 SCXW207313842\" style=\"margin: 0px; padding: 0px; background-color: inherit;\">\u00a0375gr<\/span><\/span><span class=\"EOP BCX0 SCXW207313842\" style=\"margin: 0px; padding: 0px; font-size: 13.5pt; line-height: 22.6625px; font-family: Arial, 'Arial_EmbeddedFont', 'Arial_MSFontService', sans-serif; color: #363636;\">\u00a0<\/span><\/p>\n<\/div>\n<div class=\"OutlineElement Ltr BCX0 SCXW207313842\" style=\"margin: 0px; padding: 0px; clear: both; font-family: 'Segoe UI', 'Segoe UI Web', Arial, Verdana, sans-serif; font-size: 12px;\">\n<p class=\"Paragraph BCX0 SCXW207313842\" lang=\"pt-pt\" style=\"margin: 0px; padding: 0px; vertical-align: baseline; background-color: transparent;\" xml:lang=\"pt-pt\"><span class=\"EOP BCX0 SCXW207313842\" style=\"margin: 0px; padding: 0px; font-size: 13.5pt; line-height: 22.6625px; font-family: Arial, 'Arial_EmbeddedFont', 'Arial_MSFontService', sans-serif; color: #363636;\">\u00a0<\/span><\/p>\n<\/div>\n<div class=\"OutlineElement Ltr BCX0 SCXW207313842\" style=\"margin: 0px; padding: 0px; clear: both; font-family: 'Segoe UI', 'Segoe UI Web', Arial, Verdana, sans-serif; font-size: 12px;\">\n<h3 class=\"Paragraph BCX0 SCXW207313842\" lang=\"pt-pt\" style=\"margin: 0px; padding: 0px; vertical-align: baseline; background-color: transparent;\" xml:lang=\"pt-pt\"><span class=\"TextRun BCX0 SCXW207313842\" lang=\"pt-pt\" style=\"margin: 0px; padding: 0px; color: #363636; font-weight: bold; font-size: 13.5pt; font-family: Arial, 'Arial_EmbeddedFont', 'Arial_MSFontService', sans-serif; line-height: 22.6625px;\" xml:lang=\"pt-pt\"><span class=\"NormalTextRun BCX0 SCXW207313842\" style=\"margin: 0px; padding: 0px; background-color: inherit;\">Conserva\u00e7\u00e3o\u00a0<\/span><\/span><span class=\"EOP BCX0 SCXW207313842\" style=\"margin: 0px; padding: 0px; font-size: 13.5pt; line-height: 22.6625px; font-family: Arial, 'Arial_EmbeddedFont', 'Arial_MSFontService', sans-serif; color: #363636;\">\u00a0<\/span><\/h3>\n<\/div>\n<div class=\"OutlineElement Ltr BCX0 SCXW207313842\" style=\"margin: 0px; padding: 0px; clear: both; font-family: 'Segoe UI', 'Segoe UI Web', Arial, Verdana, sans-serif; font-size: 12px;\">\n<p class=\"Paragraph BCX0 SCXW207313842\" lang=\"pt-pt\" style=\"margin: 0px; padding: 0px; vertical-align: baseline; background-color: transparent;\" xml:lang=\"pt-pt\"><span class=\"TextRun BCX0 SCXW207313842\" lang=\"pt-pt\" style=\"margin: 0px; padding: 0px; color: #363636; font-size: 13.5pt; font-family: Arial, 'Arial_EmbeddedFont', 'Arial_MSFontService', sans-serif; line-height: 22.6625px;\" xml:lang=\"pt-pt\"><span class=\"NormalTextRun BCX0 SCXW207313842\" style=\"margin: 0px; padding: 0px; background-color: inherit;\">Conservar em local fresco e seco.<\/span><\/span><span class=\"EOP BCX0 SCXW207313842\" style=\"margin: 0px; padding: 0px; font-size: 13.5pt; line-height: 22.6625px; font-family: Arial, 'Arial_EmbeddedFont', 'Arial_MSFontService', sans-serif; color: #363636;\">\u00a0<\/span><\/p>\n<\/div>\n<div class=\"OutlineElement Ltr BCX0 SCXW207313842\" style=\"margin: 0px; padding: 0px; clear: both; font-family: 'Segoe UI', 'Segoe UI Web', Arial, Verdana, sans-serif; font-size: 12px;\">\n<p class=\"Paragraph BCX0 SCXW207313842\" lang=\"pt-pt\" style=\"margin: 0px; padding: 0px; vertical-align: baseline; background-color: transparent;\" xml:lang=\"pt-pt\"><span class=\"EOP BCX0 SCXW207313842\" style=\"margin: 0px; padding: 0px; font-size: 13.5pt; line-height: 22.6625px; font-family: Arial, 'Arial_EmbeddedFont', 'Arial_MSFontService', sans-serif; color: #363636;\">\u00a0<\/span><\/p>\n<\/div>\n<div class=\"OutlineElement Ltr BCX0 SCXW207313842\" style=\"margin: 0px; padding: 0px; clear: both; font-family: 'Segoe UI', 'Segoe UI Web', Arial, Verdana, sans-serif; font-size: 12px;\">\n<h3 class=\"Paragraph BCX0 SCXW207313842\" lang=\"pt-pt\" style=\"margin: 0px; padding: 0px; vertical-align: baseline; background-color: transparent;\" xml:lang=\"pt-pt\"><span class=\"TextRun BCX0 SCXW207313842\" lang=\"pt-pt\" style=\"margin: 0px; padding: 0px; color: #222222; font-weight: bold; font-size: 13.5pt; font-family: Arial, 'Arial_EmbeddedFont', 'Arial_MSFontService', sans-serif; line-height: 22.6625px;\" xml:lang=\"pt-pt\"><span class=\"NormalTextRun BCX0 SCXW207313842\" style=\"margin: 0px; padding: 0px; background-color: inherit;\">Nome ou Firma e endere\u00e7o do Fornecedor<\/span><\/span><span class=\"EOP BCX0 SCXW207313842\" style=\"margin: 0px; padding: 0px; font-size: 13.5pt; line-height: 22.6625px; font-family: Arial, 'Arial_EmbeddedFont', 'Arial_MSFontService', sans-serif; color: #222222;\">\u00a0<\/span><\/h3>\n<\/div>\n<div class=\"OutlineElement Ltr BCX0 SCXW207313842\" style=\"margin: 0px; padding: 0px; clear: both; font-family: 'Segoe UI', 'Segoe UI Web', Arial, Verdana, sans-serif; font-size: 12px;\">\n<p class=\"Paragraph BCX0 SCXW207313842\" lang=\"pt-pt\" style=\"margin: 0px; padding: 0px; vertical-align: baseline; background-color: transparent;\" xml:lang=\"pt-pt\"><span class=\"TextRun BCX0 SCXW207313842\" lang=\"pt-pt\" style=\"margin: 0px; padding: 0px; color: #363636; font-size: 13.5pt; font-family: Arial, 'Arial_EmbeddedFont', 'Arial_MSFontService', sans-serif; line-height: 22.6625px;\" xml:lang=\"pt-pt\"><span class=\"NormalTextRun BCX0 SCXW207313842\" style=\"margin: 0px; padding: 0px; background-color: inherit;\">A CENTAZZI, LDA\u00a0<\/span><\/span><span class=\"TextRun BCX0 SCXW207313842\" lang=\"pt-pt\" style=\"margin: 0px; padding: 0px; color: #363636; font-size: 13.5pt; font-family: Arial, 'Arial_EmbeddedFont', 'Arial_MSFontService', sans-serif; line-height: 22.6625px;\" xml:lang=\"pt-pt\"><span class=\"SpellingError BCX0 SCXW207313842\" style=\"margin: 0px; padding: 0px; background-repeat: repeat-x; background-position: left bottom; border-bottom: 1px solid transparent; background-color: inherit;\">pt:R<\/span><\/span><span class=\"TextRun BCX0 SCXW207313842\" lang=\"pt-pt\" style=\"margin: 0px; padding: 0px; color: #363636; font-size: 13.5pt; font-family: Arial, 'Arial_EmbeddedFont', 'Arial_MSFontService', sans-serif; line-height: 22.6625px;\" xml:lang=\"pt-pt\"><span class=\"NormalTextRun BCX0 SCXW207313842\" style=\"margin: 0px; padding: 0px; background-color: inherit;\">. Jos\u00e9 Vicente Gon\u00e7alves, n\u00ba 16<\/span><\/span><span class=\"EOP BCX0 SCXW207313842\" style=\"margin: 0px; padding: 0px; font-size: 13.5pt; line-height: 22.6625px; font-family: Arial, 'Arial_EmbeddedFont', 'Arial_MSFontService', sans-serif; color: #363636;\">\u00a0<\/span><\/p>\n<p class=\"Paragraph BCX0 SCXW207313842\" lang=\"pt-pt\" style=\"margin: 0px; padding: 0px; vertical-align: baseline; background-color: transparent;\" xml:lang=\"pt-pt\"><span class=\"EOP BCX0 SCXW207313842\" style=\"margin: 0px; padding: 0px; font-size: 13.5pt; line-height: 22.6625px; font-family: Arial, 'Arial_EmbeddedFont', 'Arial_MSFontService', sans-serif; color: #363636;\">Cr\u00e9ditos Auchan<\/span><\/p>\n<\/div>\n","protected":false},"excerpt":{"rendered":"<p>Valores nutricionais\u00a0\u00a0 Valores nutricionais m\u00e9dios por 100gr: N\u00e3o Preparado: Energia: 1744.70 kJ \/ 415.90 kcal; Hidratos de carbono: 52.80 g, Dos quais a\u00e7\u00facares: 21.90 g; L\u00edpidos: 15.30 g, Dos quais \u00e1cidos gordos saturados: 2.00 g; Fibras: 7.60 g; Prote\u00ednas: 13.00 g; Sal: 0.49 g\u00a0 \u00a0 Ingredientes\u00a0 Sultanas (uvas, \u00f3leo vegetal n\u00e3o hidrogenado), Flocos de Aveia [&hellip;]<\/p>\n","protected":false},"featured_media":1373,"template":"","meta":[],"product_brand":[],"product_cat":[41],"product_tag":[],"class_list":{"0":"post-1286","1":"product","2":"type-product","3":"status-publish","4":"has-post-thumbnail","6":"product_cat-cereais-e-sementes","8":"first","9":"outofstock","10":"taxable","11":"shipping-taxable","12":"purchasable","13":"product-type-simple"},"aioseo_notices":[],"jetpack_sharing_enabled":true,"_links":{"self":[{"href":"https:\/\/hortadamaria.com\/en\/wp-json\/wp\/v2\/product\/1286","targetHints":{"allow":["GET"]}}],"collection":[{"href":"https:\/\/hortadamaria.com\/en\/wp-json\/wp\/v2\/product"}],"about":[{"href":"https:\/\/hortadamaria.com\/en\/wp-json\/wp\/v2\/types\/product"}],"version-history":[{"count":0,"href":"https:\/\/hortadamaria.com\/en\/wp-json\/wp\/v2\/product\/1286\/revisions"}],"wp:featuredmedia":[{"embeddable":true,"href":"https:\/\/hortadamaria.com\/en\/wp-json\/wp\/v2\/media\/1373"}],"wp:attachment":[{"href":"https:\/\/hortadamaria.com\/en\/wp-json\/wp\/v2\/media?parent=1286"}],"wp:term":[{"taxonomy":"product_brand","embeddable":true,"href":"https:\/\/hortadamaria.com\/en\/wp-json\/wp\/v2\/product_brand?post=1286"},{"taxonomy":"product_cat","embeddable":true,"href":"https:\/\/hortadamaria.com\/en\/wp-json\/wp\/v2\/product_cat?post=1286"},{"taxonomy":"product_tag","embeddable":true,"href":"https:\/\/hortadamaria.com\/en\/wp-json\/wp\/v2\/product_tag?post=1286"}],"curies":[{"name":"wp","href":"https:\/\/api.w.org\/{rel}","templated":true}]}}