{"id":1284,"date":"2025-08-19T11:09:47","date_gmt":"2025-08-19T11:09:47","guid":{"rendered":"https:\/\/hortadamaria.com\/?post_type=product&#038;p=1284"},"modified":"2025-08-19T11:10:28","modified_gmt":"2025-08-19T11:10:28","slug":"farinha-fuba-de-milho-1kg","status":"publish","type":"product","link":"https:\/\/hortadamaria.com\/en\/product\/farinha-fuba-de-milho-1kg\/","title":{"rendered":"Cornmeal Flour (1kg)"},"content":{"rendered":"<p style=\"font-size: 18px; font-family: Arial;\">Nacional Corn Flour is widely used in the preparation of porridge, cakes, bread and also in sauces.<\/p>\n<div class=\"OutlineElement Ltr BCX2 SCXW244225925\">\n<h3 class=\"Paragraph BCX2 SCXW244225925\" lang=\"pt-pt\" style=\"font-weight: normal; font-style: normal; vertical-align: baseline; background-color: transparent; text-align: left; margin-left: 0px; margin-right: 0px; padding-left: 0px; padding-right: 0px; text-indent: 0px;\" xml:lang=\"pt-pt\"><span class=\"TextRun BCX2 SCXW244225925\" lang=\"pt-pt\" style=\"font-weight: bold; font-style: normal; font-size: 13.5pt; font-family: Arial, 'Arial_EmbeddedFont', 'Arial_MSFontService', sans-serif; line-height: 22.6625px;\" xml:lang=\"pt-pt\"><span class=\"NormalTextRun BCX2 SCXW244225925\" style=\"background-color: inherit;\">Name<\/span><\/span><span class=\"EOP BCX2 SCXW244225925\" style=\"font-size: 13.5pt; line-height: 22.6625px; font-family: Arial, 'Arial_EmbeddedFont', 'Arial_MSFontService', sans-serif;\">\u00a0<\/span><\/h3>\n<\/div>\n<div class=\"OutlineElement Ltr BCX2 SCXW244225925\">\n<p class=\"Paragraph BCX2 SCXW244225925\" lang=\"pt-pt\" style=\"font-weight: normal; font-style: normal; vertical-align: baseline; background-color: transparent; text-align: left; margin-left: 0px; margin-right: 0px; padding-left: 0px; padding-right: 0px; text-indent: 0px;\" xml:lang=\"pt-pt\"><span class=\"TextRun BCX2 SCXW244225925\" lang=\"pt-pt\" style=\"font-size: 13.5pt; font-family: Arial, 'Arial_EmbeddedFont', 'Arial_MSFontService', sans-serif; line-height: 22.6625px;\" xml:lang=\"pt-pt\"><span class=\"NormalTextRun BCX2 SCXW244225925\" style=\"background-color: inherit;\">Type 70 Corn Flour for culinary uses\u00a0\u00a0 <\/span><\/span><\/p>\n<\/div>\n<div class=\"OutlineElement Ltr BCX2 SCXW119955089\">\n<h3 class=\"Paragraph BCX2 SCXW119955089\" lang=\"pt-pt\" style=\"font-weight: normal; font-style: normal; vertical-align: baseline; background-color: transparent; text-align: left; margin-left: 0px; margin-right: 0px; padding-left: 0px; padding-right: 0px; text-indent: 0px;\" xml:lang=\"pt-pt\"><span class=\"TextRun BCX2 SCXW119955089\" lang=\"pt-pt\" style=\"font-weight: bold; font-style: normal; font-size: 13.5pt; font-family: Arial, 'Arial_EmbeddedFont', 'Arial_MSFontService', sans-serif; line-height: 22.6625px;\" xml:lang=\"pt-pt\"><span class=\"NormalTextRun BCX2 SCXW119955089\" style=\"background-color: inherit;\">List of Ingredients<\/span><\/span><span class=\"EOP BCX2 SCXW119955089\" style=\"font-size: 13.5pt; line-height: 22.6625px; font-family: Arial, 'Arial_EmbeddedFont', 'Arial_MSFontService', sans-serif;\">\u00a0<\/span><\/h3>\n<\/div>\n<div class=\"OutlineElement Ltr BCX2 SCXW119955089\">\n<p class=\"Paragraph BCX2 SCXW119955089\" lang=\"pt-pt\" style=\"font-weight: normal; font-style: normal; vertical-align: baseline; background-color: transparent; text-align: left; margin-left: 0px; margin-right: 0px; padding-left: 0px; padding-right: 0px; text-indent: 0px;\" xml:lang=\"pt-pt\"><span class=\"TextRun BCX2 SCXW119955089\" lang=\"pt-pt\" style=\"font-size: 12.5pt; font-family: Arial, 'Arial_EmbeddedFont', 'Arial_MSFontService', sans-serif; line-height: 20.5042px;\" xml:lang=\"pt-pt\"><span class=\"NormalTextRun BCX2 SCXW119955089\" style=\"background-color: inherit;\">Type 70 Corn Flour. May contain traces of gluten. May contain traces of cereals containing gluten.\u00a0\u00a0<\/span><\/span><span class=\"LineBreakBlob BlobObject DragDrop BCX2 SCXW119955089\" style=\"font-size: 12.5pt; line-height: 20.5042px; font-family: 'WordVisiCarriageReturn_MSFontService', Arial, 'Arial_EmbeddedFont', 'Arial_MSFontService', sans-serif;\"><br class=\"BCX2 SCXW119955089\" \/><\/span><\/p>\n<\/div>\n<div class=\"OutlineElement Ltr BCX2 SCXW119955089\">\n<h3 class=\"Paragraph BCX2 SCXW119955089\" lang=\"pt-pt\" style=\"font-weight: normal; font-style: normal; vertical-align: baseline; background-color: transparent; text-align: left; margin-left: 0px; margin-right: 0px; padding-left: 0px; padding-right: 0px; text-indent: 0px;\" xml:lang=\"pt-pt\"><span class=\"TextRun BCX2 SCXW119955089\" lang=\"pt-pt\" style=\"font-weight: bold; font-style: normal; font-size: 13.5pt; font-family: Arial, 'Arial_EmbeddedFont', 'Arial_MSFontService', sans-serif; line-height: 22.6625px;\" xml:lang=\"pt-pt\"><span class=\"NormalTextRun BCX2 SCXW119955089\" style=\"background-color: inherit;\">Nutritional Declaration<\/span><\/span><span class=\"EOP BCX2 SCXW119955089\" style=\"font-size: 13.5pt; line-height: 22.6625px; font-family: Arial, 'Arial_EmbeddedFont', 'Arial_MSFontService', sans-serif;\">\u00a0<\/span><\/h3>\n<\/div>\n<div class=\"OutlineElement Ltr BCX2 SCXW119955089\">\n<p class=\"Paragraph BCX2 SCXW119955089\" lang=\"pt-pt\" style=\"font-weight: normal; font-style: normal; vertical-align: baseline; background-color: transparent; text-align: left; margin-left: 0px; margin-right: 0px; padding-left: 0px; padding-right: 0px; text-indent: 0px;\" xml:lang=\"pt-pt\"><span class=\"TextRun BCX2 SCXW119955089\" lang=\"pt-pt\" style=\"font-size: 13.5pt; font-family: Arial, 'Arial_EmbeddedFont', 'Arial_MSFontService', sans-serif; line-height: 22.6625px;\" xml:lang=\"pt-pt\"><span class=\"NormalTextRun BCX2 SCXW119955089\" style=\"background-color: inherit;\">Average nutritional values per 100g: <\/span><\/span><span class=\"EOP BCX2 SCXW119955089\" style=\"font-size: 13.5pt; line-height: 22.6625px; font-family: Arial, 'Arial_EmbeddedFont', 'Arial_MSFontService', sans-serif;\">\u00a0<\/span><\/p>\n<\/div>\n<div class=\"OutlineElement Ltr BCX2 SCXW119955089\">\n<p class=\"Paragraph BCX2 SCXW119955089\" lang=\"pt-pt\" style=\"font-weight: normal; font-style: normal; vertical-align: baseline; background-color: transparent; text-align: left; margin-left: 0px; margin-right: 0px; padding-left: 0px; padding-right: 0px; text-indent: 0px;\" xml:lang=\"pt-pt\"><span class=\"TextRun BCX2 SCXW119955089\" lang=\"pt-pt\" style=\"font-size: 13.5pt; font-family: Arial, 'Arial_EmbeddedFont', 'Arial_MSFontService', sans-serif; line-height: 22.6625px;\" xml:lang=\"pt-pt\"><span class=\"NormalTextRun BCX2 SCXW119955089\" style=\"background-color: inherit;\">Not Prepared: Energy: 1473.00 kJ \/ 348.00 kcal;<\/span><\/span><span class=\"EOP BCX2 SCXW119955089\" style=\"font-size: 13.5pt; line-height: 22.6625px; font-family: Arial, 'Arial_EmbeddedFont', 'Arial_MSFontService', sans-serif;\">\u00a0<\/span><\/p>\n<\/div>\n<div class=\"OutlineElement Ltr BCX2 SCXW119955089\">\n<p class=\"Paragraph BCX2 SCXW119955089\" lang=\"pt-pt\" style=\"font-weight: normal; font-style: normal; vertical-align: baseline; background-color: transparent; text-align: left; margin-left: 0px; margin-right: 0px; padding-left: 0px; padding-right: 0px; text-indent: 0px;\" xml:lang=\"pt-pt\"><span class=\"TextRun BCX2 SCXW119955089\" lang=\"pt-pt\" style=\"font-size: 13.5pt; font-family: Arial, 'Arial_EmbeddedFont', 'Arial_MSFontService', sans-serif; line-height: 22.6625px;\" xml:lang=\"pt-pt\"><span class=\"NormalTextRun BCX2 SCXW119955089\" style=\"background-color: inherit;\">\u00a0Lipids: 3.00 g, Of which saturated fatty acids: 0.40 g; <\/span><\/span><span class=\"EOP BCX2 SCXW119955089\" style=\"font-size: 13.5pt; line-height: 22.6625px; font-family: Arial, 'Arial_EmbeddedFont', 'Arial_MSFontService', sans-serif;\">\u00a0<\/span><\/p>\n<\/div>\n<div class=\"OutlineElement Ltr BCX2 SCXW119955089\">\n<p class=\"Paragraph BCX2 SCXW119955089\" lang=\"pt-pt\" style=\"font-weight: normal; font-style: normal; vertical-align: baseline; background-color: transparent; text-align: left; margin-left: 0px; margin-right: 0px; padding-left: 0px; padding-right: 0px; text-indent: 0px;\" xml:lang=\"pt-pt\"><span class=\"TextRun BCX2 SCXW119955089\" lang=\"pt-pt\" style=\"font-size: 13.5pt; font-family: Arial, 'Arial_EmbeddedFont', 'Arial_MSFontService', sans-serif; line-height: 22.6625px;\" xml:lang=\"pt-pt\"><span class=\"NormalTextRun BCX2 SCXW119955089\" style=\"background-color: inherit;\">Carbohydrates: 70.00 g, <\/span><span class=\"ContextualSpellingAndGrammarError BCX2 SCXW119955089\" style=\"background-color: inherit;\">Of the<\/span><span class=\"NormalTextRun BCX2 SCXW119955089\" style=\"background-color: inherit;\"> which sugars: 2.30 g; <\/span><\/span><span class=\"EOP BCX2 SCXW119955089\" style=\"font-size: 13.5pt; line-height: 22.6625px; font-family: Arial, 'Arial_EmbeddedFont', 'Arial_MSFontService', sans-serif;\">\u00a0<\/span><\/p>\n<\/div>\n<div class=\"OutlineElement Ltr BCX2 SCXW119955089\">\n<p class=\"Paragraph BCX2 SCXW119955089\" lang=\"pt-pt\" style=\"font-weight: normal; font-style: normal; vertical-align: baseline; background-color: transparent; text-align: left; margin-left: 0px; margin-right: 0px; padding-left: 0px; padding-right: 0px; text-indent: 0px;\" xml:lang=\"pt-pt\"><span class=\"TextRun BCX2 SCXW119955089\" lang=\"pt-pt\" style=\"font-size: 13.5pt; font-family: Arial, 'Arial_EmbeddedFont', 'Arial_MSFontService', sans-serif; line-height: 22.6625px;\" xml:lang=\"pt-pt\"><span class=\"NormalTextRun BCX2 SCXW119955089\" style=\"background-color: inherit;\">Fiber: 5.60 g; <\/span><\/span><span class=\"EOP BCX2 SCXW119955089\" style=\"font-size: 13.5pt; line-height: 22.6625px; font-family: Arial, 'Arial_EmbeddedFont', 'Arial_MSFontService', sans-serif;\">\u00a0<\/span><\/p>\n<\/div>\n<div class=\"OutlineElement Ltr BCX2 SCXW119955089\">\n<p class=\"Paragraph BCX2 SCXW119955089\" lang=\"pt-pt\" style=\"font-weight: normal; font-style: normal; vertical-align: baseline; background-color: transparent; text-align: left; margin-left: 0px; margin-right: 0px; padding-left: 0px; padding-right: 0px; text-indent: 0px;\" xml:lang=\"pt-pt\"><span class=\"TextRun BCX2 SCXW119955089\" lang=\"pt-pt\" style=\"font-size: 13.5pt; font-family: Arial, 'Arial_EmbeddedFont', 'Arial_MSFontService', sans-serif; line-height: 22.6625px;\" xml:lang=\"pt-pt\"><span class=\"NormalTextRun BCX2 SCXW119955089\" style=\"background-color: inherit;\">Proteins: 7.70 g; <\/span><\/span><span class=\"EOP BCX2 SCXW119955089\" style=\"font-size: 13.5pt; line-height: 22.6625px; font-family: Arial, 'Arial_EmbeddedFont', 'Arial_MSFontService', sans-serif;\">\u00a0<\/span><\/p>\n<\/div>\n<div class=\"OutlineElement Ltr BCX2 SCXW119955089\">\n<p class=\"Paragraph BCX2 SCXW119955089\" lang=\"pt-pt\" style=\"font-weight: normal; font-style: normal; vertical-align: baseline; background-color: transparent; text-align: left; margin-left: 0px; margin-right: 0px; padding-left: 0px; padding-right: 0px; text-indent: 0px;\" xml:lang=\"pt-pt\"><span class=\"TextRun BCX2 SCXW119955089\" lang=\"pt-pt\" style=\"font-size: 13.5pt; font-family: Arial, 'Arial_EmbeddedFont', 'Arial_MSFontService', sans-serif; line-height: 22.6625px;\" xml:lang=\"pt-pt\"><span class=\"NormalTextRun BCX2 SCXW119955089\" style=\"background-color: inherit;\">Salt: 0.01 g;<\/span><\/span><span class=\"EOP BCX2 SCXW119955089\" style=\"font-size: 13.5pt; line-height: 22.6625px; font-family: Arial, 'Arial_EmbeddedFont', 'Arial_MSFontService', sans-serif;\">\u00a0<\/span><\/p>\n<\/div>\n<div class=\"OutlineElement Ltr BCX2 SCXW119955089\">\n<h3 class=\"Paragraph BCX2 SCXW119955089\" lang=\"pt-pt\" style=\"font-weight: normal; font-style: normal; vertical-align: baseline; background-color: transparent; text-align: left; margin-left: 0px; margin-right: 0px; padding-left: 0px; padding-right: 0px; text-indent: 0px;\" xml:lang=\"pt-pt\"><span class=\"TextRun BCX2 SCXW119955089\" lang=\"pt-pt\" style=\"font-weight: bold; font-style: normal; font-size: 13.5pt; font-family: Arial, 'Arial_EmbeddedFont', 'Arial_MSFontService', sans-serif; line-height: 22.6625px;\" xml:lang=\"pt-pt\"><span class=\"NormalTextRun BCX2 SCXW119955089\" style=\"background-color: inherit;\">Conservation Conditions and\/or <\/span><\/span><span class=\"TextRun BCX2 SCXW119955089\" lang=\"pt-pt\" style=\"font-weight: bold; font-style: normal; font-size: 13.5pt; font-family: Arial, 'Arial_EmbeddedFont', 'Arial_MSFontService', sans-serif; line-height: 22.6625px;\" xml:lang=\"pt-pt\"><span class=\"NormalTextRun BCX2 SCXW119955089\" style=\"background-color: inherit;\">Use<\/span><\/span><span class=\"EOP BCX2 SCXW119955089\" style=\"font-size: 13.5pt; line-height: 22.6625px; font-family: Arial, 'Arial_EmbeddedFont', 'Arial_MSFontService', sans-serif;\">\u00a0<\/span><\/h3>\n<\/div>\n<div class=\"OutlineElement Ltr BCX2 SCXW119955089\">\n<p class=\"Paragraph BCX2 SCXW119955089\" lang=\"pt-pt\" style=\"font-weight: normal; font-style: normal; vertical-align: baseline; background-color: transparent; text-align: left; margin-left: 0px; margin-right: 0px; padding-left: 0px; padding-right: 0px; text-indent: 0px;\" xml:lang=\"pt-pt\"><span class=\"TextRun BCX2 SCXW119955089\" lang=\"pt-pt\" style=\"font-size: 13.5pt; font-family: Arial, 'Arial_EmbeddedFont', 'Arial_MSFontService', sans-serif; line-height: 22.6625px;\" xml:lang=\"pt-pt\"><span class=\"NormalTextRun BCX2 SCXW119955089\" style=\"background-color: inherit;\">Store in a cool, dry place away from light.<\/span><\/span><span class=\"EOP BCX2 SCXW119955089\" style=\"font-size: 13.5pt; line-height: 22.6625px; font-family: Arial, 'Arial_EmbeddedFont', 'Arial_MSFontService', sans-serif;\">\u00a0<\/span><\/p>\n<\/div>\n<div class=\"OutlineElement Ltr BCX2 SCXW119955089\">\n<h3 class=\"Paragraph BCX2 SCXW119955089\" lang=\"pt-pt\" style=\"font-weight: normal; font-style: normal; vertical-align: baseline; background-color: transparent; text-align: left; margin-left: 0px; margin-right: 0px; padding-left: 0px; padding-right: 0px; text-indent: 0px;\" xml:lang=\"pt-pt\"><span class=\"TextRun BCX2 SCXW119955089\" lang=\"pt-pt\" style=\"font-weight: bold; font-style: normal; font-size: 13.5pt; font-family: Arial, 'Arial_EmbeddedFont', 'Arial_MSFontService', sans-serif; line-height: 22.6625px;\" xml:lang=\"pt-pt\"><span class=\"NormalTextRun BCX2 SCXW119955089\" style=\"background-color: inherit;\">Supplier Name or Company and Address<\/span><\/span><span class=\"EOP BCX2 SCXW119955089\" style=\"font-size: 13.5pt; line-height: 22.6625px; font-family: Arial, 'Arial_EmbeddedFont', 'Arial_MSFontService', sans-serif;\">\u00a0<\/span><\/h3>\n<\/div>\n<div class=\"OutlineElement Ltr BCX2 SCXW119955089\">\n<p class=\"Paragraph BCX2 SCXW119955089\" lang=\"pt-pt\" style=\"font-weight: normal; font-style: normal; vertical-align: baseline; background-color: transparent; text-align: left; margin-left: 0px; margin-right: 0px; padding-left: 0px; padding-right: 0px; text-indent: 0px;\" xml:lang=\"pt-pt\"><span class=\"TextRun BCX2 SCXW119955089\" lang=\"pt-pt\" style=\"font-weight: normal; font-style: normal; font-size: 13.5pt; font-family: Arial, 'Arial_EmbeddedFont', 'Arial_MSFontService', sans-serif; line-height: 22.6625px;\" xml:lang=\"pt-pt\"><span class=\"NormalTextRun BCX2 SCXW119955089\" style=\"background-color: inherit;\">Vegetables<\/span><\/span><span class=\"TextRun BCX2 SCXW119955089\" lang=\"pt-pt\" style=\"font-weight: normal; font-style: normal; font-size: 13.5pt; font-family: Arial, 'Arial_EmbeddedFont', 'Arial_MSFontService', sans-serif; line-height: 22.6625px;\" xml:lang=\"pt-pt\"><span class=\"NormalTextRun BCX2 SCXW119955089\" style=\"background-color: inherit;\"> Xana<\/span><\/span><span class=\"EOP BCX2 SCXW119955089\" style=\"font-size: 13.5pt; line-height: 22.6625px; font-family: Arial, 'Arial_EmbeddedFont', 'Arial_MSFontService', sans-serif;\">\u00a0<\/span><\/p>\n<\/div>\n<div class=\"OutlineElement Ltr BCX2 SCXW119955089\">\n<p class=\"Paragraph BCX2 SCXW119955089\" lang=\"pt-pt\" style=\"font-weight: normal; font-style: normal; vertical-align: baseline; background-color: transparent; text-align: left; margin-left: 0px; margin-right: 0px; padding-left: 0px; padding-right: 0px; text-indent: 0px;\" xml:lang=\"pt-pt\"><span class=\"TextRun BCX2 SCXW119955089\" lang=\"pt-pt\" style=\"font-weight: normal; font-style: normal; font-size: 13.5pt; font-family: Arial, 'Arial_EmbeddedFont', 'Arial_MSFontService', sans-serif; line-height: 22.6625px;\" xml:lang=\"pt-pt\"><span class=\"NormalTextRun BCX2 SCXW119955089\" style=\"background-color: inherit;\">Credits Horta da Maria<\/span><\/span><span class=\"EOP BCX2 SCXW119955089\" style=\"font-size: 13.5pt; line-height: 22.6625px; font-family: Arial, 'Arial_EmbeddedFont', 'Arial_MSFontService', sans-serif;\"><br \/>\n<\/span><\/p>\n<\/div>","protected":false},"excerpt":{"rendered":"<p>A Farinha Fuba de Milho da Nacional \u00e9 muito utilizada na elabora\u00e7\u00e3o de papas, bolos, p\u00e3o e tamb\u00e9m em molhos. Denomina\u00e7\u00e3o\u00a0 Farinha de Milho Tipo 70 para usos culin\u00e1rios\u00a0\u00a0 Lista de Ingredientes\u00a0 Farinha de Milho Tipo 70. Pode conter vest\u00edgios de gl\u00faten. Pode conter vest\u00edgios de Cereais que cont\u00eam gl\u00faten.\u00a0\u00a0 Declara\u00e7\u00e3o Nutricional\u00a0 Valores nutricionais m\u00e9dios [&hellip;]<\/p>\n","protected":false},"featured_media":1357,"template":"","meta":[],"product_brand":[],"product_cat":[40,39],"product_tag":[],"class_list":{"0":"post-1284","1":"product","2":"type-product","3":"status-publish","4":"has-post-thumbnail","6":"product_cat-farinhas","7":"product_cat-padaria","9":"first","10":"outofstock","11":"taxable","12":"shipping-taxable","13":"purchasable","14":"product-type-simple"},"aioseo_notices":[],"jetpack_sharing_enabled":true,"_links":{"self":[{"href":"https:\/\/hortadamaria.com\/en\/wp-json\/wp\/v2\/product\/1284","targetHints":{"allow":["GET"]}}],"collection":[{"href":"https:\/\/hortadamaria.com\/en\/wp-json\/wp\/v2\/product"}],"about":[{"href":"https:\/\/hortadamaria.com\/en\/wp-json\/wp\/v2\/types\/product"}],"version-history":[{"count":0,"href":"https:\/\/hortadamaria.com\/en\/wp-json\/wp\/v2\/product\/1284\/revisions"}],"wp:featuredmedia":[{"embeddable":true,"href":"https:\/\/hortadamaria.com\/en\/wp-json\/wp\/v2\/media\/1357"}],"wp:attachment":[{"href":"https:\/\/hortadamaria.com\/en\/wp-json\/wp\/v2\/media?parent=1284"}],"wp:term":[{"taxonomy":"product_brand","embeddable":true,"href":"https:\/\/hortadamaria.com\/en\/wp-json\/wp\/v2\/product_brand?post=1284"},{"taxonomy":"product_cat","embeddable":true,"href":"https:\/\/hortadamaria.com\/en\/wp-json\/wp\/v2\/product_cat?post=1284"},{"taxonomy":"product_tag","embeddable":true,"href":"https:\/\/hortadamaria.com\/en\/wp-json\/wp\/v2\/product_tag?post=1284"}],"curies":[{"name":"wp","href":"https:\/\/api.w.org\/{rel}","templated":true}]}}