{"id":1282,"date":"2025-08-19T11:09:47","date_gmt":"2025-08-19T11:09:47","guid":{"rendered":"https:\/\/hortadamaria.com\/?post_type=product&#038;p=1282"},"modified":"2025-08-19T11:10:25","modified_gmt":"2025-08-19T11:10:25","slug":"farinha-rainha-1kg","status":"publish","type":"product","link":"https:\/\/hortadamaria.com\/en\/product\/farinha-rainha-1kg\/","title":{"rendered":"Rainha Flour (1kg)"},"content":{"rendered":"<p style=\"font-size: 18px; font-family: Arial;\">Wheat flour is made from milled wheat. Among grains, wheat flour is unique in its remarkable ability to produce gluten, a protein that gives dough its strength and elasticity and influences the texture of breads and cakes.<\/p>\n<p style=\"font-size: 18px; font-family: Arial;\">Other grains that produce gluten are rye and barley.<\/p>\n<p style=\"font-size: 18px; font-family: Arial;\">The gluten content of flour depends on whether the flour is made from durum wheat or common wheat (soft wheat or common wheat); durum wheats are richer in protein than soft wheats and thus produce more gluten.<\/p>\n<p style=\"font-size: 18px; font-family: Arial;\">Most flours are a mixture of hard and soft wheat.<\/p>\n<h3 style=\"font-size: 18px; font-family: Arial;\"><strong>Ingredients<\/strong>:<\/h3>\n<p style=\"font-size: 18px; font-family: Arial;\">WHEAT flour (GLUTEN) and yeast (3%) (raising agent: disodium diphosphate (E450i) and sodium bicarbonate (E500))<\/p>\n<h3 style=\"font-size: 18px; font-family: Arial;\"><strong>Average nutritional values per 100g:<\/strong><\/h3>\n<p style=\"font-size: 18px; font-family: Arial;\">Unprepared: Energy: 1421.00 kJ \/ 335.00 kcal; Fat: 1.00 g, Of which saturated fatty acids: 0.30 g; Carbohydrates: 71.00 g, Of which sugars: 2.00 g; Fiber: 3.00 g; Protein: 9.00 g; Salt: 2.00 g<\/p>\n<p style=\"font-size: 18px; font-family: Arial;\">Self-Raising Wheat Flour (with Yeast) for Culinary Uses<\/p>\n<p style=\"font-size: 18px; font-family: Arial;\">Store in a cool, dry place, away from light. Keep the packaging closed after each use.<\/p>\n<p style=\"font-size: 18px; font-family: Arial;\"><span style=\"color: #222222;\">Name or Company and Address of Supplier Hort\u00edcolas Xana<\/span><\/p>\n<p style=\"font-size: 18px; font-family: Arial;\">Credits cozinhatecnica<\/p>","protected":false},"excerpt":{"rendered":"<p>A farinha de trigo \u00e9 feita a partir da moagem do trigo.\u00a0Entre os gr\u00e3os, a farinha de trigo \u00e9 \u00fanica em sua grande capacidade de produzir gl\u00faten, uma prote\u00edna que d\u00e1 for\u00e7a e elasticidade \u00e0 massa e influencia a textura dos p\u00e3es e bolos. Outros gr\u00e3os que poduzem gl\u00faten s\u00e3o o centeio e a cevada. [&hellip;]<\/p>\n","protected":false},"featured_media":1351,"template":"","meta":[],"product_brand":[],"product_cat":[40,39],"product_tag":[],"class_list":{"0":"post-1282","1":"product","2":"type-product","3":"status-publish","4":"has-post-thumbnail","6":"product_cat-farinhas","7":"product_cat-padaria","9":"first","10":"outofstock","11":"taxable","12":"shipping-taxable","13":"purchasable","14":"product-type-simple"},"aioseo_notices":[],"jetpack_sharing_enabled":true,"_links":{"self":[{"href":"https:\/\/hortadamaria.com\/en\/wp-json\/wp\/v2\/product\/1282","targetHints":{"allow":["GET"]}}],"collection":[{"href":"https:\/\/hortadamaria.com\/en\/wp-json\/wp\/v2\/product"}],"about":[{"href":"https:\/\/hortadamaria.com\/en\/wp-json\/wp\/v2\/types\/product"}],"version-history":[{"count":0,"href":"https:\/\/hortadamaria.com\/en\/wp-json\/wp\/v2\/product\/1282\/revisions"}],"wp:featuredmedia":[{"embeddable":true,"href":"https:\/\/hortadamaria.com\/en\/wp-json\/wp\/v2\/media\/1351"}],"wp:attachment":[{"href":"https:\/\/hortadamaria.com\/en\/wp-json\/wp\/v2\/media?parent=1282"}],"wp:term":[{"taxonomy":"product_brand","embeddable":true,"href":"https:\/\/hortadamaria.com\/en\/wp-json\/wp\/v2\/product_brand?post=1282"},{"taxonomy":"product_cat","embeddable":true,"href":"https:\/\/hortadamaria.com\/en\/wp-json\/wp\/v2\/product_cat?post=1282"},{"taxonomy":"product_tag","embeddable":true,"href":"https:\/\/hortadamaria.com\/en\/wp-json\/wp\/v2\/product_tag?post=1282"}],"curies":[{"name":"wp","href":"https:\/\/api.w.org\/{rel}","templated":true}]}}