{"id":1280,"date":"2025-08-19T11:09:46","date_gmt":"2025-08-19T11:09:46","guid":{"rendered":"https:\/\/hortadamaria.com\/?post_type=product&#038;p=1280"},"modified":"2025-08-19T11:10:21","modified_gmt":"2025-08-19T11:10:21","slug":"farinha-trigo-extra-fina-1kg","status":"publish","type":"product","link":"https:\/\/hortadamaria.com\/en\/product\/farinha-trigo-extra-fina-1kg\/","title":{"rendered":"Extra Fine Wheat Flour (1kg)"},"content":{"rendered":"<p style=\"margin: 0px 0px 28px; padding: 0px; font-family: MyriadProRegular, Helvetica, Arial, sans-serif; font-size: 18px; color: #58595b;\">With selected wheat, Nacional&#039;s Extra Fine Flour without yeast is even finer, whiter and purer.<\/p>\n<p style=\"margin: 0px 0px 28px; padding: 0px; font-family: MyriadProRegular, Helvetica, Arial, sans-serif; font-size: 18px; color: #58595b;\">Ideal for making cakes, pastries, pies, and cookies, try it and add a special touch to your recipes, making them even more delicious and refined.<\/p>\n<h3 style=\"margin: 0px 0px 28px; padding: 0px; font-family: MyriadProRegular, Helvetica, Arial, sans-serif; font-size: 19px; color: #58595b;\"><span style=\"color: #363636; font-family: 'SanaSansAlt-Medium', sans-serif; font-size: 18px;\"><strong>Average nutritional values per 100g:<\/strong> <\/span><\/h3>\n<p style=\"margin: 0px 0px 28px; padding: 0px; font-family: MyriadProRegular, Helvetica, Arial, sans-serif; font-size: 19px; color: #58595b;\"><span style=\"color: #363636; font-family: 'SanaSansAlt-Medium', sans-serif; font-size: 18px;\">Unprepared: Energy: 1483.00 kJ \/ 350.00 kcal; Fat: 1.00 g, Of which saturated fatty acids: 0.30 g; Carbohydrates: 74.00 g, Of which sugars: 3.00 g; Fiber: 2.30 g; Protein: 10.00 g; Salt: 0.03 g\u00a0<\/span><\/p>\n<h3 style=\"margin: 0px 0px 28px; padding: 0px; font-family: MyriadProRegular, Helvetica, Arial, sans-serif; font-size: 19px; color: #58595b;\"><span style=\"color: #363636; font-family: 'SanaSansAlt-Medium', sans-serif; font-size: 18px;\"><strong>Ingredients<\/strong>: <\/span><\/h3>\n<p style=\"margin: 0px 0px 28px; padding: 0px; font-family: MyriadProRegular, Helvetica, Arial, sans-serif; font-size: 19px; color: #58595b;\"><span style=\"color: #363636; font-family: 'SanaSansAlt-Medium', sans-serif; font-size: 18px;\">WHEAT Flour (GLUTEN) Type 55\u00a0<\/span><\/p>\n<p style=\"margin: 0px 0px 28px; padding: 0px; font-family: MyriadProRegular, Helvetica, Arial, sans-serif; font-size: 19px; color: #58595b;\"><span style=\"color: #363636; font-family: 'SanaSansAlt-Medium', sans-serif; font-size: 18px;\">Type 55 Wheat Flour for Culinary Uses\u00a0<\/span><\/p>\n<p style=\"margin: 0px 0px 28px; padding: 0px; font-family: MyriadProRegular, Helvetica, Arial, sans-serif; font-size: 19px; color: #58595b;\"><span style=\"color: #363636; font-family: 'SanaSansAlt-Medium', sans-serif; font-size: 18px;\">Store in a cool, dry place away from light.\u00a0<\/span><\/p>\n<p style=\"margin: 0px 0px 28px; padding: 0px; font-family: MyriadProRegular, Helvetica, Arial, sans-serif; font-size: 19px; color: #58595b;\"><span style=\"color: #363636; font-family: 'SanaSansAlt-Medium', sans-serif; font-size: 18px;\"><span style=\"color: #222222; font-family: sans-serif;\"><span style=\"font-family: Arial; font-size: 18px;\">Name or Company and Address of Supplier Hort\u00edcolas Xana<\/span><\/span><\/span><\/p>\n<p style=\"margin: 0px 0px 28px; padding: 0px; font-family: MyriadProRegular, Helvetica, Arial, sans-serif; font-size: 16px; color: #58595b;\"><span style=\"color: #363636; font-family: 'SanaSansAlt-Medium', sans-serif; font-size: 18px;\">Auchan\/National Credits<\/span><\/p>","protected":false},"excerpt":{"rendered":"<p>Com trigos selecionados, a Farinha Extra Fina da Nacional sem fermento est\u00e1 ainda mais fina, mais branca e mais pura. Ideal para a confe\u00e7\u00e3o de bolos, massas, tartes e biscoitos, experimente e d\u00ea um toque especial \u00e0s suas receitas, tornando-as ainda mais deliciosas e requintadas. Valores nutricionais m\u00e9dios por 100g: N\u00e3o Preparado: Energia: 1483.00 kJ [&hellip;]<\/p>\n","protected":false},"featured_media":1346,"template":"","meta":[],"product_brand":[],"product_cat":[40,39],"product_tag":[],"class_list":{"0":"post-1280","1":"product","2":"type-product","3":"status-publish","4":"has-post-thumbnail","6":"product_cat-farinhas","7":"product_cat-padaria","9":"first","10":"outofstock","11":"taxable","12":"shipping-taxable","13":"purchasable","14":"product-type-simple"},"aioseo_notices":[],"jetpack_sharing_enabled":true,"_links":{"self":[{"href":"https:\/\/hortadamaria.com\/en\/wp-json\/wp\/v2\/product\/1280","targetHints":{"allow":["GET"]}}],"collection":[{"href":"https:\/\/hortadamaria.com\/en\/wp-json\/wp\/v2\/product"}],"about":[{"href":"https:\/\/hortadamaria.com\/en\/wp-json\/wp\/v2\/types\/product"}],"version-history":[{"count":0,"href":"https:\/\/hortadamaria.com\/en\/wp-json\/wp\/v2\/product\/1280\/revisions"}],"wp:featuredmedia":[{"embeddable":true,"href":"https:\/\/hortadamaria.com\/en\/wp-json\/wp\/v2\/media\/1346"}],"wp:attachment":[{"href":"https:\/\/hortadamaria.com\/en\/wp-json\/wp\/v2\/media?parent=1280"}],"wp:term":[{"taxonomy":"product_brand","embeddable":true,"href":"https:\/\/hortadamaria.com\/en\/wp-json\/wp\/v2\/product_brand?post=1280"},{"taxonomy":"product_cat","embeddable":true,"href":"https:\/\/hortadamaria.com\/en\/wp-json\/wp\/v2\/product_cat?post=1280"},{"taxonomy":"product_tag","embeddable":true,"href":"https:\/\/hortadamaria.com\/en\/wp-json\/wp\/v2\/product_tag?post=1280"}],"curies":[{"name":"wp","href":"https:\/\/api.w.org\/{rel}","templated":true}]}}